{"id":5516,"date":"2024-03-22T11:32:08","date_gmt":"2024-03-22T09:32:08","guid":{"rendered":"https:\/\/avalonresort.siteapp.hu\/rendezvenyhelyszin\/"},"modified":"2025-02-19T13:37:36","modified_gmt":"2025-02-19T12:37:36","slug":"miesta-konania","status":"publish","type":"page","link":"https:\/\/avalonresort.siteapp.hu\/sk\/miesta-konania\/","title":{"rendered":"Miesta konania"},"content":{"rendered":"<section class=\"l-section wpb_row us_custom_4bb21624 has_text_color us_animate_this height_custom full_height valign_bottom with_slider\"><div class=\"l-section-slider\"><div class=\"w-slider style_none fit_cover nav_none count_2\"><div class=\"w-slider-h\"><div class=\"royalSlider\"><div class=\"rsContent\"><a class=\"rsImg\" data-rsw=\"2000\" data-rsh=\"1333\" href=\"https:\/\/avalonresort.siteapp.hu\/wp-content\/uploads\/2024\/03\/Konferencia-kozpont-terasz.jpg\"><span data-alt=\"\"><\/span><\/a><\/div><div class=\"rsContent\"><a class=\"rsImg\" data-rsw=\"2000\" data-rsh=\"1333\" href=\"https:\/\/avalonresort.siteapp.hu\/wp-content\/uploads\/2024\/03\/Konferencia-kozpont-galeria.jpg\"><span data-alt=\"\"><\/span><\/a><\/div><\/div><img decoding=\"async\" src=\"https:\/\/avalonresort.siteapp.hu\/wp-content\/uploads\/2024\/03\/Konferencia-kozpont-terasz.jpg\" width=\"2000\" height=\"1333\" alt loading=\"lazy\"><\/div><div class=\"w-slider-json\" onclick='return {&quot;autoScaleSlider&quot;:true,&quot;addActiveClass&quot;:true,&quot;loop&quot;:true,&quot;fadeInLoadedSlide&quot;:false,&quot;slidesSpacing&quot;:0,&quot;imageScalePadding&quot;:0,&quot;numImagesToPreload&quot;:2,&quot;arrowsNav&quot;:false,&quot;arrowsNavAutoHide&quot;:false,&quot;transitionType&quot;:&quot;fade&quot;,&quot;transitionSpeed&quot;:1000,&quot;block&quot;:{&quot;moveEffect&quot;:&quot;none&quot;,&quot;speed&quot;:300},&quot;thumbs&quot;:{&quot;fitInViewport&quot;:false,&quot;firstMargin&quot;:false,&quot;spacing&quot;:4},&quot;controlNavigation&quot;:&quot;none&quot;,&quot;autoplay&quot;:{&quot;enabled&quot;:true,&quot;pauseOnHover&quot;:false,&quot;delay&quot;:3000},&quot;autoScaleSliderWidth&quot;:2000,&quot;autoScaleSliderHeight&quot;:1333}'><\/div><\/div><\/div><div class=\"l-section-overlay\" style=\"background:linear-gradient(0deg,rgba(0,0,0,0.45),rgba(0,0,0,0.00))\"><\/div><div class=\"l-section-h i-cf\"><div class=\"g-cols vc_row via_grid cols_1 laptops-cols_inherit tablets-cols_inherit mobiles-cols_1 valign_bottom type_default stacking_default\"><div class=\"wpb_column vc_column_container us_custom_0ccc3812\"><div class=\"vc_column-inner\"><h1 class=\"w-post-elm post_title us_custom_9a28611d us_animate_this align_left entry-title\">Miesta konania<\/h1><style data-type=\"us_custom-css\">.line{position:absolute;width:2px;height:0px;background-color:#fff;top:0; animation:line-animation 2.5s ease-in-out 0s infinite normal;display:flex;flex-direction:column;justify-content:center;align-items:center;}@keyframes line-animation{ 0%{transform:scaleY(0);opacity:0;transform-origin:top}50%{transform:scaleY(1);opacity:1}100%{transform:scaleY(0);opacity:0;transform-origin:bottom}}@keyframes arrow-animation{0%{opacity:0}50%{opacity:1}100%{opacity:0}}<\/style><section class=\"l-section wpb_row us_custom_f9d98897 line-container height_auto width_custom\" style=\"--site-content-width:1px;\"><div class=\"l-section-h i-cf\"><div class=\"g-cols vc_row via_grid cols_1 laptops-cols_inherit tablets-cols_inherit mobiles-cols_1 valign_top type_default stacking_default\"><div class=\"wpb_column vc_column_container line\"><div class=\"vc_column-overlay\" style=\"background:var(--color-content-bg)\"><\/div><div class=\"vc_column-inner\"><\/div><\/div><\/div><\/div><\/section>\n<\/div><\/div><\/div><\/div><\/section><section class=\"l-section wpb_row height_custom\"><div class=\"l-section-h i-cf\"><div class=\"g-cols vc_row via_grid cols_1 laptops-cols_inherit tablets-cols_inherit mobiles-cols_1 valign_middle type_default stacking_default\" style=\"--columns-gap:6rem;\"><div class=\"wpb_column vc_column_container\"><div class=\"vc_column-inner\"><div class=\"w-image us_custom_599f2ac2 hide_on_default hide_on_laptops has_ratio align_none\"><div class=\"w-image-h\"><div style=\"padding-bottom:42.8571%\"><\/div><img decoding=\"async\" width=\"1920\" height=\"1280\" src=\"https:\/\/avalonresort.siteapp.hu\/wp-content\/uploads\/2024\/03\/Konferencia-kozpont-terem.jpg\" class=\"attachment-full size-full\" alt=\"\" loading=\"lazy\" \/><\/div><\/div><h4 class=\"w-text us_custom_1aa5db1b us_animate_this\"><span class=\"w-text-h\"><span class=\"w-text-value\">Exkluz\u00edvne miesta konania podujat\u00ed v rezorte Avalon Resort &amp; SPA***** Superior s\u00fa ide\u00e1lnou vo\u013ebou pre stretnutia, porady, teambuildingov\u00e9 programy, konferencie a obchodn\u00e9 rokovania.<\/span><\/span><\/h4><div class=\"w-separator size_small\"><\/div><div class=\"wpb_text_column us_custom_1aa5db1b us_animate_this\"><div class=\"wpb_wrapper\"><p>Modern\u00e9 a elegantn\u00e9 prostredie hotela, ktor\u00fd sa nach\u00e1dza v bl\u00edzkosti pr\u00edrody, vytv\u00e1ra ve\u013emi in\u0161pirat\u00edvnu a kreat\u00edvnu atmosf\u00e9ru pre podujatia. N\u00e1\u0161 t\u00edm profesion\u00e1lnych pl\u00e1nova\u010dov podujat\u00ed v\u00e1m pom\u00f4\u017ee na ka\u017edom kroku, aby bolo va\u0161e podujatie dokonal\u00e9.<\/p>\n<\/div><\/div><div class=\"w-separator size_medium\"><\/div><div class=\"w-image hide_on_tablets hide_on_mobiles has_ratio align_none\"><div class=\"w-image-h\"><div style=\"padding-bottom:42.8571%\"><\/div><img decoding=\"async\" width=\"1920\" height=\"1280\" src=\"https:\/\/avalonresort.siteapp.hu\/wp-content\/uploads\/2024\/03\/Konferencia-kozpont-terem.jpg\" class=\"attachment-full size-full\" alt=\"\" loading=\"lazy\" \/><\/div><\/div><\/div><\/div><\/div><\/div><\/section><section class=\"l-section wpb_row us_custom_c70c97eb height_custom\"><div class=\"l-section-h i-cf\"><div class=\"g-cols vc_row via_grid cols_1 laptops-cols_inherit tablets-cols_inherit mobiles-cols_1 valign_middle type_default stacking_default\" style=\"--columns-gap:6rem;--laptops-columns-gap:6rem;--tablets-columns-gap:6rem;--mobiles-columns-gap:3rem;\"><div class=\"wpb_column vc_column_container\"><div class=\"vc_column-inner\"><h4 class=\"w-text us_custom_9543ab61 us_animate_this\"><span class=\"w-text-h\"><span class=\"w-text-value\">\u00daspe\u0161n\u00e9 podujatia v luxusnom prostred\u00ed<\/span><\/span><\/h4><div class=\"w-separator size_medium\"><\/div><div class=\"g-cols wpb_row us_custom_a1a07e38 via_grid cols_3 laptops-cols_inherit tablets-cols_inherit mobiles-cols_1 valign_top type_default stacking_default\" style=\"--columns-gap:3rem;--laptops-columns-gap:3rem;--tablets-columns-gap:0.5rem;--mobiles-columns-gap:0.5rem;\"><div class=\"wpb_column vc_column_container\"><div class=\"vc_column-inner\"><div class=\"w-iconbox us_custom_7d1b7a0c us_animate_this iconpos_left style_default color_primary align_left no_title\"><div class=\"w-iconbox-icon\" style=\"font-size:1.3rem;\"><i class=\"fal fa-check-circle\"><\/i><\/div><div class=\"w-iconbox-meta\"><div class=\"w-iconbox-text\"><p><strong>Jednoduch\u00e1 a r\u00fdchla dostupnos\u0165:<\/strong> Avalon Resort sa nach\u00e1dza len 1,5 hodiny jazdy autom z Budape\u0161ti.<\/p>\n<\/div><\/div><\/div><\/div><\/div><div class=\"wpb_column vc_column_container\"><div class=\"vc_column-inner\"><div class=\"w-iconbox us_custom_7d1b7a0c us_animate_this iconpos_left style_default color_primary align_left no_title\"><div class=\"w-iconbox-icon\" style=\"font-size:1.3rem;\"><i class=\"fal fa-check-circle\"><\/i><\/div><div class=\"w-iconbox-meta\"><div class=\"w-iconbox-text\"><p><strong>Dve re\u0161taur\u00e1cie v are\u00e1li rezortu:<\/strong> od klasick\u00fdch jed\u00e1l a\u017e po jedine\u010dn\u00e9 gastronomick\u00e9 \u0161peciality &#8211; na\u0161e menu pon\u00faka nie\u010do pre ka\u017ed\u00fd vkus a o\u010dak\u00e1vania host\u00ed.<\/p>\n<\/div><\/div><\/div><\/div><\/div><div class=\"wpb_column vc_column_container\"><div class=\"vc_column-inner\"><div class=\"w-iconbox us_custom_7d1b7a0c us_animate_this iconpos_left style_default color_primary align_left no_title\"><div class=\"w-iconbox-icon\" style=\"font-size:1.3rem;\"><i class=\"fal fa-check-circle\"><\/i><\/div><div class=\"w-iconbox-meta\"><div class=\"w-iconbox-text\"><p><strong>Vn\u00fatorn\u00e9 a vonkaj\u0161ie wellness slu\u017eby:<\/strong> rozmazn\u00e1vaj\u00face mas\u00e1\u017ee a proced\u00fary, z\u00e1\u017eitkov\u00e9 baz\u00e9ny, v\u00edrivky a rozsiahly saunov\u00fd svet v\u00e1m pom\u00f4\u017eu naplno relaxova\u0165.<\/p>\n<\/div><\/div><\/div><\/div><\/div><\/div><div class=\"g-cols wpb_row via_grid cols_3 laptops-cols_inherit tablets-cols_inherit mobiles-cols_1 valign_top type_default stacking_default\" style=\"--columns-gap:3rem;--laptops-columns-gap:3rem;--tablets-columns-gap:0.5rem;--mobiles-columns-gap:0.5rem;\"><div class=\"wpb_column vc_column_container\"><div class=\"vc_column-inner\"><div class=\"w-iconbox us_custom_7d1b7a0c us_animate_this iconpos_left style_default color_primary align_left no_title\"><div class=\"w-iconbox-icon\" style=\"font-size:1.3rem;\"><i class=\"fal fa-check-circle\"><\/i><\/div><div class=\"w-iconbox-meta\"><div class=\"w-iconbox-text\"><p><strong>\u0160irok\u00fd v\u00fdber izieb:<\/strong> vyberte si z r\u00f4znych \u0161t\u00fdlov, ve\u013ekost\u00ed a vybavenia izieb, ktor\u00e9 s\u00fa stelesnen\u00edm luxusu, elegancie a pohodlia.<\/p>\n<\/div><\/div><\/div><\/div><\/div><div class=\"wpb_column vc_column_container\"><div class=\"vc_column-inner\"><div class=\"w-iconbox us_custom_47474b22 us_animate_this iconpos_left style_default color_primary align_left no_title\"><div class=\"w-iconbox-icon\" style=\"font-size:1.3rem;\"><i class=\"fal fa-check-circle\"><\/i><\/div><div class=\"w-iconbox-meta\"><div class=\"w-iconbox-text\"><p><strong>Programy na teambuilding:<\/strong> individu\u00e1lne programy, aktivity na budovanie komunity, adrenal\u00ednov\u00e9 preteky na motok\u00e1rach, jazdy na e-bikoch, tematick\u00e9 ochutn\u00e1vky v\u00edna a oddychov\u00e9 miestnosti pom\u00e1haj\u00fa rozv\u00edja\u0165 s\u00fadr\u017enos\u0165 t\u00edmu.<\/p>\n<\/div><\/div><\/div><\/div><\/div><div class=\"wpb_column vc_column_container\"><div class=\"vc_column-inner\"><\/div><\/div><\/div><\/div><\/div><\/div><\/div><\/section><section class=\"l-section wpb_row height_custom\"><div class=\"l-section-h i-cf\"><div class=\"g-cols vc_row via_grid cols_1 laptops-cols_inherit tablets-cols_inherit mobiles-cols_1 valign_middle type_default stacking_default\" style=\"--columns-gap:6rem;\"><div class=\"wpb_column vc_column_container\"><div class=\"vc_column-inner\"><div class=\"w-image us_custom_599f2ac2 hide_on_default hide_on_laptops has_ratio align_none\"><div class=\"w-image-h\"><div style=\"padding-bottom:42.8571%\"><\/div><img decoding=\"async\" width=\"1920\" height=\"1280\" src=\"https:\/\/avalonresort.siteapp.hu\/wp-content\/uploads\/2024\/03\/Resort-terem.jpg\" class=\"attachment-full size-full\" alt=\"\" loading=\"lazy\" \/><\/div><\/div><h4 class=\"w-text us_custom_1aa5db1b us_animate_this\"><span class=\"w-text-h\"><span class=\"w-text-value\">Miesta, ktor\u00e9 s\u00fa k dispoz\u00edcii na pren\u00e1jom<\/span><\/span><\/h4><div class=\"w-separator size_medium\"><\/div><div class=\"w-iconbox us_custom_7d1b7a0c us_animate_this iconpos_left style_default color_primary align_left no_title\"><div class=\"w-iconbox-icon\" style=\"font-size:1.3rem;\"><i class=\"fal fa-check-circle\"><\/i><\/div><div class=\"w-iconbox-meta\"><div class=\"w-iconbox-text\"><p><strong>Konferen\u010dn\u00e9 centrum Avalon:<\/strong> s\u00fakromn\u00e1 konferen\u010dn\u00e1 miestnos\u0165 s rozlohou 180 m\u00b2 v samostatnej budove s kapacitou 200 os\u00f4b a ve\u013ekou terasou. Miestnos\u0165 je vybaven\u00e1 mimoriadne ve\u013ekou videostenou.<\/p>\n<\/div><\/div><\/div><div class=\"w-iconbox us_custom_7d1b7a0c us_animate_this iconpos_left style_default color_primary align_left no_title\"><div class=\"w-iconbox-icon\" style=\"font-size:1.3rem;\"><i class=\"fal fa-check-circle\"><\/i><\/div><div class=\"w-iconbox-meta\"><div class=\"w-iconbox-text\"><p><strong>S\u00fakromn\u00e1 miestnos\u0165 Avalon Resort &amp; SPA:<\/strong> nach\u00e1dza sa na pr\u00edzem\u00ed hlavnej budovy rezortu, t\u00e1to miestnos\u0165 s rozlohou 90 m\u00b2 m\u00e1 kapacitu 60 os\u00f4b a ve\u013ek\u00fa terasu. Miestnos\u0165 je vybaven\u00e1 Full HD projektorom a motorizovan\u00fdm pl\u00e1tnom.<\/p>\n<\/div><\/div><\/div><div class=\"w-iconbox us_custom_7d1b7a0c us_animate_this iconpos_left style_default color_primary align_left no_title\"><div class=\"w-iconbox-icon\" style=\"font-size:1.3rem;\"><i class=\"fal fa-check-circle\"><\/i><\/div><div class=\"w-iconbox-meta\"><div class=\"w-iconbox-text\"><p><strong>Vino Salone:<\/strong> exkluz\u00edvny v\u00ednny sal\u00f3n s rozlohou 100 m\u00b2, kde v\u00fdber stoviek v\u00edn z 5 kontinentov sveta pon\u00faka bezkonkuren\u010dn\u00fd z\u00e1\u017eitok.<\/p>\n<\/div><\/div><\/div><div class=\"w-separator size_medium\"><\/div><div class=\"w-image hide_on_tablets hide_on_mobiles has_ratio align_none\"><div class=\"w-image-h\"><div style=\"padding-bottom:42.8571%\"><\/div><img decoding=\"async\" width=\"1920\" height=\"1280\" src=\"https:\/\/avalonresort.siteapp.hu\/wp-content\/uploads\/2024\/03\/Resort-terem.jpg\" class=\"attachment-full size-full\" alt=\"\" loading=\"lazy\" \/><\/div><\/div><\/div><\/div><\/div><\/div><\/section><section class=\"l-section wpb_row height_auto\"><div class=\"l-section-h i-cf\"><div class=\"g-cols vc_row via_grid cols_1 laptops-cols_inherit tablets-cols_inherit mobiles-cols_1 valign_top type_default stacking_default\"><div class=\"wpb_column vc_column_container\"><div class=\"vc_column-inner\"><div class=\"w-separator size_small with_line width_default thick_1 style_solid color_border align_center\"><div class=\"w-separator-h\"><\/div><\/div><\/div><\/div><\/div><\/div><\/section><section class=\"l-section wpb_row us_custom_e11ab399 height_custom\"><div class=\"l-section-h i-cf\"><div class=\"g-cols vc_row via_grid cols_1 laptops-cols_inherit tablets-cols_inherit mobiles-cols_1 valign_middle type_default stacking_default\" style=\"--columns-gap:6rem;\"><div class=\"wpb_column vc_column_container\"><div class=\"vc_column-inner\"><h4 class=\"w-text us_custom_1aa5db1b us_animate_this\"><span class=\"w-text-h\"><span class=\"w-text-value\">Technick\u00e9 vybavenie konferen\u010dn\u00fdch miestnost\u00ed:<\/span><\/span><\/h4><div class=\"w-separator size_medium\"><\/div><\/div><\/div><\/div><\/div><\/section><section class=\"l-section wpb_row us_custom_b03640aa height_custom\"><div class=\"l-section-h i-cf\"><div class=\"g-cols vc_row via_grid cols_1 laptops-cols_inherit tablets-cols_inherit mobiles-cols_1 valign_top type_default stacking_default\"><div class=\"wpb_column vc_column_container\"><div class=\"vc_column-inner\"><div class=\"g-cols wpb_row us_custom_a1a07e38 via_grid cols_3 laptops-cols_inherit tablets-cols_inherit mobiles-cols_1 valign_top type_default stacking_default\" style=\"--columns-gap:3rem;--laptops-columns-gap:3rem;--tablets-columns-gap:0.5rem;--mobiles-columns-gap:0.5rem;\"><div class=\"wpb_column vc_column_container\"><div class=\"vc_column-inner\"><div class=\"w-iconbox us_custom_47474b22 us_animate_this iconpos_left style_default color_primary align_left no_title\"><div class=\"w-iconbox-icon\" style=\"font-size:1.3rem;\"><i class=\"fal fa-check-circle\"><\/i><\/div><div class=\"w-iconbox-meta\"><div class=\"w-iconbox-text\"><p>modern\u00e9 audiovizu\u00e1lne vybavenie<\/p>\n<\/div><\/div><\/div><\/div><\/div><div class=\"wpb_column vc_column_container\"><div class=\"vc_column-inner\"><div class=\"w-iconbox us_custom_47474b22 us_animate_this iconpos_left style_default color_primary align_left no_title\"><div class=\"w-iconbox-icon\" style=\"font-size:1.3rem;\"><i class=\"fal fa-check-circle\"><\/i><\/div><div class=\"w-iconbox-meta\"><div class=\"w-iconbox-text\"><p>notebook k dispoz\u00edcii na po\u017eiadanie<\/p>\n<\/div><\/div><\/div><\/div><\/div><div class=\"wpb_column vc_column_container\"><div class=\"vc_column-inner\"><div class=\"w-iconbox us_custom_47474b22 us_animate_this iconpos_left style_default color_primary align_left no_title\"><div class=\"w-iconbox-icon\" style=\"font-size:1.3rem;\"><i class=\"fal fa-check-circle\"><\/i><\/div><div class=\"w-iconbox-meta\"><div class=\"w-iconbox-text\"><p>flipchart a pinboard<\/p>\n<\/div><\/div><\/div><\/div><\/div><\/div><div class=\"g-cols wpb_row via_grid cols_3 laptops-cols_inherit tablets-cols_inherit mobiles-cols_1 valign_top type_default stacking_default\" style=\"--columns-gap:3rem;--laptops-columns-gap:3rem;--tablets-columns-gap:0.5rem;--mobiles-columns-gap:0.5rem;\"><div class=\"wpb_column vc_column_container\"><div class=\"vc_column-inner\"><div class=\"w-iconbox us_custom_47474b22 us_animate_this iconpos_left style_default color_primary align_left no_title\"><div class=\"w-iconbox-icon\" style=\"font-size:1.3rem;\"><i class=\"fal fa-check-circle\"><\/i><\/div><div class=\"w-iconbox-meta\"><div class=\"w-iconbox-text\"><p>high-tech ozvu\u010denie s asistenciou kvalifikovan\u00e9ho technika<\/p>\n<\/div><\/div><\/div><\/div><\/div><div class=\"wpb_column vc_column_container\"><div class=\"vc_column-inner\"><div class=\"w-iconbox us_custom_47474b22 us_animate_this iconpos_left style_default color_primary align_left no_title\"><div class=\"w-iconbox-icon\" style=\"font-size:1.3rem;\"><i class=\"fal fa-check-circle\"><\/i><\/div><div class=\"w-iconbox-meta\"><div class=\"w-iconbox-text\"><p>bezplatn\u00e9 WIFI pripojenie v celom parku<\/p>\n<\/div><\/div><\/div><\/div><\/div><div class=\"wpb_column vc_column_container\"><div class=\"vc_column-inner\"><\/div><\/div><\/div><div class=\"w-separator size_large\"><\/div><div class=\"g-cols wpb_row via_grid cols_1 laptops-cols_inherit tablets-cols_inherit mobiles-cols_1 valign_top type_default stacking_default\" style=\"--columns-gap:3rem;\"><div class=\"wpb_column vc_column_container\"><div class=\"vc_column-inner\"><h4 class=\"w-text us_custom_1aa5db1b us_animate_this\"><span class=\"w-text-h\"><span class=\"w-text-value\">Kontakt<\/span><\/span><\/h4><div class=\"w-separator size_small\"><\/div><div class=\"wpb_text_column\"><div class=\"wpb_wrapper\"><p><strong>Dud\u00e1s Istv\u00e1n<\/strong><br \/>\nSales a marketing manager<br \/>\n<a href=\"tel:06204974554\">06-20\/497-4554<\/a><br \/>\n<a href=\"mailto:ertekesites@avalonpark.hu\">ertekesites@avalonpark.hu<\/a><\/p>\n<\/div><\/div><div class=\"w-separator size_medium\"><\/div><div class=\"w-text\"><span class=\"w-text-h\"><span class=\"w-text-value\">Na\u0161e ceny s\u00fa v\u017edy individu\u00e1lne prisp\u00f4soben\u00e9 va\u0161im potreb\u00e1m a o\u010dak\u00e1vaniam.<\/span><\/span><\/div><div class=\"w-separator size_medium\"><\/div><div class=\"w-hwrapper valign_top wrap stack_on_mobiles align_left\"><div class=\"w-btn-wrapper align_none\"><a class=\"w-btn us-btn-style_21\" target=\"_blank\" href=\"\/wp-content\/uploads\/2024\/04\/Avalon-Resort_konferencia-katalogus.pdf\"><span class=\"w-btn-label\">Rezortn\u00fd katal\u00f3g konferenci\u00ed<\/span><\/a><\/div><\/div><\/div><\/div><\/div><\/div><\/div><\/div><\/div><\/section><section class=\"l-section wpb_row us_custom_a337d09d hide_on_default hide_on_laptops height_medium\" id=\"bottomscrollmob\"><div class=\"l-section-h i-cf\"><div class=\"g-cols vc_row via_grid cols_1 laptops-cols_inherit tablets-cols_inherit mobiles-cols_1 valign_top type_default stacking_default\"><div class=\"wpb_column vc_column_container\"><div class=\"vc_column-inner\">[vc_raw_html css=&#8220;&#8220; el_id=&#8220;bottomscrollmob&#8220;]JTNDc3R5bGUlM0UlMEElMEElMkYlMkElMjBzdGlja3klMjBmb2dsYWxvJTIwJTJBJTJGJTBBJTBBJTBBJTJGJTJBb24lMjBzY3JvbGwlMkElMkYlMEElMEEuYnNjcm9sbC1tb2IlN0IlMEElMjAlMjBib3R0b20lM0ElMjAwJTIwJTIxaW1wb3J0YW50JTNCJTBBJTIwJTIwYmFja2dyb3VuZC1jb2xvciUzQSUyMHJnYmElMjgyNTUlMkMlMjAyNTIlMkMlMjAyNTAlMkMlMjAwLjglMjklM0IlMEElMjAlMjBiYWNrZHJvcC1maWx0ZXIlM0ElMjBibHVyJTI4MTBweCUyOSUzQiUwQXBhZGRpbmctdG9wJTNBJTIwMC41cmVtJTIwJTIxaW1wb3J0YW50JTNCJTBBcGFkZGluZy1ib3R0b20lM0ElMjAwLjVyZW0lMjAlMjFpbXBvcnRhbnQlM0IlMEElN0QlMEElMEElMjNib3R0b21zY3JvbGxtb2IlMjAlN0IlMEElMjAlMjAlMjAlMjB0cmFuc2l0aW9uJTNBJTIwYWxsJTIwMC4zcyUyMGVhc2UlM0IlMEElN0QlMEElMEElMkYlMkElMjBzdGlja3klMjBmb2dsYWxvJTIwZW5kJTIwJTJBJTJGJTBBJTBBLmJzY3JvbGwtbW9iJTIwLnVzLWJ0bi1zdHlsZV8yNiUyMCU3QiUwQWJhY2tncm91bmQlM0ElMjB2YXIlMjgtLWNvbG9yLWNvbnRlbnQtdGV4dCUyOSUyMCUyMWltcG9ydGFudCUzQiUwQWJvcmRlci1jb2xvciUzQSUyMHZhciUyOC0tY29sb3ItY29udGVudC10ZXh0JTI5JTIwJTIxaW1wb3J0YW50JTNCJTBBJTdEJTBBJTBBLmwtY2FudmFzJTdCJTBBJTIwJTIwJTIwJTIwb3ZlcmZsb3clM0ElMjB2aXNpYmxlJTIwJTIxaW1wb3J0YW50JTNCJTBBJTdEJTBBJTBBJTJGJTJBJTIwc3RpY2t5JTIwZm9nbGFsbyUyMCUyQSUyRiUwQSUwQWxhYmVsJTJDJTIwaW5wdXQlM0Fub3QlMjglNUJ0eXBlJTNEJTIyc3VibWl0JTIyJTVEJTI5JTdCJTBBY29sb3IlM0ElMjAlMjNmZmYlM0IlMEElN0QlMEElMEEuZm9ybS1jb250YWluZXIlN0IlMEElMjAlMjBkaXNwbGF5JTNBJTIwZmxleCUzQiUwQSUyMCUyMGZsZXgtd3JhcCUzQSUyMG5vd3JhcCUzQiUwQSU3RCUwQSUwQS5mb2dsYWxvLWNvbGZpcnN0bGFzdCU3QiUwQSUyMCUyMHdpZHRoJTNBJTIwMTAwJTI1JTNCJTBBJTIwJTIwYWxpZ24taXRlbXMlM0ElMjBjZW50ZXIlM0IlMEElMjAlMjBkaXNwbGF5JTNBJTIwZmxleCUzQiUwQSU3RCUwQSUwQS5mb2dsYWxvLWNvbGZpcnN0bGFzdCUyMGJ1dHRvbiU1QnR5cGUlM0QlMjJzdWJtaXQlMjIlNUQlM0Fub3QlMjgudy1idG4lMjklN0IlMEFib3JkZXItY29sb3IlM0ElMjAlMjNmZmYlM0IlMEFjb2xvciUzQSUyMCUyM2ZmZiUyMCUyMWltcG9ydGFudCUzQiUwQSU3RCUwQSUwQS5mb2dsYWxvLWNvbGZpcnN0bGFzdCUyMGg2JTdCJTBBY29sb3IlM0ElMjAlMjNmZmYlM0IlMEElN0QlMEElMEEuZm9nbGFsby1jb2wlN0IlMEFib3JkZXItbGVmdCUzQSUyMDFweCUyMHNvbGlkJTIwJTIzZmZmJTNCJTBBcGFkZGluZy1sZWZ0JTNBJTIwMjBweCUzQiUwQXBhZGRpbmctdG9wJTNBJTIwMC40cmVtJTNCJTBBd2lkdGglM0ElMjAxMDAlMjUlM0IlMEFkaXNwbGF5JTNBJTIwZmxleCUzQiUwQWFsaWduLWl0ZW1zJTNBJTIwY2VudGVyJTNCJTBBJTdEJTBBJTBBaW5wdXQlM0Fub3QlMjglNUJ0eXBlJTNEJTIyc3VibWl0JTIyJTVEJTI5JTdCJTBBYm9yZGVyJTNBJTIwbm9uZSUzQiUwQXBhZGRpbmclM0ElMjA0cHglMjAxNnB4JTIwOHB4JTIwMHB4JTNCJTBBbWluLWhlaWdodCUzQSUyMDEycHglM0IlMEFsaW5lLWhlaWdodCUzQSUyMDEycHglM0IlMEFmb250LWZhbWlseSUzQSUyMFByb21wdCUyQ3NhbnMtc2VyaWYlM0IlMEFmb250LXNpemUlM0ElMjAxcmVtJTNCJTBBJTdEJTBBJTBBaW5wdXQlM0Fub3QlMjglNUJ0eXBlJTNEJTIyc3VibWl0JTIyJTVEJTI5JTNBZm9jdXMlMjAlN0IlMEElMjAlMjBib3JkZXItY29sb3IlM0ElMjAlMjNmZmYlMjAlMjFpbXBvcnRhbnQlM0IlMEElMjAlMjBjb2xvciUzQSUyMCUyM2ZmZiUyMCUyMWltcG9ydGFudCUzQiUwQSU3RCUwQSUwQSUyRiUyQW9uJTIwc2Nyb2xsJTJBJTJGJTBBJTBBLmJzY3JvbGwlN0IlMEElMjAlMjBib3R0b20lM0ElMjAwJTIwJTIxaW1wb3J0YW50JTNCJTBBJTIwJTIwYmFja2dyb3VuZC1jb2xvciUzQSUyMHJnYmElMjgyNTUlMkMlMjAyNTIlMkMlMjAyNTAlMkMlMjAwLjglMjklM0IlMEElMjAlMjBiYWNrZHJvcC1maWx0ZXIlM0ElMjBibHVyJTI4MTBweCUyOSUzQiUwQSU3RCUwQSUwQS5ic2Nyb2xsJTIwbGFiZWwlMkMlMjAuYnNjcm9sbCUyMGlucHV0JTNBbm90JTI4JTVCdHlwZSUzRCUyMnN1Ym1pdCUyMiU1RCUyOSU3QiUwQSUyMCUyMGNvbG9yJTNBJTIwdW5zZXQlM0IlMEElN0QlMEElMEEuYnNjcm9sbCUyMC5mb2dsYWxvLWNvbGZpcnN0bGFzdCUyMGJ1dHRvbiU1QnR5cGUlM0QlMjJzdWJtaXQlMjIlNUQlM0Fub3QlMjgudy1idG4lMjklMjAlN0IlMEElMjAlMjBib3JkZXItY29sb3IlM0ElMjB2YXIlMjgtLWNvbG9yLWNvbnRlbnQtdGV4dCUyOSUyMCUyMWltcG9ydGFudCUzQiUwQSUyMCUyMGNvbG9yJTNBJTIwdmFyJTI4LS1jb2xvci1jb250ZW50LXRleHQlMjklMjAlMjFpbXBvcnRhbnQlM0IlMEElN0QlMEElMEEuYnNjcm9sbCUyMC5mb2dsYWxvLWNvbGZpcnN0bGFzdCUyMGJ1dHRvbiU1QnR5cGUlM0QlMjJzdWJtaXQlMjIlNUQlM0Fub3QlMjgudy1idG4lMjklM0Fob3ZlciUyMCU3QiUwQSUyMCUyMGNvbG9yJTNBJTIwJTIzZmZmJTIwJTIxaW1wb3J0YW50JTNCJTBBJTdEJTBBJTBBLmJzY3JvbGwlMjAuZm9nbGFsby1jb2xmaXJzdGxhc3QlMjBoNiU3QiUwQWNvbG9yJTNBJTIwdW5zZXQlM0IlMEElN0QlMEElMEEuYnNjcm9sbCUyMC5mb2dsYWxvLWNvbCU3QiUwQWJvcmRlci1sZWZ0JTNBJTIwMXB4JTIwc29saWQlMjB2YXIlMjgtLWNvbG9yLWNvbnRlbnQtdGV4dCUyOSUzQiUwQSU3RCUwQSUwQS5ic2Nyb2xsJTIwaW5wdXQlM0Fub3QlMjglNUJ0eXBlJTNEJTIyc3VibWl0JTIyJTVEJTI5JTNBZm9jdXMlMjAlN0IlMEElMjAlMjBib3JkZXItY29sb3IlM0ElMjB1bnNldCUyMCUyMWltcG9ydGFudCUzQiUwQSUyMCUyMGNvbG9yJTNBJTIwdW5zZXQlMjAlMjFpbXBvcnRhbnQlM0IlMEElN0QlMEElMEElMjNib3R0b21zY3JvbGwlMjAlN0IlMEElMjAlMjAlMjAlMjB0cmFuc2l0aW9uJTNBJTIwYWxsJTIwMC4zcyUyMGVhc2UlM0IlMEElN0QlMEElMEElM0MlMkZzdHlsZSUzRQ==[\/vc_raw_html][vc_raw_js]JTNDc2NyaXB0JTNFJTJGJTJBJTIwc3RpY2t5JTIwZm9nbGFsbyUyMCUyQSUyRiUwQSUyMCUyMCUyMCUwQSUyMCUyMCUyMCUyMHdpbmRvdy5hZGRFdmVudExpc3RlbmVyJTI4JTI3c2Nyb2xsJTI3JTJDJTIwZnVuY3Rpb24lMjglMjklMjAlN0IlMEElMjAlMjAlMjAlMjAlMjAlMjAlMjAlMjB2YXIlMjBib3R0b21TY3JvbGxSb3clMjAlM0QlMjBkb2N1bWVudC5nZXRFbGVtZW50QnlJZCUyOCUyN2JvdHRvbXNjcm9sbG1vYiUyNyUyOSUzQiUwQSUyMCUyMCUyMCUyMCUyMCUyMCUyMCUyMHZhciUyMHNjcm9sbFRvcCUyMCUzRCUyMHdpbmRvdy5wYWdlWU9mZnNldCUyMCU3QyU3QyUyMGRvY3VtZW50LmRvY3VtZW50RWxlbWVudC5zY3JvbGxUb3AlM0IlMEElMEElMjAlMjAlMjAlMjAlMjAlMjAlMjAlMjBpZiUyMCUyOHNjcm9sbFRvcCUyMCUzRSUyMDAlMjklMjAlN0IlMEElMjAlMjAlMjAlMjAlMjAlMjAlMjAlMjAlMjAlMjAlMjAlMjBib3R0b21TY3JvbGxSb3cuY2xhc3NMaXN0LnJlbW92ZSUyOCUyN2JzY3JvbGwtdG9wLW1vYiUyNyUyOSUzQiUwQSUyMCUyMCUyMCUyMCUyMCUyMCUyMCUyMCUyMCUyMCUyMCUyMGJvdHRvbVNjcm9sbFJvdy5jbGFzc0xpc3QuYWRkJTI4JTI3YnNjcm9sbC1tb2IlMjclMjklM0IlMEElMjAlMjAlMjAlMjAlMjAlMjAlMjAlMjAlN0QlMjBlbHNlJTIwJTdCJTBBJTIwJTIwJTIwJTIwJTIwJTIwJTIwJTIwJTIwJTIwJTIwJTIwYm90dG9tU2Nyb2xsUm93LmNsYXNzTGlzdC5yZW1vdmUlMjglMjdic2Nyb2xsLW1vYiUyNyUyOSUzQiUwQSUyMCUyMCUyMCUyMCUyMCUyMCUyMCUyMCUyMCUyMCUyMCUyMGJvdHRvbVNjcm9sbFJvdy5jbGFzc0xpc3QuYWRkJTI4JTI3YnNjcm9sbC10b3AlMjclMjklM0IlMEElMjAlMjAlMjAlMjAlMjAlMjAlMjAlMjAlN0QlMEElMjAlMjAlMjAlMjAlN0QlMjklM0IlMEElMjAlMjAlMjAlMjAlMEElMkYlMkElMjBzdGlja3klMjBmb2dsYWxvJTIwZW5kJTIwJTJBJTJGJTBBJTNDJTJGc2NyaXB0JTNF[\/vc_raw_js]<div class=\"w-btn-wrapper align_none\"><a class=\"w-btn us-btn-style_26\" target=\"_blank\" href=\"https:\/\/book.avalonresort.hu\/en\/booking\/search\" rel=\"noopener\"><span class=\"w-btn-label\">Rezerv\u00e1cia<\/span><\/a><\/div><\/div><\/div><\/div><\/div><\/section>\n\n","protected":false},"excerpt":{"rendered":"Miesta konania Exkluz\u00edvne miesta konania podujat\u00ed v rezorte Avalon Resort &amp; SPA***** Superior s\u00fa ide\u00e1lnou vo\u013ebou pre stretnutia, porady, teambuildingov\u00e9 programy, konferencie a obchodn\u00e9 rokovania.Modern\u00e9 a elegantn\u00e9 prostredie hotela, ktor\u00fd sa nach\u00e1dza v bl\u00edzkosti pr\u00edrody, vytv\u00e1ra ve\u013emi in\u0161pirat\u00edvnu a kreat\u00edvnu atmosf\u00e9ru pre podujatia. N\u00e1\u0161 t\u00edm profesion\u00e1lnych pl\u00e1nova\u010dov podujat\u00ed v\u00e1m pom\u00f4\u017ee na ka\u017edom kroku, aby bolo...","protected":false},"author":1,"featured_media":3549,"parent":0,"menu_order":0,"comment_status":"closed","ping_status":"closed","template":"","meta":{"_acf_changed":false,"footnotes":""},"class_list":["post-5516","page","type-page","status-publish","has-post-thumbnail","hentry"],"acf":[],"publishpress_future_workflow_manual_trigger":{"enabledWorkflows":[]},"_links":{"self":[{"href":"https:\/\/avalonresort.siteapp.hu\/sk\/wp-json\/wp\/v2\/pages\/5516","targetHints":{"allow":["GET"]}}],"collection":[{"href":"https:\/\/avalonresort.siteapp.hu\/sk\/wp-json\/wp\/v2\/pages"}],"about":[{"href":"https:\/\/avalonresort.siteapp.hu\/sk\/wp-json\/wp\/v2\/types\/page"}],"author":[{"embeddable":true,"href":"https:\/\/avalonresort.siteapp.hu\/sk\/wp-json\/wp\/v2\/users\/1"}],"replies":[{"embeddable":true,"href":"https:\/\/avalonresort.siteapp.hu\/sk\/wp-json\/wp\/v2\/comments?post=5516"}],"version-history":[{"count":0,"href":"https:\/\/avalonresort.siteapp.hu\/sk\/wp-json\/wp\/v2\/pages\/5516\/revisions"}],"wp:featuredmedia":[{"embeddable":true,"href":"https:\/\/avalonresort.siteapp.hu\/sk\/wp-json\/wp\/v2\/media\/3549"}],"wp:attachment":[{"href":"https:\/\/avalonresort.siteapp.hu\/sk\/wp-json\/wp\/v2\/media?parent=5516"}],"curies":[{"name":"wp","href":"https:\/\/api.w.org\/{rel}","templated":true}]}}