{"id":5495,"date":"2024-03-12T16:25:51","date_gmt":"2024-03-12T14:25:51","guid":{"rendered":"https:\/\/avalonresort.siteapp.hu\/masszazsok-es-kezelesek\/"},"modified":"2025-10-08T18:38:39","modified_gmt":"2025-10-08T16:38:39","slug":"masaze-a-procedury","status":"publish","type":"page","link":"https:\/\/avalonresort.siteapp.hu\/sk\/spa-wellness\/masaze-a-procedury\/","title":{"rendered":"Mas\u00e1\u017ee a proced\u00fary"},"content":{"rendered":"<section class=\"l-section wpb_row us_custom_4bb21624 has_text_color us_animate_this height_custom full_height valign_bottom with_slider\"><div class=\"l-section-slider\"><div class=\"w-slider style_none fit_cover nav_none count_1\"><div class=\"w-slider-h\"><div class=\"royalSlider\"><div class=\"rsContent\"><a class=\"rsImg\" data-rsw=\"2000\" data-rsh=\"1333\" href=\"https:\/\/avalonresort.siteapp.hu\/wp-content\/uploads\/2024\/03\/DSC8073.jpg\"><span data-alt=\"\"><\/span><\/a><\/div><\/div><img decoding=\"async\" src=\"https:\/\/avalonresort.siteapp.hu\/wp-content\/uploads\/2024\/03\/DSC8073.jpg\" width=\"2000\" height=\"1333\" alt loading=\"lazy\"><\/div><div class=\"w-slider-json\" onclick='return {&quot;autoScaleSlider&quot;:true,&quot;addActiveClass&quot;:true,&quot;loop&quot;:true,&quot;fadeInLoadedSlide&quot;:false,&quot;slidesSpacing&quot;:0,&quot;imageScalePadding&quot;:0,&quot;numImagesToPreload&quot;:2,&quot;arrowsNav&quot;:false,&quot;arrowsNavAutoHide&quot;:false,&quot;transitionType&quot;:&quot;fade&quot;,&quot;transitionSpeed&quot;:1000,&quot;block&quot;:{&quot;moveEffect&quot;:&quot;none&quot;,&quot;speed&quot;:300},&quot;thumbs&quot;:{&quot;fitInViewport&quot;:false,&quot;firstMargin&quot;:false,&quot;spacing&quot;:4},&quot;controlNavigation&quot;:&quot;none&quot;,&quot;autoplay&quot;:{&quot;enabled&quot;:true,&quot;pauseOnHover&quot;:false,&quot;delay&quot;:3000},&quot;autoScaleSliderWidth&quot;:2000,&quot;autoScaleSliderHeight&quot;:1333}'><\/div><\/div><\/div><div class=\"l-section-overlay\" style=\"background:linear-gradient(0deg,rgba(0,0,0,0.45),rgba(0,0,0,0.00))\"><\/div><div class=\"l-section-h i-cf\"><div class=\"g-cols vc_row via_grid cols_1 laptops-cols_inherit tablets-cols_inherit mobiles-cols_1 valign_bottom type_default stacking_default\"><div class=\"wpb_column vc_column_container us_custom_0ccc3812\"><div class=\"vc_column-inner\"><h1 class=\"w-post-elm post_title us_custom_47474b22 us_animate_this align_left entry-title\">Mas\u00e1\u017ee a proced\u00fary<\/h1><style data-type=\"us_custom-css\">.line{position:absolute;width:2px;height:0px;background-color:#fff;top:0; animation:line-animation 2.5s ease-in-out 0s infinite normal;display:flex;flex-direction:column;justify-content:center;align-items:center;}@keyframes line-animation{ 0%{transform:scaleY(0);opacity:0;transform-origin:top}50%{transform:scaleY(1);opacity:1}100%{transform:scaleY(0);opacity:0;transform-origin:bottom}}@keyframes arrow-animation{0%{opacity:0}50%{opacity:1}100%{opacity:0}}<\/style><section class=\"l-section wpb_row us_custom_f9d98897 line-container height_auto width_custom\" style=\"--site-content-width:1px;\"><div class=\"l-section-h i-cf\"><div class=\"g-cols vc_row via_grid cols_1 laptops-cols_inherit tablets-cols_inherit mobiles-cols_1 valign_top type_default stacking_default\"><div class=\"wpb_column vc_column_container line\"><div class=\"vc_column-overlay\" style=\"background:var(--color-content-bg)\"><\/div><div class=\"vc_column-inner\"><\/div><\/div><\/div><\/div><\/section>\n<\/div><\/div><\/div><\/div><\/section><section class=\"l-section wpb_row height_custom\"><div class=\"l-section-h i-cf\"><div class=\"g-cols vc_row via_grid cols_1 laptops-cols_inherit tablets-cols_inherit mobiles-cols_1 valign_middle type_default stacking_default\" style=\"--columns-gap:6rem;\"><div class=\"wpb_column vc_column_container\"><div class=\"vc_column-inner\"><div class=\"w-image us_custom_599f2ac2 hide_on_default hide_on_laptops has_ratio align_none\"><div class=\"w-image-h\"><div style=\"padding-bottom:42.8571%\"><\/div><img decoding=\"async\" width=\"1920\" height=\"1281\" src=\"https:\/\/avalonresort.siteapp.hu\/wp-content\/uploads\/2024\/03\/i-bfB2pvG-X3.jpg\" class=\"attachment-full size-full\" alt=\"\" loading=\"lazy\" \/><\/div><\/div><h4 class=\"w-text us_custom_47474b22 us_animate_this\"><span class=\"w-text-h\"><span class=\"w-text-value\">Jedine\u010dn\u00e9 wellness slu\u017eby v hoteli Avalon Resort &amp; SPA***** Superior vytv\u00e1raj\u00fa \u00fapln\u00fa harm\u00f3niu tela a du\u0161e.<\/span><\/span><\/h4><div class=\"w-separator size_small\"><\/div><div class=\"wpb_text_column us_custom_47474b22 us_animate_this\"><div class=\"wpb_wrapper\"><p>V\u010faka na\u0161im \u0161peci\u00e1lnym mas\u00e1\u017eam a omladzuj\u00facim o\u0161etreniam tv\u00e1re sa hostia m\u00f4\u017eu vyda\u0165 na cestu, na ktorej zmizne ka\u017edodenn\u00fd stres a \u00fanava a nahrad\u00ed ich pokoj, svie\u017eos\u0165 a vn\u00fatorn\u00fd mier.<\/p>\n<p>Doprajte si luxus a rozmazn\u00e1vanie s <strong>na\u0161imi osvie\u017euj\u00facimi mas\u00e1\u017eami<\/strong>! Na\u0161i profesion\u00e1lni mas\u00e9ri sa postaraj\u00fa o to, aby ste si mohli naplno vychutna\u0165 ka\u017ed\u00fd okamih relax\u00e1cie a regener\u00e1cie s v\u00fdnimo\u010dnou odbornos\u0165ou a pozornos\u0165ou. Pri<strong> individu\u00e1lnych alebo p\u00e1rov\u00fdch mas\u00e1\u017each v trvan\u00ed 30 &#8211; 90 min\u00fat<\/strong> m\u00f4\u017eete za\u017ei\u0165 najvy\u0161\u0161iu \u00farove\u0148 uvo\u013enenia: pon\u00fakame \u0161irok\u00fa \u0161k\u00e1lu antistresov\u00fdch, energizuj\u00facich, hydrata\u010dn\u00fdch a upokojuj\u00facich proced\u00far!<\/p>\n<\/div><\/div><div class=\"w-separator size_medium\"><\/div><div class=\"w-image hide_on_tablets hide_on_mobiles has_ratio align_none\"><div class=\"w-image-h\"><div style=\"padding-bottom:42.8571%\"><\/div><img decoding=\"async\" width=\"1920\" height=\"1281\" src=\"https:\/\/avalonresort.siteapp.hu\/wp-content\/uploads\/2024\/03\/i-bfB2pvG-X3.jpg\" class=\"attachment-full size-full\" alt=\"\" loading=\"lazy\" \/><\/div><\/div><\/div><\/div><\/div><\/div><\/section><section class=\"l-section wpb_row us_custom_c70c97eb height_small\"><div class=\"l-section-h i-cf\"><div class=\"g-cols vc_row via_grid cols_2 laptops-cols_inherit tablets-cols_inherit mobiles-cols_1 valign_middle type_default stacking_default\" style=\"--columns-gap:6rem;--laptops-columns-gap:6rem;--tablets-columns-gap:6rem;--mobiles-columns-gap:3rem;\"><div class=\"wpb_column vc_column_container\"><div class=\"vc_column-inner\"><div class=\"w-image us_custom_e25c89be img-float-right us_animate_this has_ratio align_none\"><div class=\"w-image-h\"><div style=\"padding-bottom:133.3333%\"><\/div><img decoding=\"async\" width=\"1000\" height=\"1500\" src=\"https:\/\/avalonresort.siteapp.hu\/wp-content\/uploads\/2024\/03\/DSC04435.jpg\" class=\"attachment-full size-full\" alt=\"\" loading=\"lazy\" \/><\/div><\/div><\/div><\/div><div class=\"wpb_column vc_column_container\"><div class=\"vc_column-inner\"><h3 class=\"w-text us_custom_9543ab61 us_animate_this\"><span class=\"w-text-h\"><span class=\"w-text-value\">Rozmazn\u00e1vaj\u00face a osvie\u017euj\u00face mas\u00e1\u017ee<\/span><\/span><\/h3><div class=\"wpb_text_column us_custom_47474b22 us_animate_this\"><div class=\"wpb_wrapper\"><p>Vychutnajte si jedine\u010dn\u00fd z\u00e1\u017eitok z <strong>mas\u00e1\u017e\u00ed tv\u00e1re, chodidiel, chrbta a tela<\/strong>, ktor\u00e9 pon\u00fakaj\u00fa fyzick\u00e9 aj du\u0161evn\u00e9 osvie\u017eenie! Objavte svet \u0161peci\u00e1lnych mas\u00e1\u017e\u00ed vr\u00e1tane <strong>mas\u00e1\u017ee tela l\u00e1vov\u00fdmi kame\u0148mi, spev\u0148uj\u00facich proced\u00far, tureck\u00fdch ritu\u00e1lov, bahennej mydlovej mas\u00e1\u017ee<\/strong> a \u010dokol\u00e1dovej mas\u00e1\u017ee, ktor\u00e9 v\u00e1m otvoria nov\u00fd rozmer \u00fapln\u00e9ho uvo\u013enenia.<\/p>\n<\/div><\/div><div class=\"w-separator size_medium\"><\/div><div class=\"w-btn-wrapper align_none\"><a class=\"w-btn us-btn-style_21 us_custom_47474b22 us_animate_this\" target=\"_blank\" href=\"\/wp-content\/uploads\/2024\/04\/Avalon-SPA-katalogus-2024.pdf\"><span class=\"w-btn-label\">\u010c\u00edtajte viac<\/span><\/a><\/div><\/div><\/div><\/div><\/div><\/section><section class=\"l-section wpb_row height_custom\"><div class=\"l-section-h i-cf\"><div class=\"g-cols vc_row via_grid cols_1 laptops-cols_inherit tablets-cols_inherit mobiles-cols_1 valign_top type_default stacking_default\"><div class=\"wpb_column vc_column_container\"><div class=\"vc_column-inner\"><div class=\"g-cols wpb_row us_custom_33b9ee00 via_grid cols_1 laptops-cols_inherit tablets-cols_inherit mobiles-cols_1 valign_top type_default stacking_default\" style=\"--columns-gap:3rem;\"><div class=\"wpb_column vc_column_container\"><div class=\"vc_column-inner\"><h3 class=\"w-text us_custom_9543ab61 us_animate_this\"><span class=\"w-text-h\"><span class=\"w-text-value\">Unik\u00e1tna technol\u00f3gia SKEYNDOR<\/span><\/span><\/h3><div class=\"wpb_text_column us_custom_47474b22 us_animate_this\"><div class=\"wpb_wrapper\"><p><span data-sheets-root=\"1\" data-sheets-value=\"{&quot;1&quot;:2,&quot;2&quot;:&quot;SKEYNDOR este un sistem cuprinz\u0103tor de \u00eengrijire a tenului, conceput pentru diverse probleme \u0219i nevoi ale pielii. Cu formul\u0103ri \u0219i tehnologii inovatoare, aceste tratamente sunt \u00een fruntea terapiilor anti-\u00eemb\u0103tr\u00e2nire, revitalizante \u0219i antirid! Avalon Resort &amp; SPA***** Superior este primul hotel din Ungaria care dispune de propriul aparat cosmetic profesional MEGAN, oferind oaspe\u021bilor no\u0219tri un mod unic de a experimenta cel mai \u00eenalt nivel de \u00eengrijire a pielii.&quot;}\" data-sheets-userformat=\"{&quot;2&quot;:14593,&quot;3&quot;:{&quot;1&quot;:0,&quot;3&quot;:1},&quot;11&quot;:4,&quot;14&quot;:{&quot;1&quot;:3,&quot;3&quot;:1},&quot;15&quot;:&quot;Roboto&quot;,&quot;16&quot;:11}\" data-sheets-textstyleruns=\"{&quot;1&quot;:0,&quot;2&quot;:{&quot;2&quot;:{&quot;1&quot;:3,&quot;3&quot;:1},&quot;3&quot;:&quot;Roboto&quot;,&quot;4&quot;:11}}\uee10{&quot;1&quot;:17,&quot;2&quot;:{&quot;2&quot;:{&quot;1&quot;:3,&quot;3&quot;:1},&quot;3&quot;:&quot;Roboto&quot;,&quot;4&quot;:11,&quot;5&quot;:1}}\uee10{&quot;1&quot;:58,&quot;2&quot;:{&quot;2&quot;:{&quot;1&quot;:3,&quot;3&quot;:1},&quot;3&quot;:&quot;Roboto&quot;,&quot;4&quot;:11}}\uee10{&quot;1&quot;:176,&quot;2&quot;:{&quot;2&quot;:{&quot;1&quot;:3,&quot;3&quot;:1},&quot;3&quot;:&quot;Roboto&quot;,&quot;4&quot;:11,&quot;5&quot;:1}}\uee10{&quot;1&quot;:240,&quot;2&quot;:{&quot;2&quot;:{&quot;1&quot;:3,&quot;3&quot;:1},&quot;3&quot;:&quot;Roboto&quot;,&quot;4&quot;:11}}\uee10{&quot;1&quot;:322,&quot;2&quot;:{&quot;2&quot;:{&quot;1&quot;:3,&quot;3&quot;:1},&quot;3&quot;:&quot;Roboto&quot;,&quot;4&quot;:11,&quot;5&quot;:1}}\uee10{&quot;1&quot;:364,&quot;2&quot;:{&quot;2&quot;:{&quot;1&quot;:3,&quot;3&quot;:1},&quot;3&quot;:&quot;Roboto&quot;,&quot;4&quot;:11}}\">SKEYNDOR je <strong>komplexn\u00fd syst\u00e9m starostlivosti o ple\u0165<\/strong> ur\u010den\u00fd pre r\u00f4zne probl\u00e9my a potreby pleti. V\u010faka inovat\u00edvnym pr\u00edpravkom a technol\u00f3gi\u00e1m s\u00fa jeho o\u0161etrenia <strong>\u0161pi\u010dkou v oblasti o\u0161etren\u00ed proti starnutiu, revitaliz\u00e1cie a vr\u00e1skam<\/strong>! Avalon Resort &amp; SPA***** Superior je prv\u00fdm hotelom v Ma\u010farsku, ktor\u00fd m\u00e1 <strong>vlastn\u00fd profesion\u00e1lny kozmetick\u00fd pr\u00edstroj MEGAN<\/strong>, \u010do je jedine\u010dn\u00fd sp\u00f4sob, ako poskytn\u00fa\u0165 na\u0161im hos\u0165om najvy\u0161\u0161iu \u00farove\u0148 starostlivosti o ple\u0165.<\/span><\/p>\n<\/div><\/div><div class=\"w-separator size_custom\" style=\"height:5vmax\"><\/div><\/div><\/div><\/div><div class=\"g-cols wpb_row us_custom_02382df2 via_grid cols_1 laptops-cols_inherit tablets-cols_inherit mobiles-cols_1 valign_top type_default stacking_default\" style=\"--columns-gap:3rem;\"><div class=\"wpb_column vc_column_container\"><div class=\"vc_column-inner\"><\/div><\/div><\/div><\/div><\/div><\/div><\/div><\/section><section class=\"l-section wpb_row us_custom_b03640aa height_custom\"><div class=\"l-section-h i-cf\"><div class=\"g-cols vc_row via_grid cols_1 laptops-cols_inherit tablets-cols_inherit mobiles-cols_1 valign_top type_default stacking_default\"><div class=\"wpb_column vc_column_container\"><div class=\"vc_column-inner\"><h5 class=\"w-text us_custom_47474b22 us_animate_this\"><span class=\"w-text-h\"><span class=\"w-text-value\">O\u0161etrenia SKEYNDOR<\/span><\/span><\/h5><div class=\"w-separator size_small\"><\/div><div class=\"w-iconbox us_custom_47474b22 us_animate_this iconpos_left style_default color_primary align_left no_title\"><div class=\"w-iconbox-icon\" style=\"font-size:1.3rem;\"><i class=\"fal fa-check-circle\"><\/i><\/div><div class=\"w-iconbox-meta\"><div class=\"w-iconbox-text\"><p><strong>Liftingov\u00e9 a spev\u0148uj\u00face o\u0161etrenie:<\/strong> redefinuje, spev\u0148uje a pozdvihuje tv\u00e1r, redukuje mimick\u00e9 vr\u00e1sky a tie\u017e zvy\u0161uje produkciu elast\u00ednu.<\/p>\n<\/div><\/div><\/div><div class=\"w-iconbox us_custom_47474b22 us_animate_this iconpos_left style_default color_primary align_left no_title\"><div class=\"w-iconbox-icon\" style=\"font-size:1.3rem;\"><i class=\"fal fa-check-circle\"><\/i><\/div><div class=\"w-iconbox-meta\"><div class=\"w-iconbox-text\"><p><strong>O\u0161etrenie na vyplnenie vr\u00e1sok:<\/strong> vyp\u013a\u0148a vr\u00e1sky, stimuluje tvorbu kyseliny hyalur\u00f3novej a zvy\u0161uje synt\u00e9zu kolag\u00e9nu.<\/p>\n<\/div><\/div><\/div><div class=\"w-iconbox us_custom_47474b22 us_animate_this iconpos_left style_default color_primary align_left no_title\"><div class=\"w-iconbox-icon\" style=\"font-size:1.3rem;\"><i class=\"fal fa-check-circle\"><\/i><\/div><div class=\"w-iconbox-meta\"><div class=\"w-iconbox-text\"><p><strong>O\u0161etrenie proti starnutiu:<\/strong> detoxikuje ple\u0165, bledne pigmentov\u00e9 \u0161kvrny a zlep\u0161uje vzh\u013ead \u0161kv\u0155n sp\u00f4soben\u00fdch po\u0161koden\u00edm pleti slnkom.<\/p>\n<\/div><\/div><\/div><div class=\"w-iconbox us_custom_47474b22 us_animate_this iconpos_left style_default color_primary align_left no_title\"><div class=\"w-iconbox-icon\" style=\"font-size:1.3rem;\"><i class=\"fal fa-check-circle\"><\/i><\/div><div class=\"w-iconbox-meta\"><div class=\"w-iconbox-text\"><p><strong>Rozjas\u0148uj\u00face o\u0161etrenie a o\u0161etrenie o\u010dn\u00e9ho okolia:<\/strong> dod\u00e1va energiu a osvie\u017euje o\u010dn\u00e9 okolie, m\u00e1 antioxida\u010dn\u00fd \u00fa\u010dinok, rozjas\u0148uje ple\u0165 a zvy\u0161uje jej \u017eiarivos\u0165.<\/p>\n<\/div><\/div><\/div><div class=\"w-iconbox us_custom_47474b22 us_animate_this iconpos_left style_default color_primary align_left no_title\"><div class=\"w-iconbox-icon\" style=\"font-size:1.3rem;\"><i class=\"fal fa-check-circle\"><\/i><\/div><div class=\"w-iconbox-meta\"><div class=\"w-iconbox-text\"><p><strong>O\u0161etrenie na stiahnutie p\u00f3rov:<\/strong> \u010dist\u00ed a s\u0165ahuje p\u00f3ry, vyhladzuje a zmat\u0148uje ple\u0165 a pom\u00e1ha regulova\u0165 tvorbu ko\u017en\u00e9ho mazu.<\/p>\n<\/div><\/div><\/div><\/div><\/div><\/div><\/div><\/section><section class=\"l-section wpb_row us_custom_a337d09d hide_on_default hide_on_laptops height_medium\" id=\"bottomscrollmob\"><div class=\"l-section-h i-cf\"><div class=\"g-cols vc_row via_grid cols_1 laptops-cols_inherit tablets-cols_inherit mobiles-cols_1 valign_top type_default stacking_default\"><div class=\"wpb_column vc_column_container\"><div class=\"vc_column-inner\">[vc_raw_html css=&#8220;&#8220; el_id=&#8220;bottomscrollmob&#8220;]JTNDc3R5bGUlM0UlMEElMEElMkYlMkElMjBzdGlja3klMjBmb2dsYWxvJTIwJTJBJTJGJTBBJTBBJTBBJTJGJTJBb24lMjBzY3JvbGwlMkElMkYlMEElMEEuYnNjcm9sbC1tb2IlN0IlMEElMjAlMjBib3R0b20lM0ElMjAwJTIwJTIxaW1wb3J0YW50JTNCJTBBJTIwJTIwYmFja2dyb3VuZC1jb2xvciUzQSUyMHJnYmElMjgyNTUlMkMlMjAyNTIlMkMlMjAyNTAlMkMlMjAwLjglMjklM0IlMEElMjAlMjBiYWNrZHJvcC1maWx0ZXIlM0ElMjBibHVyJTI4MTBweCUyOSUzQiUwQXBhZGRpbmctdG9wJTNBJTIwMC41cmVtJTIwJTIxaW1wb3J0YW50JTNCJTBBcGFkZGluZy1ib3R0b20lM0ElMjAwLjVyZW0lMjAlMjFpbXBvcnRhbnQlM0IlMEElN0QlMEElMEElMjNib3R0b21zY3JvbGxtb2IlMjAlN0IlMEElMjAlMjAlMjAlMjB0cmFuc2l0aW9uJTNBJTIwYWxsJTIwMC4zcyUyMGVhc2UlM0IlMEElN0QlMEElMEElMkYlMkElMjBzdGlja3klMjBmb2dsYWxvJTIwZW5kJTIwJTJBJTJGJTBBJTBBLmJzY3JvbGwtbW9iJTIwLnVzLWJ0bi1zdHlsZV8yNiUyMCU3QiUwQWJhY2tncm91bmQlM0ElMjB2YXIlMjgtLWNvbG9yLWNvbnRlbnQtdGV4dCUyOSUyMCUyMWltcG9ydGFudCUzQiUwQWJvcmRlci1jb2xvciUzQSUyMHZhciUyOC0tY29sb3ItY29udGVudC10ZXh0JTI5JTIwJTIxaW1wb3J0YW50JTNCJTBBJTdEJTBBJTBBLmwtY2FudmFzJTdCJTBBJTIwJTIwJTIwJTIwb3ZlcmZsb3clM0ElMjB2aXNpYmxlJTIwJTIxaW1wb3J0YW50JTNCJTBBJTdEJTBBJTBBJTJGJTJBJTIwc3RpY2t5JTIwZm9nbGFsbyUyMCUyQSUyRiUwQSUwQWxhYmVsJTJDJTIwaW5wdXQlM0Fub3QlMjglNUJ0eXBlJTNEJTIyc3VibWl0JTIyJTVEJTI5JTdCJTBBY29sb3IlM0ElMjAlMjNmZmYlM0IlMEElN0QlMEElMEEuZm9ybS1jb250YWluZXIlN0IlMEElMjAlMjBkaXNwbGF5JTNBJTIwZmxleCUzQiUwQSUyMCUyMGZsZXgtd3JhcCUzQSUyMG5vd3JhcCUzQiUwQSU3RCUwQSUwQS5mb2dsYWxvLWNvbGZpcnN0bGFzdCU3QiUwQSUyMCUyMHdpZHRoJTNBJTIwMTAwJTI1JTNCJTBBJTIwJTIwYWxpZ24taXRlbXMlM0ElMjBjZW50ZXIlM0IlMEElMjAlMjBkaXNwbGF5JTNBJTIwZmxleCUzQiUwQSU3RCUwQSUwQS5mb2dsYWxvLWNvbGZpcnN0bGFzdCUyMGJ1dHRvbiU1QnR5cGUlM0QlMjJzdWJtaXQlMjIlNUQlM0Fub3QlMjgudy1idG4lMjklN0IlMEFib3JkZXItY29sb3IlM0ElMjAlMjNmZmYlM0IlMEFjb2xvciUzQSUyMCUyM2ZmZiUyMCUyMWltcG9ydGFudCUzQiUwQSU3RCUwQSUwQS5mb2dsYWxvLWNvbGZpcnN0bGFzdCUyMGg2JTdCJTBBY29sb3IlM0ElMjAlMjNmZmYlM0IlMEElN0QlMEElMEEuZm9nbGFsby1jb2wlN0IlMEFib3JkZXItbGVmdCUzQSUyMDFweCUyMHNvbGlkJTIwJTIzZmZmJTNCJTBBcGFkZGluZy1sZWZ0JTNBJTIwMjBweCUzQiUwQXBhZGRpbmctdG9wJTNBJTIwMC40cmVtJTNCJTBBd2lkdGglM0ElMjAxMDAlMjUlM0IlMEFkaXNwbGF5JTNBJTIwZmxleCUzQiUwQWFsaWduLWl0ZW1zJTNBJTIwY2VudGVyJTNCJTBBJTdEJTBBJTBBaW5wdXQlM0Fub3QlMjglNUJ0eXBlJTNEJTIyc3VibWl0JTIyJTVEJTI5JTdCJTBBYm9yZGVyJTNBJTIwbm9uZSUzQiUwQXBhZGRpbmclM0ElMjA0cHglMjAxNnB4JTIwOHB4JTIwMHB4JTNCJTBBbWluLWhlaWdodCUzQSUyMDEycHglM0IlMEFsaW5lLWhlaWdodCUzQSUyMDEycHglM0IlMEFmb250LWZhbWlseSUzQSUyMFByb21wdCUyQ3NhbnMtc2VyaWYlM0IlMEFmb250LXNpemUlM0ElMjAxcmVtJTNCJTBBJTdEJTBBJTBBaW5wdXQlM0Fub3QlMjglNUJ0eXBlJTNEJTIyc3VibWl0JTIyJTVEJTI5JTNBZm9jdXMlMjAlN0IlMEElMjAlMjBib3JkZXItY29sb3IlM0ElMjAlMjNmZmYlMjAlMjFpbXBvcnRhbnQlM0IlMEElMjAlMjBjb2xvciUzQSUyMCUyM2ZmZiUyMCUyMWltcG9ydGFudCUzQiUwQSU3RCUwQSUwQSUyRiUyQW9uJTIwc2Nyb2xsJTJBJTJGJTBBJTBBLmJzY3JvbGwlN0IlMEElMjAlMjBib3R0b20lM0ElMjAwJTIwJTIxaW1wb3J0YW50JTNCJTBBJTIwJTIwYmFja2dyb3VuZC1jb2xvciUzQSUyMHJnYmElMjgyNTUlMkMlMjAyNTIlMkMlMjAyNTAlMkMlMjAwLjglMjklM0IlMEElMjAlMjBiYWNrZHJvcC1maWx0ZXIlM0ElMjBibHVyJTI4MTBweCUyOSUzQiUwQSU3RCUwQSUwQS5ic2Nyb2xsJTIwbGFiZWwlMkMlMjAuYnNjcm9sbCUyMGlucHV0JTNBbm90JTI4JTVCdHlwZSUzRCUyMnN1Ym1pdCUyMiU1RCUyOSU3QiUwQSUyMCUyMGNvbG9yJTNBJTIwdW5zZXQlM0IlMEElN0QlMEElMEEuYnNjcm9sbCUyMC5mb2dsYWxvLWNvbGZpcnN0bGFzdCUyMGJ1dHRvbiU1QnR5cGUlM0QlMjJzdWJtaXQlMjIlNUQlM0Fub3QlMjgudy1idG4lMjklMjAlN0IlMEElMjAlMjBib3JkZXItY29sb3IlM0ElMjB2YXIlMjgtLWNvbG9yLWNvbnRlbnQtdGV4dCUyOSUyMCUyMWltcG9ydGFudCUzQiUwQSUyMCUyMGNvbG9yJTNBJTIwdmFyJTI4LS1jb2xvci1jb250ZW50LXRleHQlMjklMjAlMjFpbXBvcnRhbnQlM0IlMEElN0QlMEElMEEuYnNjcm9sbCUyMC5mb2dsYWxvLWNvbGZpcnN0bGFzdCUyMGJ1dHRvbiU1QnR5cGUlM0QlMjJzdWJtaXQlMjIlNUQlM0Fub3QlMjgudy1idG4lMjklM0Fob3ZlciUyMCU3QiUwQSUyMCUyMGNvbG9yJTNBJTIwJTIzZmZmJTIwJTIxaW1wb3J0YW50JTNCJTBBJTdEJTBBJTBBLmJzY3JvbGwlMjAuZm9nbGFsby1jb2xmaXJzdGxhc3QlMjBoNiU3QiUwQWNvbG9yJTNBJTIwdW5zZXQlM0IlMEElN0QlMEElMEEuYnNjcm9sbCUyMC5mb2dsYWxvLWNvbCU3QiUwQWJvcmRlci1sZWZ0JTNBJTIwMXB4JTIwc29saWQlMjB2YXIlMjgtLWNvbG9yLWNvbnRlbnQtdGV4dCUyOSUzQiUwQSU3RCUwQSUwQS5ic2Nyb2xsJTIwaW5wdXQlM0Fub3QlMjglNUJ0eXBlJTNEJTIyc3VibWl0JTIyJTVEJTI5JTNBZm9jdXMlMjAlN0IlMEElMjAlMjBib3JkZXItY29sb3IlM0ElMjB1bnNldCUyMCUyMWltcG9ydGFudCUzQiUwQSUyMCUyMGNvbG9yJTNBJTIwdW5zZXQlMjAlMjFpbXBvcnRhbnQlM0IlMEElN0QlMEElMEElMjNib3R0b21zY3JvbGwlMjAlN0IlMEElMjAlMjAlMjAlMjB0cmFuc2l0aW9uJTNBJTIwYWxsJTIwMC4zcyUyMGVhc2UlM0IlMEElN0QlMEElMEElM0MlMkZzdHlsZSUzRQ==[\/vc_raw_html][vc_raw_js]JTNDc2NyaXB0JTNFJTJGJTJBJTIwc3RpY2t5JTIwZm9nbGFsbyUyMCUyQSUyRiUwQSUyMCUyMCUyMCUwQSUyMCUyMCUyMCUyMHdpbmRvdy5hZGRFdmVudExpc3RlbmVyJTI4JTI3c2Nyb2xsJTI3JTJDJTIwZnVuY3Rpb24lMjglMjklMjAlN0IlMEElMjAlMjAlMjAlMjAlMjAlMjAlMjAlMjB2YXIlMjBib3R0b21TY3JvbGxSb3clMjAlM0QlMjBkb2N1bWVudC5nZXRFbGVtZW50QnlJZCUyOCUyN2JvdHRvbXNjcm9sbG1vYiUyNyUyOSUzQiUwQSUyMCUyMCUyMCUyMCUyMCUyMCUyMCUyMHZhciUyMHNjcm9sbFRvcCUyMCUzRCUyMHdpbmRvdy5wYWdlWU9mZnNldCUyMCU3QyU3QyUyMGRvY3VtZW50LmRvY3VtZW50RWxlbWVudC5zY3JvbGxUb3AlM0IlMEElMEElMjAlMjAlMjAlMjAlMjAlMjAlMjAlMjBpZiUyMCUyOHNjcm9sbFRvcCUyMCUzRSUyMDAlMjklMjAlN0IlMEElMjAlMjAlMjAlMjAlMjAlMjAlMjAlMjAlMjAlMjAlMjAlMjBib3R0b21TY3JvbGxSb3cuY2xhc3NMaXN0LnJlbW92ZSUyOCUyN2JzY3JvbGwtdG9wLW1vYiUyNyUyOSUzQiUwQSUyMCUyMCUyMCUyMCUyMCUyMCUyMCUyMCUyMCUyMCUyMCUyMGJvdHRvbVNjcm9sbFJvdy5jbGFzc0xpc3QuYWRkJTI4JTI3YnNjcm9sbC1tb2IlMjclMjklM0IlMEElMjAlMjAlMjAlMjAlMjAlMjAlMjAlMjAlN0QlMjBlbHNlJTIwJTdCJTBBJTIwJTIwJTIwJTIwJTIwJTIwJTIwJTIwJTIwJTIwJTIwJTIwYm90dG9tU2Nyb2xsUm93LmNsYXNzTGlzdC5yZW1vdmUlMjglMjdic2Nyb2xsLW1vYiUyNyUyOSUzQiUwQSUyMCUyMCUyMCUyMCUyMCUyMCUyMCUyMCUyMCUyMCUyMCUyMGJvdHRvbVNjcm9sbFJvdy5jbGFzc0xpc3QuYWRkJTI4JTI3YnNjcm9sbC10b3AlMjclMjklM0IlMEElMjAlMjAlMjAlMjAlMjAlMjAlMjAlMjAlN0QlMEElMjAlMjAlMjAlMjAlN0QlMjklM0IlMEElMjAlMjAlMjAlMjAlMEElMkYlMkElMjBzdGlja3klMjBmb2dsYWxvJTIwZW5kJTIwJTJBJTJGJTBBJTNDJTJGc2NyaXB0JTNF[\/vc_raw_js]<div class=\"w-btn-wrapper align_none\"><a class=\"w-btn us-btn-style_26\" target=\"_blank\" href=\"https:\/\/book.avalonresort.hu\/en\/booking\/search\" rel=\"noopener\"><span class=\"w-btn-label\">Rezerv\u00e1cia<\/span><\/a><\/div><\/div><\/div><\/div><\/div><\/section>\n\n","protected":false},"excerpt":{"rendered":"Mas\u00e1\u017ee a proced\u00fary Jedine\u010dn\u00e9 wellness slu\u017eby v hoteli Avalon Resort &amp; SPA***** Superior vytv\u00e1raj\u00fa \u00fapln\u00fa harm\u00f3niu tela a du\u0161e.V\u010faka na\u0161im \u0161peci\u00e1lnym mas\u00e1\u017eam a omladzuj\u00facim o\u0161etreniam tv\u00e1re sa hostia m\u00f4\u017eu vyda\u0165 na cestu, na ktorej zmizne ka\u017edodenn\u00fd stres a \u00fanava a nahrad\u00ed ich pokoj, svie\u017eos\u0165 a vn\u00fatorn\u00fd mier. Doprajte si luxus a rozmazn\u00e1vanie s na\u0161imi osvie\u017euj\u00facimi...","protected":false},"author":1,"featured_media":3450,"parent":5510,"menu_order":0,"comment_status":"closed","ping_status":"closed","template":"","meta":{"_acf_changed":false,"footnotes":""},"class_list":["post-5495","page","type-page","status-publish","has-post-thumbnail","hentry"],"acf":[],"publishpress_future_workflow_manual_trigger":{"enabledWorkflows":[]},"_links":{"self":[{"href":"https:\/\/avalonresort.siteapp.hu\/sk\/wp-json\/wp\/v2\/pages\/5495","targetHints":{"allow":["GET"]}}],"collection":[{"href":"https:\/\/avalonresort.siteapp.hu\/sk\/wp-json\/wp\/v2\/pages"}],"about":[{"href":"https:\/\/avalonresort.siteapp.hu\/sk\/wp-json\/wp\/v2\/types\/page"}],"author":[{"embeddable":true,"href":"https:\/\/avalonresort.siteapp.hu\/sk\/wp-json\/wp\/v2\/users\/1"}],"replies":[{"embeddable":true,"href":"https:\/\/avalonresort.siteapp.hu\/sk\/wp-json\/wp\/v2\/comments?post=5495"}],"version-history":[{"count":0,"href":"https:\/\/avalonresort.siteapp.hu\/sk\/wp-json\/wp\/v2\/pages\/5495\/revisions"}],"up":[{"embeddable":true,"href":"https:\/\/avalonresort.siteapp.hu\/sk\/wp-json\/wp\/v2\/pages\/5510"}],"wp:featuredmedia":[{"embeddable":true,"href":"https:\/\/avalonresort.siteapp.hu\/sk\/wp-json\/wp\/v2\/media\/3450"}],"wp:attachment":[{"href":"https:\/\/avalonresort.siteapp.hu\/sk\/wp-json\/wp\/v2\/media?parent=5495"}],"curies":[{"name":"wp","href":"https:\/\/api.w.org\/{rel}","templated":true}]}}