{"id":5489,"date":"2024-03-26T15:03:00","date_gmt":"2024-03-26T13:03:00","guid":{"rendered":"https:\/\/avalonresort.siteapp.hu\/resort-spa\/"},"modified":"2025-10-08T18:38:04","modified_gmt":"2025-10-08T16:38:04","slug":"resort-spa","status":"publish","type":"page","link":"https:\/\/avalonresort.siteapp.hu\/sk\/spa-wellness\/resort-spa\/","title":{"rendered":"Resort SPA"},"content":{"rendered":"<section class=\"l-section wpb_row us_custom_4bb21624 has_text_color us_animate_this height_custom full_height valign_bottom with_slider\"><div class=\"l-section-slider\"><div class=\"w-slider style_none fit_cover nav_none count_3\"><div class=\"w-slider-h\"><div class=\"royalSlider\"><div class=\"rsContent\"><a class=\"rsImg\" data-rsw=\"2000\" data-rsh=\"1334\" href=\"https:\/\/avalonresort.siteapp.hu\/wp-content\/uploads\/2025\/03\/DSC06540-scaled.jpg\"><span data-alt=\"\"><\/span><\/a><\/div><div class=\"rsContent\"><a class=\"rsImg\" data-rsw=\"2000\" data-rsh=\"1333\" href=\"https:\/\/avalonresort.siteapp.hu\/wp-content\/uploads\/2024\/08\/avalon_resort_szaunavilag.jpg\"><span data-alt=\"\"><\/span><\/a><\/div><div class=\"rsContent\"><a class=\"rsImg\" data-rsw=\"2000\" data-rsh=\"1333\" href=\"https:\/\/avalonresort.siteapp.hu\/wp-content\/uploads\/2025\/04\/DSC3861.jpg\"><span data-alt=\"\"><\/span><\/a><\/div><\/div><img decoding=\"async\" src=\"https:\/\/avalonresort.siteapp.hu\/wp-content\/uploads\/2025\/03\/DSC06540-scaled.jpg\" width=\"2000\" height=\"1334\" alt loading=\"lazy\"><\/div><div class=\"w-slider-json\" onclick='return {&quot;autoScaleSlider&quot;:true,&quot;addActiveClass&quot;:true,&quot;loop&quot;:true,&quot;fadeInLoadedSlide&quot;:false,&quot;slidesSpacing&quot;:0,&quot;imageScalePadding&quot;:0,&quot;numImagesToPreload&quot;:2,&quot;arrowsNav&quot;:false,&quot;arrowsNavAutoHide&quot;:false,&quot;transitionType&quot;:&quot;fade&quot;,&quot;transitionSpeed&quot;:1000,&quot;block&quot;:{&quot;moveEffect&quot;:&quot;none&quot;,&quot;speed&quot;:300},&quot;thumbs&quot;:{&quot;fitInViewport&quot;:false,&quot;firstMargin&quot;:false,&quot;spacing&quot;:4},&quot;controlNavigation&quot;:&quot;none&quot;,&quot;autoplay&quot;:{&quot;enabled&quot;:true,&quot;pauseOnHover&quot;:false,&quot;delay&quot;:3000},&quot;autoScaleSliderWidth&quot;:2000,&quot;autoScaleSliderHeight&quot;:1334}'><\/div><\/div><\/div><div class=\"l-section-overlay\" style=\"background:linear-gradient(0deg,rgba(0,0,0,0.45),rgba(0,0,0,0.00))\"><\/div><div class=\"l-section-h i-cf\"><div class=\"g-cols vc_row via_grid cols_1 laptops-cols_inherit tablets-cols_inherit mobiles-cols_1 valign_bottom type_default stacking_default\"><div class=\"wpb_column vc_column_container us_custom_0ccc3812\"><div class=\"vc_column-inner\"><h1 class=\"w-post-elm post_title us_custom_47474b22 us_animate_this align_left entry-title\">Resort SPA<\/h1><style data-type=\"us_custom-css\">.line{position:absolute;width:2px;height:0px;background-color:#fff;top:0; animation:line-animation 2.5s ease-in-out 0s infinite normal;display:flex;flex-direction:column;justify-content:center;align-items:center;}@keyframes line-animation{ 0%{transform:scaleY(0);opacity:0;transform-origin:top}50%{transform:scaleY(1);opacity:1}100%{transform:scaleY(0);opacity:0;transform-origin:bottom}}@keyframes arrow-animation{0%{opacity:0}50%{opacity:1}100%{opacity:0}}<\/style><section class=\"l-section wpb_row us_custom_f9d98897 line-container height_auto width_custom\" style=\"--site-content-width:1px;\"><div class=\"l-section-h i-cf\"><div class=\"g-cols vc_row via_grid cols_1 laptops-cols_inherit tablets-cols_inherit mobiles-cols_1 valign_top type_default stacking_default\"><div class=\"wpb_column vc_column_container line\"><div class=\"vc_column-overlay\" style=\"background:var(--color-content-bg)\"><\/div><div class=\"vc_column-inner\"><\/div><\/div><\/div><\/div><\/section>\n<\/div><\/div><\/div><\/div><\/section><section class=\"l-section wpb_row height_custom\"><div class=\"l-section-h i-cf\"><div class=\"g-cols vc_row via_grid cols_1 laptops-cols_inherit tablets-cols_inherit mobiles-cols_1 valign_middle type_default stacking_default\" style=\"--columns-gap:6rem;\"><div class=\"wpb_column vc_column_container\"><div class=\"vc_column-inner\"><div class=\"w-image us_custom_599f2ac2 hide_on_default hide_on_laptops has_ratio align_none\"><div class=\"w-image-h\"><div style=\"padding-bottom:42.8571%\"><\/div><img decoding=\"async\" width=\"2000\" height=\"1334\" src=\"https:\/\/avalonresort.siteapp.hu\/wp-content\/uploads\/2024\/12\/DSC01319-scaled.jpg\" class=\"attachment-full size-full\" alt=\"\" loading=\"lazy\" \/><\/div><\/div><h4 class=\"w-text us_custom_47474b22 us_animate_this\"><span class=\"w-text-h\"><span class=\"w-text-value\">Resort SPA &#8211; wellness pre v\u0161etky chute<\/span><\/span><\/h4><div class=\"w-separator size_small\"><\/div><div class=\"wpb_text_column us_custom_47474b22 us_animate_this\"><div class=\"wpb_wrapper\"><p><span data-sheets-root=\"1\" data-sheets-value=\"{&quot;1&quot;:2,&quot;2&quot;:&quot;Az Avalon Resort &amp; SPA***** Superior f\u0151\u00e9p\u00fclet\u00e9ben tal\u00e1lhat\u00f3 Resort SPA-ban teljes kikapcsol\u00f3d\u00e1s \u00e9s luxus \u00e9lm\u00e9nyek v\u00e1rnak \u00d6nre. SPA k\u00f6zpontunk nem csup\u00e1n egy hely a pihen\u00e9sre, hanem egy igazi paradicsom, ahol fizikai \u00e9s szellemi felt\u00f6lt\u0151d\u00e9sben is r\u00e9sze lehet. A Resort SPA soksz\u00edn\u0171 \u00e9lm\u00e9nyeket k\u00edn\u00e1l: k\u00fcl\u00f6nleges szaunavil\u00e1g, sz\u00f3rakoztat\u00f3 \u00e9lm\u00e9nymedenc\u00e9k, friss\u00edt\u0151 massz\u00e1zsok \u00e9s b\u0151rfiatal\u00edt\u00f3 kezel\u00e9sek egy helyen! B\u00fcszk\u00e9k vagyunk nemzetk\u00f6zi sikereinkre is, ugyanis az Avalon SPA 2019-ben Magyarorsz\u00e1g \u00e9s Kelet-Eur\u00f3pa legjobb SPA-ja c\u00edmet is elnyerte. &quot;}\" data-sheets-userformat=\"{&quot;2&quot;:4865,&quot;3&quot;:{&quot;1&quot;:0},&quot;11&quot;:4,&quot;12&quot;:0,&quot;15&quot;:&quot;Roboto&quot;}\" data-sheets-textstyleruns=\"{&quot;1&quot;:0}\uee10{&quot;1&quot;:75,&quot;2&quot;:{&quot;5&quot;:1}}\uee10{&quot;1&quot;:113}\uee10{&quot;1&quot;:207,&quot;2&quot;:{&quot;5&quot;:1}}\uee10{&quot;1&quot;:257}\uee10{&quot;1&quot;:410,&quot;2&quot;:{&quot;5&quot;:1}}\uee10{&quot;1&quot;:451}\">V Resort SPA, ktor\u00e9 sa nach\u00e1dza v hlavnej budove Superior rezortu Avalon Resort &amp; SPA*****, n\u00e1jdete <strong>\u00fapln\u00fd relax a luxusn\u00e9 z\u00e1\u017eitky.<\/strong> Na\u0161e SPA centrum nie je len miestom na relax\u00e1ciu, ale skuto\u010dn\u00fdm rajom, kde m\u00f4\u017eete <strong>na\u010derpa\u0165 nov\u00e9 fyzick\u00e9 aj du\u0161evn\u00e9 sily.<\/strong> Rezortn\u00e9 SPA centrum pon\u00faka mno\u017estvo z\u00e1\u017eitkov: jedine\u010dn\u00fd saunov\u00fd svet, z\u00e1bavn\u00e9 z\u00e1\u017eitkov\u00e9 baz\u00e9ny, osvie\u017euj\u00face mas\u00e1\u017ee a omladzuj\u00face proced\u00fary na poko\u017eku &#8211; to v\u0161etko na jednom mieste! <strong>Sme hrd\u00ed aj na n\u00e1\u0161 medzin\u00e1rodn\u00fd \u00faspech<\/strong>, ke\u010f\u017ee Avalon SPA z\u00edskal v roku 2019 titul najlep\u0161ieho SPA v Ma\u010farsku a vo v\u00fdchodnej Eur\u00f3pe. <\/span><\/p>\n<\/div><\/div><div class=\"w-separator size_medium\"><\/div><div class=\"w-image hide_on_tablets hide_on_mobiles has_ratio align_none\"><div class=\"w-image-h\"><div style=\"padding-bottom:42.8571%\"><\/div><img decoding=\"async\" width=\"2000\" height=\"1334\" src=\"https:\/\/avalonresort.siteapp.hu\/wp-content\/uploads\/2024\/12\/DSC01319-scaled.jpg\" class=\"attachment-full size-full\" alt=\"\" loading=\"lazy\" \/><\/div><\/div><\/div><\/div><\/div><\/div><\/section><section class=\"l-section wpb_row us_custom_b03640aa height_custom\"><div class=\"l-section-h i-cf\"><div class=\"g-cols vc_row via_grid cols_1 laptops-cols_inherit tablets-cols_inherit mobiles-cols_1 valign_top type_default stacking_default\"><div class=\"wpb_column vc_column_container\"><div class=\"vc_column-inner\"><h5 class=\"w-text us_custom_95fdf408 us_animate_this\"><span class=\"w-text-h\"><span class=\"w-text-value\">Nezabudnute\u013en\u00e9 z\u00e1\u017eitky v SPA<\/span><\/span><\/h5><div class=\"w-separator size_small\"><\/div><div class=\"w-iconbox us_custom_47474b22 us_animate_this iconpos_left style_default color_primary align_left no_title\"><div class=\"w-iconbox-icon\" style=\"font-size:1.3rem;\"><i class=\"fal fa-check-circle\"><\/i><\/div><div class=\"w-iconbox-meta\"><div class=\"w-iconbox-text\"><p><strong>Baz\u00e9n s v\u00edrivkou:<\/strong> relax\u00e1cia a uvo\u013enenie v pr\u00edjemne perlivej vode s\u00fa zaru\u010den\u00e9.<\/p>\n<\/div><\/div><\/div><div class=\"w-iconbox us_custom_47474b22 us_animate_this iconpos_left style_default color_primary align_left no_title\"><div class=\"w-iconbox-icon\" style=\"font-size:1.3rem;\"><i class=\"fal fa-check-circle\"><\/i><\/div><div class=\"w-iconbox-meta\"><div class=\"w-iconbox-text\"><p><strong>Detsk\u00fd baz\u00e9n:<\/strong> bezpe\u010dn\u00e9 a z\u00e1bavn\u00e9 vodn\u00e9 dobrodru\u017estv\u00e1 pre najmen\u0161\u00edch.<\/p>\n<\/div><\/div><\/div><div class=\"w-iconbox us_custom_47474b22 us_animate_this iconpos_left style_default color_primary align_left no_title\"><div class=\"w-iconbox-icon\" style=\"font-size:1.3rem;\"><i class=\"fal fa-check-circle\"><\/i><\/div><div class=\"w-iconbox-meta\"><div class=\"w-iconbox-text\"><p><strong>Bio sauna:<\/strong> po\u010das termoterapeutickej proced\u00fary v saune s teplotou 40-50 \u00b0C v\u00e1m r\u00f4zne svetl\u00e1 pom\u00f4\u017eu \u00faplne sa uvo\u013eni\u0165.<\/p>\n<\/div><\/div><\/div><div class=\"w-iconbox us_custom_47474b22 us_animate_this iconpos_left style_default color_primary align_left no_title\"><div class=\"w-iconbox-icon\" style=\"font-size:1.3rem;\"><i class=\"fal fa-check-circle\"><\/i><\/div><div class=\"w-iconbox-meta\"><div class=\"w-iconbox-text\"><p><strong>F\u00ednska a infra\u010derven\u00e1 sauna:<\/strong> tradi\u010dn\u00e9 a modern\u00e9 saunovanie s jedine\u010dn\u00fdm \u00fa\u010dinkom na zdravie.<\/p>\n<\/div><\/div><\/div><div class=\"w-iconbox us_custom_47474b22 us_animate_this iconpos_left style_default color_primary align_left no_title\"><div class=\"w-iconbox-icon\" style=\"font-size:1.3rem;\"><i class=\"fal fa-check-circle\"><\/i><\/div><div class=\"w-iconbox-meta\"><div class=\"w-iconbox-text\"><p><strong>So\u013en\u00e1 jasky\u0148a:<\/strong> o\u010distn\u00e1 so\u013en\u00e1 terapia, ktor\u00e1 je skvel\u00fdm pomocn\u00edkom pri ka\u0161li, astme, sennej n\u00e1dche, poruch\u00e1ch sp\u00e1nku, alergi\u00e1ch, neurodermatit\u00edde a in\u00fdch org\u00e1nov\u00fdch ochoreniach.<\/p>\n<\/div><\/div><\/div><div class=\"w-iconbox us_custom_47474b22 us_animate_this iconpos_left style_default color_primary align_left no_title\"><div class=\"w-iconbox-icon\" style=\"font-size:1.3rem;\"><i class=\"fal fa-check-circle\"><\/i><\/div><div class=\"w-iconbox-meta\"><div class=\"w-iconbox-text\"><p><strong>Aromatick\u00e1 parn\u00e1 miestnos\u0165:<\/strong> skuto\u010dn\u00e1 potn\u00e1 chata, ktor\u00e1 upokojuje a revitalizuje telo aj du\u0161u.<\/p>\n<\/div><\/div><\/div><div class=\"w-iconbox us_custom_47474b22 us_animate_this iconpos_left style_default color_primary align_left no_title\"><div class=\"w-iconbox-icon\" style=\"font-size:1.3rem;\"><i class=\"fal fa-check-circle\"><\/i><\/div><div class=\"w-iconbox-meta\"><div class=\"w-iconbox-text\"><p><strong>Vn\u00fatorn\u00e9 a vonkaj\u0161ie baz\u00e9ny:<\/strong> \u00fa\u017easn\u00e9 vodn\u00e9 h\u00fd\u010dkanie so z\u00e1\u017eitkov\u00fdmi baz\u00e9nmi, ktor\u00e9 zah\u0155\u0148aj\u00fa v\u00edrivku, v\u00edrivku, v\u00edrivku, vodn\u00fd beh\u00fa\u0148 a detsk\u00fd baz\u00e9n.<\/p>\n<\/div><\/div><\/div><div class=\"w-iconbox us_custom_47474b22 us_animate_this iconpos_left style_default color_primary align_left no_title\"><div class=\"w-iconbox-icon\" style=\"font-size:1.3rem;\"><i class=\"fal fa-check-circle\"><\/i><\/div><div class=\"w-iconbox-meta\"><div class=\"w-iconbox-text\"><p><strong>\u00datuln\u00e1 relaxa\u010dn\u00e1 miestnos\u0165:<\/strong> pokojn\u00e9 a uvo\u013e\u0148uj\u00face prostredie na \u00fapln\u00fd relax.<\/p>\n<\/div><\/div><\/div><\/div><\/div><\/div><\/div><\/section><section class=\"l-section wpb_row us_custom_c70c97eb height_small\"><div class=\"l-section-h i-cf\"><div class=\"g-cols vc_row via_grid cols_2 laptops-cols_inherit tablets-cols_inherit mobiles-cols_1 valign_middle type_default stacking_default\" style=\"--columns-gap:6rem;--laptops-columns-gap:6rem;--tablets-columns-gap:6rem;--mobiles-columns-gap:3rem;\"><div class=\"wpb_column vc_column_container\"><div class=\"vc_column-inner\"><div class=\"w-image us_custom_e25c89be img-float-right us_animate_this has_ratio align_none\"><div class=\"w-image-h\"><div style=\"padding-bottom:133.3333%\"><\/div><img decoding=\"async\" width=\"2000\" height=\"1333\" src=\"https:\/\/avalonresort.siteapp.hu\/wp-content\/uploads\/2024\/07\/DSC8073.jpg\" class=\"attachment-full size-full\" alt=\"\" loading=\"lazy\" \/><\/div><\/div><\/div><\/div><div class=\"wpb_column vc_column_container\"><div class=\"vc_column-inner\"><h3 class=\"w-text us_custom_9543ab61 us_animate_this\"><span class=\"w-text-h\"><span class=\"w-text-value\">Rozmazn\u00e1vanie a osvie\u017euj\u00face proced\u00fary<\/span><\/span><\/h3><div class=\"wpb_text_column us_custom_47474b22 us_animate_this\"><div class=\"wpb_wrapper\"><p><span data-sheets-root=\"1\" data-sheets-value=\"{&quot;1&quot;:2,&quot;2&quot;:&quot;A Resort k\u00f6zponti wellness r\u00e9szleg\u00e9n a test\u00e9t \u00e9s lelk\u00e9t egyar\u00e1nt felfriss\u00edtheti a k\u00e9nyeztet\u0151 luxus kezel\u00e9seknek k\u00f6sz\u00f6nhet\u0151en!\\n\\n- Friss\u00edt\u0151 \u00e9s pihentet\u0151 massz\u00e1zsok: sz\u00e9lesk\u00f6r\u0171 szak\u00e9rtelemmel rendelkez\u0151 massz\u0151reink seg\u00edtenek a t\u00f6k\u00e9letes ellazul\u00e1sban \u00e9s a testi-lelki harm\u00f3nia meg\u00e9l\u00e9s\u00e9ben.\\n- B\u0151rfeszes\u00edt\u0151 \u00e9s b\u0151rfiatal\u00edt\u00f3 kezel\u00e9sek: els\u0151rang\u00fa SKYENDOR kezel\u00e9seken vehet r\u00e9szt, melyek a b\u0151rregener\u00e1l\u00e1s \u00e9llovasak\u00e9nt gy\u00f6ny\u00f6r\u0171 \u00e9s eg\u00e9szs\u00e9ges b\u0151rt eredm\u00e9nyez. \\n- Luxus kezel\u0151helyis\u00e9gek: tradicion\u00e1lis t\u00f6r\u00f6k f\u0171t\u00f6tt k\u0151\u00e1gyas massz\u00e1zsszoba \u00e9s romantikus hangulat\u00fa p\u00e1ros kezel\u00e9sekre tervezett szoba v\u00e1rja \u00d6nt.&quot;}\" data-sheets-userformat=\"{&quot;2&quot;:4865,&quot;3&quot;:{&quot;1&quot;:0},&quot;11&quot;:4,&quot;12&quot;:0,&quot;15&quot;:&quot;Roboto&quot;}\" data-sheets-textstyleruns=\"{&quot;1&quot;:0}\uee10{&quot;1&quot;:129,&quot;2&quot;:{&quot;5&quot;:1}}\uee10{&quot;1&quot;:161}\uee10{&quot;1&quot;:163,&quot;2&quot;:{}}\uee10{&quot;1&quot;:164}\uee10{&quot;1&quot;:288,&quot;2&quot;:{&quot;5&quot;:1}}\uee10{&quot;1&quot;:326}\uee10{&quot;1&quot;:328,&quot;2&quot;:{}}\uee10{&quot;1&quot;:329}\uee10{&quot;1&quot;:452,&quot;2&quot;:{&quot;5&quot;:1}}\uee10{&quot;1&quot;:475}\uee10{&quot;1&quot;:476,&quot;2&quot;:{}}\uee10{&quot;1&quot;:477}\">V centr\u00e1lnej wellness z\u00f3ne rezortu m\u00f4\u017eete osvie\u017ei\u0165 telo aj du\u0161u prostredn\u00edctvom rozmazn\u00e1vaj\u00facich luxusn\u00fdch proced\u00far!<\/span><\/p>\n<\/div><\/div><div class=\"w-iconbox us_custom_47474b22 us_animate_this iconpos_left style_default color_primary align_left no_title\"><div class=\"w-iconbox-icon\" style=\"font-size:1.3rem;\"><i class=\"fal fa-check-circle\"><\/i><\/div><div class=\"w-iconbox-meta\"><div class=\"w-iconbox-text\"><p><strong>Osvie\u017euj\u00face a relaxa\u010dn\u00e9 mas\u00e1\u017ee:<\/strong> na\u0161i mas\u00e9ri s rozsiahlymi odborn\u00fdmi znalos\u0165ami v\u00e1m pom\u00f4\u017eu uvo\u013eni\u0165 sa a za\u017ei\u0165 dokonal\u00fa harm\u00f3niu tela a mysle.<\/p>\n<\/div><\/div><\/div><div class=\"w-iconbox us_custom_47474b22 us_animate_this iconpos_left style_default color_primary align_left no_title\"><div class=\"w-iconbox-icon\" style=\"font-size:1.3rem;\"><i class=\"fal fa-check-circle\"><\/i><\/div><div class=\"w-iconbox-meta\"><div class=\"w-iconbox-text\"><p><strong>Vyp\u00ednacie a omladzuj\u00face proced\u00fary:<\/strong> \u010dak\u00e1 v\u00e1s prvotriedne o\u0161etrenie SKYENDOR, ktor\u00e9 je \u0161pi\u010dkou v oblasti regener\u00e1cie pleti, pre kr\u00e1snu a zdrav\u00fa poko\u017eku.<\/p>\n<\/div><\/div><\/div><div class=\"w-iconbox us_custom_47474b22 us_animate_this iconpos_left style_default color_primary align_left no_title\"><div class=\"w-iconbox-icon\" style=\"font-size:1.3rem;\"><i class=\"fal fa-check-circle\"><\/i><\/div><div class=\"w-iconbox-meta\"><div class=\"w-iconbox-text\"><p><strong>Luxusn\u00e9 miestnosti na o\u0161etrenie:<\/strong> tradi\u010dn\u00e1 tureck\u00e1 mas\u00e1\u017ena miestnos\u0165 s vyhrievan\u00fdm kamenn\u00fdm l\u00f4\u017ekom a romantick\u00e1 miestnos\u0165 ur\u010den\u00e1 na o\u0161etrenie p\u00e1rov.<\/p>\n<\/div><\/div><\/div><div class=\"w-separator size_medium\"><\/div><\/div><\/div><\/div><\/div><\/section><section class=\"l-section wpb_row us_custom_a337d09d hide_on_default hide_on_laptops height_medium\" id=\"bottomscrollmob\"><div class=\"l-section-h i-cf\"><div class=\"g-cols vc_row via_grid cols_1 laptops-cols_inherit tablets-cols_inherit mobiles-cols_1 valign_top type_default stacking_default\"><div class=\"wpb_column vc_column_container\"><div class=\"vc_column-inner\">[vc_raw_html css=&#8220;&#8220; el_id=&#8220;bottomscrollmob&#8220;]JTNDc3R5bGUlM0UlMEElMEElMkYlMkElMjBzdGlja3klMjBmb2dsYWxvJTIwJTJBJTJGJTBBJTBBJTBBJTJGJTJBb24lMjBzY3JvbGwlMkElMkYlMEElMEEuYnNjcm9sbC1tb2IlN0IlMEElMjAlMjBib3R0b20lM0ElMjAwJTIwJTIxaW1wb3J0YW50JTNCJTBBJTIwJTIwYmFja2dyb3VuZC1jb2xvciUzQSUyMHJnYmElMjgyNTUlMkMlMjAyNTIlMkMlMjAyNTAlMkMlMjAwLjglMjklM0IlMEElMjAlMjBiYWNrZHJvcC1maWx0ZXIlM0ElMjBibHVyJTI4MTBweCUyOSUzQiUwQXBhZGRpbmctdG9wJTNBJTIwMC41cmVtJTIwJTIxaW1wb3J0YW50JTNCJTBBcGFkZGluZy1ib3R0b20lM0ElMjAwLjVyZW0lMjAlMjFpbXBvcnRhbnQlM0IlMEElN0QlMEElMEElMjNib3R0b21zY3JvbGxtb2IlMjAlN0IlMEElMjAlMjAlMjAlMjB0cmFuc2l0aW9uJTNBJTIwYWxsJTIwMC4zcyUyMGVhc2UlM0IlMEElN0QlMEElMEElMkYlMkElMjBzdGlja3klMjBmb2dsYWxvJTIwZW5kJTIwJTJBJTJGJTBBJTBBLmJzY3JvbGwtbW9iJTIwLnVzLWJ0bi1zdHlsZV8yNiUyMCU3QiUwQWJhY2tncm91bmQlM0ElMjB2YXIlMjgtLWNvbG9yLWNvbnRlbnQtdGV4dCUyOSUyMCUyMWltcG9ydGFudCUzQiUwQWJvcmRlci1jb2xvciUzQSUyMHZhciUyOC0tY29sb3ItY29udGVudC10ZXh0JTI5JTIwJTIxaW1wb3J0YW50JTNCJTBBJTdEJTBBJTBBLmwtY2FudmFzJTdCJTBBJTIwJTIwJTIwJTIwb3ZlcmZsb3clM0ElMjB2aXNpYmxlJTIwJTIxaW1wb3J0YW50JTNCJTBBJTdEJTBBJTBBJTJGJTJBJTIwc3RpY2t5JTIwZm9nbGFsbyUyMCUyQSUyRiUwQSUwQWxhYmVsJTJDJTIwaW5wdXQlM0Fub3QlMjglNUJ0eXBlJTNEJTIyc3VibWl0JTIyJTVEJTI5JTdCJTBBY29sb3IlM0ElMjAlMjNmZmYlM0IlMEElN0QlMEElMEEuZm9ybS1jb250YWluZXIlN0IlMEElMjAlMjBkaXNwbGF5JTNBJTIwZmxleCUzQiUwQSUyMCUyMGZsZXgtd3JhcCUzQSUyMG5vd3JhcCUzQiUwQSU3RCUwQSUwQS5mb2dsYWxvLWNvbGZpcnN0bGFzdCU3QiUwQSUyMCUyMHdpZHRoJTNBJTIwMTAwJTI1JTNCJTBBJTIwJTIwYWxpZ24taXRlbXMlM0ElMjBjZW50ZXIlM0IlMEElMjAlMjBkaXNwbGF5JTNBJTIwZmxleCUzQiUwQSU3RCUwQSUwQS5mb2dsYWxvLWNvbGZpcnN0bGFzdCUyMGJ1dHRvbiU1QnR5cGUlM0QlMjJzdWJtaXQlMjIlNUQlM0Fub3QlMjgudy1idG4lMjklN0IlMEFib3JkZXItY29sb3IlM0ElMjAlMjNmZmYlM0IlMEFjb2xvciUzQSUyMCUyM2ZmZiUyMCUyMWltcG9ydGFudCUzQiUwQSU3RCUwQSUwQS5mb2dsYWxvLWNvbGZpcnN0bGFzdCUyMGg2JTdCJTBBY29sb3IlM0ElMjAlMjNmZmYlM0IlMEElN0QlMEElMEEuZm9nbGFsby1jb2wlN0IlMEFib3JkZXItbGVmdCUzQSUyMDFweCUyMHNvbGlkJTIwJTIzZmZmJTNCJTBBcGFkZGluZy1sZWZ0JTNBJTIwMjBweCUzQiUwQXBhZGRpbmctdG9wJTNBJTIwMC40cmVtJTNCJTBBd2lkdGglM0ElMjAxMDAlMjUlM0IlMEFkaXNwbGF5JTNBJTIwZmxleCUzQiUwQWFsaWduLWl0ZW1zJTNBJTIwY2VudGVyJTNCJTBBJTdEJTBBJTBBaW5wdXQlM0Fub3QlMjglNUJ0eXBlJTNEJTIyc3VibWl0JTIyJTVEJTI5JTdCJTBBYm9yZGVyJTNBJTIwbm9uZSUzQiUwQXBhZGRpbmclM0ElMjA0cHglMjAxNnB4JTIwOHB4JTIwMHB4JTNCJTBBbWluLWhlaWdodCUzQSUyMDEycHglM0IlMEFsaW5lLWhlaWdodCUzQSUyMDEycHglM0IlMEFmb250LWZhbWlseSUzQSUyMFByb21wdCUyQ3NhbnMtc2VyaWYlM0IlMEFmb250LXNpemUlM0ElMjAxcmVtJTNCJTBBJTdEJTBBJTBBaW5wdXQlM0Fub3QlMjglNUJ0eXBlJTNEJTIyc3VibWl0JTIyJTVEJTI5JTNBZm9jdXMlMjAlN0IlMEElMjAlMjBib3JkZXItY29sb3IlM0ElMjAlMjNmZmYlMjAlMjFpbXBvcnRhbnQlM0IlMEElMjAlMjBjb2xvciUzQSUyMCUyM2ZmZiUyMCUyMWltcG9ydGFudCUzQiUwQSU3RCUwQSUwQSUyRiUyQW9uJTIwc2Nyb2xsJTJBJTJGJTBBJTBBLmJzY3JvbGwlN0IlMEElMjAlMjBib3R0b20lM0ElMjAwJTIwJTIxaW1wb3J0YW50JTNCJTBBJTIwJTIwYmFja2dyb3VuZC1jb2xvciUzQSUyMHJnYmElMjgyNTUlMkMlMjAyNTIlMkMlMjAyNTAlMkMlMjAwLjglMjklM0IlMEElMjAlMjBiYWNrZHJvcC1maWx0ZXIlM0ElMjBibHVyJTI4MTBweCUyOSUzQiUwQSU3RCUwQSUwQS5ic2Nyb2xsJTIwbGFiZWwlMkMlMjAuYnNjcm9sbCUyMGlucHV0JTNBbm90JTI4JTVCdHlwZSUzRCUyMnN1Ym1pdCUyMiU1RCUyOSU3QiUwQSUyMCUyMGNvbG9yJTNBJTIwdW5zZXQlM0IlMEElN0QlMEElMEEuYnNjcm9sbCUyMC5mb2dsYWxvLWNvbGZpcnN0bGFzdCUyMGJ1dHRvbiU1QnR5cGUlM0QlMjJzdWJtaXQlMjIlNUQlM0Fub3QlMjgudy1idG4lMjklMjAlN0IlMEElMjAlMjBib3JkZXItY29sb3IlM0ElMjB2YXIlMjgtLWNvbG9yLWNvbnRlbnQtdGV4dCUyOSUyMCUyMWltcG9ydGFudCUzQiUwQSUyMCUyMGNvbG9yJTNBJTIwdmFyJTI4LS1jb2xvci1jb250ZW50LXRleHQlMjklMjAlMjFpbXBvcnRhbnQlM0IlMEElN0QlMEElMEEuYnNjcm9sbCUyMC5mb2dsYWxvLWNvbGZpcnN0bGFzdCUyMGJ1dHRvbiU1QnR5cGUlM0QlMjJzdWJtaXQlMjIlNUQlM0Fub3QlMjgudy1idG4lMjklM0Fob3ZlciUyMCU3QiUwQSUyMCUyMGNvbG9yJTNBJTIwJTIzZmZmJTIwJTIxaW1wb3J0YW50JTNCJTBBJTdEJTBBJTBBLmJzY3JvbGwlMjAuZm9nbGFsby1jb2xmaXJzdGxhc3QlMjBoNiU3QiUwQWNvbG9yJTNBJTIwdW5zZXQlM0IlMEElN0QlMEElMEEuYnNjcm9sbCUyMC5mb2dsYWxvLWNvbCU3QiUwQWJvcmRlci1sZWZ0JTNBJTIwMXB4JTIwc29saWQlMjB2YXIlMjgtLWNvbG9yLWNvbnRlbnQtdGV4dCUyOSUzQiUwQSU3RCUwQSUwQS5ic2Nyb2xsJTIwaW5wdXQlM0Fub3QlMjglNUJ0eXBlJTNEJTIyc3VibWl0JTIyJTVEJTI5JTNBZm9jdXMlMjAlN0IlMEElMjAlMjBib3JkZXItY29sb3IlM0ElMjB1bnNldCUyMCUyMWltcG9ydGFudCUzQiUwQSUyMCUyMGNvbG9yJTNBJTIwdW5zZXQlMjAlMjFpbXBvcnRhbnQlM0IlMEElN0QlMEElMEElMjNib3R0b21zY3JvbGwlMjAlN0IlMEElMjAlMjAlMjAlMjB0cmFuc2l0aW9uJTNBJTIwYWxsJTIwMC4zcyUyMGVhc2UlM0IlMEElN0QlMEElMEElM0MlMkZzdHlsZSUzRQ==[\/vc_raw_html][vc_raw_js]JTNDc2NyaXB0JTNFJTJGJTJBJTIwc3RpY2t5JTIwZm9nbGFsbyUyMCUyQSUyRiUwQSUyMCUyMCUyMCUwQSUyMCUyMCUyMCUyMHdpbmRvdy5hZGRFdmVudExpc3RlbmVyJTI4JTI3c2Nyb2xsJTI3JTJDJTIwZnVuY3Rpb24lMjglMjklMjAlN0IlMEElMjAlMjAlMjAlMjAlMjAlMjAlMjAlMjB2YXIlMjBib3R0b21TY3JvbGxSb3clMjAlM0QlMjBkb2N1bWVudC5nZXRFbGVtZW50QnlJZCUyOCUyN2JvdHRvbXNjcm9sbG1vYiUyNyUyOSUzQiUwQSUyMCUyMCUyMCUyMCUyMCUyMCUyMCUyMHZhciUyMHNjcm9sbFRvcCUyMCUzRCUyMHdpbmRvdy5wYWdlWU9mZnNldCUyMCU3QyU3QyUyMGRvY3VtZW50LmRvY3VtZW50RWxlbWVudC5zY3JvbGxUb3AlM0IlMEElMEElMjAlMjAlMjAlMjAlMjAlMjAlMjAlMjBpZiUyMCUyOHNjcm9sbFRvcCUyMCUzRSUyMDAlMjklMjAlN0IlMEElMjAlMjAlMjAlMjAlMjAlMjAlMjAlMjAlMjAlMjAlMjAlMjBib3R0b21TY3JvbGxSb3cuY2xhc3NMaXN0LnJlbW92ZSUyOCUyN2JzY3JvbGwtdG9wLW1vYiUyNyUyOSUzQiUwQSUyMCUyMCUyMCUyMCUyMCUyMCUyMCUyMCUyMCUyMCUyMCUyMGJvdHRvbVNjcm9sbFJvdy5jbGFzc0xpc3QuYWRkJTI4JTI3YnNjcm9sbC1tb2IlMjclMjklM0IlMEElMjAlMjAlMjAlMjAlMjAlMjAlMjAlMjAlN0QlMjBlbHNlJTIwJTdCJTBBJTIwJTIwJTIwJTIwJTIwJTIwJTIwJTIwJTIwJTIwJTIwJTIwYm90dG9tU2Nyb2xsUm93LmNsYXNzTGlzdC5yZW1vdmUlMjglMjdic2Nyb2xsLW1vYiUyNyUyOSUzQiUwQSUyMCUyMCUyMCUyMCUyMCUyMCUyMCUyMCUyMCUyMCUyMCUyMGJvdHRvbVNjcm9sbFJvdy5jbGFzc0xpc3QuYWRkJTI4JTI3YnNjcm9sbC10b3AlMjclMjklM0IlMEElMjAlMjAlMjAlMjAlMjAlMjAlMjAlMjAlN0QlMEElMjAlMjAlMjAlMjAlN0QlMjklM0IlMEElMjAlMjAlMjAlMjAlMEElMkYlMkElMjBzdGlja3klMjBmb2dsYWxvJTIwZW5kJTIwJTJBJTJGJTBBJTNDJTJGc2NyaXB0JTNF[\/vc_raw_js]<div class=\"w-btn-wrapper align_none\"><a class=\"w-btn us-btn-style_26\" target=\"_blank\" href=\"https:\/\/book.avalonresort.hu\/en\/booking\/search\" rel=\"noopener\"><span class=\"w-btn-label\">Rezerv\u00e1cia<\/span><\/a><\/div><\/div><\/div><\/div><\/div><\/section>\n\n","protected":false},"excerpt":{"rendered":"Resort SPA Resort SPA &#8211; wellness pre v\u0161etky chuteV Resort SPA, ktor\u00e9 sa nach\u00e1dza v hlavnej budove Superior rezortu Avalon Resort &amp; SPA*****, n\u00e1jdete \u00fapln\u00fd relax a luxusn\u00e9 z\u00e1\u017eitky. Na\u0161e SPA centrum nie je len miestom na relax\u00e1ciu, ale skuto\u010dn\u00fdm rajom, kde m\u00f4\u017eete na\u010derpa\u0165 nov\u00e9 fyzick\u00e9 aj du\u0161evn\u00e9 sily. Rezortn\u00e9 SPA centrum pon\u00faka mno\u017estvo z\u00e1\u017eitkov:...","protected":false},"author":1,"featured_media":24958,"parent":5510,"menu_order":0,"comment_status":"closed","ping_status":"closed","template":"","meta":{"_acf_changed":false,"footnotes":""},"class_list":["post-5489","page","type-page","status-publish","has-post-thumbnail","hentry"],"acf":[],"publishpress_future_workflow_manual_trigger":{"enabledWorkflows":[]},"_links":{"self":[{"href":"https:\/\/avalonresort.siteapp.hu\/sk\/wp-json\/wp\/v2\/pages\/5489","targetHints":{"allow":["GET"]}}],"collection":[{"href":"https:\/\/avalonresort.siteapp.hu\/sk\/wp-json\/wp\/v2\/pages"}],"about":[{"href":"https:\/\/avalonresort.siteapp.hu\/sk\/wp-json\/wp\/v2\/types\/page"}],"author":[{"embeddable":true,"href":"https:\/\/avalonresort.siteapp.hu\/sk\/wp-json\/wp\/v2\/users\/1"}],"replies":[{"embeddable":true,"href":"https:\/\/avalonresort.siteapp.hu\/sk\/wp-json\/wp\/v2\/comments?post=5489"}],"version-history":[{"count":0,"href":"https:\/\/avalonresort.siteapp.hu\/sk\/wp-json\/wp\/v2\/pages\/5489\/revisions"}],"up":[{"embeddable":true,"href":"https:\/\/avalonresort.siteapp.hu\/sk\/wp-json\/wp\/v2\/pages\/5510"}],"wp:featuredmedia":[{"embeddable":true,"href":"https:\/\/avalonresort.siteapp.hu\/sk\/wp-json\/wp\/v2\/media\/24958"}],"wp:attachment":[{"href":"https:\/\/avalonresort.siteapp.hu\/sk\/wp-json\/wp\/v2\/media?parent=5489"}],"curies":[{"name":"wp","href":"https:\/\/api.w.org\/{rel}","templated":true}]}}