{"id":5438,"date":"2024-03-21T11:30:01","date_gmt":"2024-03-21T09:30:01","guid":{"rendered":"https:\/\/avalonresort.siteapp.hu\/aktivny-oddych\/"},"modified":"2025-10-08T18:29:39","modified_gmt":"2025-10-08T16:29:39","slug":"aktivny-oddych","status":"publish","type":"page","link":"https:\/\/avalonresort.siteapp.hu\/sk\/aktivny-oddych\/","title":{"rendered":"Akt\u00edvny oddych"},"content":{"rendered":"<section class=\"l-section wpb_row us_custom_4bb21624 has_text_color us_animate_this height_custom full_height valign_bottom with_slider\"><div class=\"l-section-slider\"><div class=\"w-slider style_none fit_cover nav_none count_3\"><div class=\"w-slider-h\"><div class=\"royalSlider\"><div class=\"rsContent\"><a class=\"rsImg\" data-rsw=\"2000\" data-rsh=\"1334\" href=\"https:\/\/avalonresort.siteapp.hu\/wp-content\/uploads\/2025\/09\/IMG_1465-scaled.jpeg\"><span data-alt=\"\"><\/span><\/a><\/div><div class=\"rsContent\"><a class=\"rsImg\" data-rsw=\"1200\" data-rsh=\"1500\" href=\"https:\/\/avalonresort.siteapp.hu\/wp-content\/uploads\/2025\/08\/IMG_1546-1-scaled.jpeg\"><span data-alt=\"\"><\/span><\/a><\/div><div class=\"rsContent\"><a class=\"rsImg\" data-rsw=\"1200\" data-rsh=\"1500\" href=\"https:\/\/avalonresort.siteapp.hu\/wp-content\/uploads\/2025\/09\/IMG_1459-scaled.jpeg\"><span data-alt=\"\"><\/span><\/a><\/div><\/div><img decoding=\"async\" src=\"https:\/\/avalonresort.siteapp.hu\/wp-content\/uploads\/2025\/09\/IMG_1465-scaled.jpeg\" width=\"2000\" height=\"1334\" alt loading=\"lazy\"><\/div><div class=\"w-slider-json\" onclick='return {&quot;autoScaleSlider&quot;:true,&quot;addActiveClass&quot;:true,&quot;loop&quot;:true,&quot;fadeInLoadedSlide&quot;:false,&quot;slidesSpacing&quot;:0,&quot;imageScalePadding&quot;:0,&quot;numImagesToPreload&quot;:2,&quot;arrowsNav&quot;:false,&quot;arrowsNavAutoHide&quot;:false,&quot;transitionType&quot;:&quot;fade&quot;,&quot;transitionSpeed&quot;:1000,&quot;block&quot;:{&quot;moveEffect&quot;:&quot;none&quot;,&quot;speed&quot;:300},&quot;thumbs&quot;:{&quot;fitInViewport&quot;:false,&quot;firstMargin&quot;:false,&quot;spacing&quot;:4},&quot;controlNavigation&quot;:&quot;none&quot;,&quot;autoplay&quot;:{&quot;enabled&quot;:true,&quot;pauseOnHover&quot;:false,&quot;delay&quot;:3000},&quot;autoScaleSliderWidth&quot;:2000,&quot;autoScaleSliderHeight&quot;:1334}'><\/div><\/div><\/div><div class=\"l-section-overlay\" style=\"background:linear-gradient(0deg,rgba(0,0,0,0.45),rgba(0,0,0,0.00))\"><\/div><div class=\"l-section-h i-cf\"><div class=\"g-cols vc_row via_grid cols_1 laptops-cols_inherit tablets-cols_inherit mobiles-cols_1 valign_bottom type_default stacking_default\"><div class=\"wpb_column vc_column_container us_custom_0ccc3812\"><div class=\"vc_column-inner\"><h1 class=\"w-post-elm post_title us_custom_47474b22 us_animate_this align_left entry-title\">Akt\u00edvny oddych<\/h1><style data-type=\"us_custom-css\">.line{position:absolute;width:2px;height:0px;background-color:#fff;top:0; animation:line-animation 2.5s ease-in-out 0s infinite normal;display:flex;flex-direction:column;justify-content:center;align-items:center;}@keyframes line-animation{ 0%{transform:scaleY(0);opacity:0;transform-origin:top}50%{transform:scaleY(1);opacity:1}100%{transform:scaleY(0);opacity:0;transform-origin:bottom}}@keyframes arrow-animation{0%{opacity:0}50%{opacity:1}100%{opacity:0}}<\/style><section class=\"l-section wpb_row us_custom_f9d98897 line-container height_auto width_custom\" style=\"--site-content-width:1px;\"><div class=\"l-section-h i-cf\"><div class=\"g-cols vc_row via_grid cols_1 laptops-cols_inherit tablets-cols_inherit mobiles-cols_1 valign_top type_default stacking_default\"><div class=\"wpb_column vc_column_container line\"><div class=\"vc_column-overlay\" style=\"background:var(--color-content-bg)\"><\/div><div class=\"vc_column-inner\"><\/div><\/div><\/div><\/div><\/section>\n<\/div><\/div><\/div><\/div><\/section><section class=\"l-section wpb_row height_custom\"><div class=\"l-section-h i-cf\"><div class=\"g-cols vc_row via_grid cols_1-2 laptops-cols_inherit tablets-cols_inherit mobiles-cols_1 valign_top type_default stacking_default\" style=\"--columns-gap:4rem;\"><div class=\"wpb_column vc_column_container type_sticky\"><div class=\"vc_column-inner\"><h2 class=\"w-text us_custom_47474b22 us_animate_this\"><span class=\"w-text-h\"><span class=\"w-text-value\">Akt\u00edvny oddych v rezorte Avalon<\/span><\/span><\/h2><div class=\"wpb_text_column us_custom_1aa5db1b us_animate_this\"><div class=\"wpb_wrapper\"><p>Avalon Resort &amp; SPA***** Superior je skuto\u010dnou o\u00e1zou pre milovn\u00edkov akt\u00edvnej dovolenky: zameriavame sa na <strong>fyzick\u00fa aj du\u0161evn\u00fa harm\u00f3niu<\/strong>. Pr\u00edjemn\u00e9 prostredie hotela a pr\u00edrodn\u00e9 z\u00e1zraky okolia poskytuj\u00fa dokonal\u00e9 prostredie na \u00fapln\u00e9 omladenie! <strong>Zrelaxujte sa u n\u00e1s<\/strong> a u\u017eite si ka\u017ed\u00fd okamih akt\u00edvneho oddychu!<\/p>\n<\/div><\/div><\/div><\/div><div class=\"wpb_column vc_column_container\"><div class=\"vc_column-inner\"><div class=\"g-cols wpb_row us_custom_18f50130 via_grid cols_2 laptops-cols_inherit tablets-cols_inherit mobiles-cols_1 valign_middle type_default stacking_default\" style=\"--columns-gap:3rem;\"><div class=\"wpb_column vc_column_container\"><div class=\"vc_column-inner\"><div class=\"w-image us_custom_60e9caca us_animate_this has_ratio align_none\"><div class=\"w-image-h\"><div style=\"padding-bottom:133.3333%\"><\/div><img decoding=\"async\" width=\"683\" height=\"1024\" src=\"https:\/\/avalonresort.siteapp.hu\/wp-content\/uploads\/2024\/04\/edzoterem_1-683x1024.jpg\" class=\"attachment-large size-large\" alt=\"\" loading=\"lazy\" \/><\/div><\/div><\/div><\/div><div class=\"wpb_column vc_column_container\"><div class=\"vc_column-inner\"><h4 class=\"w-text us_custom_ba870b58 us_animate_this\"><span class=\"w-text-h\"><span class=\"w-text-value\">Cvi\u010dte po\u010das svojho v\u00fdletu v na\u0161ej posil\u0148ovni!<\/span><\/span><\/h4><div class=\"wpb_text_column us_custom_c265128b us_animate_this\"><div class=\"wpb_wrapper\"><p>V Avalon Resort nemus\u00edte po\u010das svojho pobytu vynecha\u0165 cvi\u010denie! <strong>V posil\u0148ovni na -1. poschod\u00ed hotela<\/strong> si m\u00f4\u017eete vybra\u0165 zo \u0161irokej ponuky \u0161portov\u00fdch aktiv\u00edt. Posil\u0148ov\u0148a je<strong> otvoren\u00e1 24 hod\u00edn denne<\/strong> a pon\u00faka prvotriedne vybavenie a prepracovan\u00fd dizajn pre host\u00ed, ktor\u00ed si chc\u00fa za\u0161portova\u0165.<\/p>\n<\/div><\/div><\/div><\/div><\/div><div class=\"g-cols wpb_row us_custom_18f50130 via_grid cols_2 laptops-cols_inherit tablets-cols_inherit mobiles-cols_1 valign_middle type_default reversed stacking_default\" style=\"--columns-gap:3rem;\"><div class=\"wpb_column vc_column_container\"><div class=\"vc_column-inner\"><h4 class=\"w-text us_custom_47474b22 us_animate_this\"><span class=\"w-text-h\"><span class=\"w-text-value\">Dobre vybaven\u00e1, modern\u00e1 posil\u0148ov\u0148a<\/span><\/span><\/h4><div class=\"wpb_text_column us_custom_da9cffc0 us_animate_this\"><div class=\"wpb_wrapper\"><p>Vychutnajte si kompletn\u00fd z\u00e1\u017eitok z cvi\u010denia vo <strong>fitnescentre s rozlohou 40<\/strong> m\u00b2! V miestnosti m\u00e1te mo\u017enos\u0165 cvi\u010di\u0165 s <strong>vo\u013en\u00fdmi v\u00e1hami<\/strong>, ale svoje telo m\u00f4\u017eete precvi\u010di\u0165 aj na <strong>funk\u010dn\u00fdch strojoch<\/strong> alebo <strong>kardio strojoch Technogym\u2122<\/strong>. \u010ci u\u017e h\u013ead\u00e1te energizuj\u00face cvi\u010denie r\u00e1no alebo osvie\u017euj\u00face cvi\u010denie ve\u010der, m\u00e1me to spr\u00e1vne vybavenie a atmosf\u00e9ru pre dokonal\u00e9 cvi\u010denie!<\/p>\n<\/div><\/div><\/div><\/div><div class=\"wpb_column vc_column_container\"><div class=\"vc_column-inner\"><div class=\"w-image us_custom_60e9caca us_animate_this has_ratio align_none\"><div class=\"w-image-h\"><div style=\"padding-bottom:133.3333%\"><\/div><img decoding=\"async\" width=\"683\" height=\"1024\" src=\"https:\/\/avalonresort.siteapp.hu\/wp-content\/uploads\/2024\/04\/edzoterem_2-683x1024.jpg\" class=\"attachment-large size-large\" alt=\"\" loading=\"lazy\" \/><\/div><\/div><\/div><\/div><\/div><div class=\"g-cols wpb_row us_custom_18f50130 via_grid cols_2 laptops-cols_inherit tablets-cols_inherit mobiles-cols_1 valign_middle type_default stacking_default\" style=\"--columns-gap:3rem;\"><div class=\"wpb_column vc_column_container\"><div class=\"vc_column-inner\"><div class=\"w-image us_custom_60e9caca us_animate_this has_ratio align_none\"><div class=\"w-image-h\"><div style=\"padding-bottom:133.3333%\"><\/div><img decoding=\"async\" width=\"819\" height=\"1024\" src=\"https:\/\/avalonresort.siteapp.hu\/wp-content\/uploads\/2025\/09\/IMG_1516-819x1024.jpeg\" class=\"attachment-large size-large\" alt=\"\" loading=\"lazy\" \/><\/div><\/div><\/div><\/div><div class=\"wpb_column vc_column_container\"><div class=\"vc_column-inner\"><h4 class=\"w-text us_custom_47474b22 us_animate_this\"><span class=\"w-text-h\"><span class=\"w-text-value\">Vyrazte do pr\u00edrody!<\/span><\/span><\/h4><div class=\"wpb_text_column us_custom_da9cffc0 us_animate_this\"><div class=\"wpb_wrapper\"><p>Rezort Avalon je <strong>ide\u00e1lnou z\u00e1klad\u0148ou na objavovanie okolia<\/strong>: milovn\u00edci akt\u00edvnej dovolenky si m\u00f4\u017eu vybra\u0165 zo \u0161irokej ponuky outdoorov\u00fdch aktiv\u00edt. \u010ci u\u017e ste <strong>dobrodru\u017en\u00e1 rodina, skupina priate\u013eov alebo p\u00e1r<\/strong>, jedine\u010dn\u00e9 atrakcie a pr\u00edrodn\u00e9 z\u00e1zraky tejto oblasti pon\u00fakaj\u00fa \u00fa\u017easn\u00e9 dobrodru\u017estv\u00e1 pre ka\u017ed\u00e9ho!<\/p>\n<\/div><\/div><\/div><\/div><\/div><div class=\"g-cols wpb_row us_custom_18f50130 via_grid cols_2 laptops-cols_inherit tablets-cols_inherit mobiles-cols_1 valign_middle type_default reversed stacking_default\" style=\"--columns-gap:3rem;\" id=\"latnivalok\"><div class=\"wpb_column vc_column_container\"><div class=\"vc_column-inner\"><h4 class=\"w-text us_custom_47474b22 us_animate_this\"><span class=\"w-text-h\"><span class=\"w-text-value\">\u010co robi\u0165 v oblasti<\/span><\/span><\/h4><div class=\"wpb_text_column us_custom_da9cffc0 us_animate_this\"><div class=\"wpb_wrapper\"><p>Vydajte sa na t\u00faru do malebn\u00e9ho pohoria B\u00fckk, presk\u00famajte pr\u00edrodn\u00e9 kr\u00e1sy oblasti a u\u017eite si ka\u017ed\u00fa min\u00fatu akt\u00edvneho oddychu v rezorte Avalon! <strong>\u013dahk\u00e9 t\u00fary, dlh\u0161ie turistick\u00e9 trasy, cyklistick\u00e9 v\u00fdlety, dobrodru\u017en\u00fd park a jaskyne<\/strong> &#8211; to v\u0161etko s\u00fa vynikaj\u00face sp\u00f4soby, ako presk\u00fama\u0165 t\u00fato oblas\u0165!<\/p>\n<\/div><\/div><div class=\"w-separator size_medium\"><\/div><div class=\"w-btn-wrapper align_none\"><a class=\"w-btn us-btn-style_21 us_custom_47474b22 us_animate_this\" target=\"_blank\" href=\"https:\/\/avalonresort.siteapp.hu\/wp-content\/uploads\/2025\/03\/miskolc_latnivalok_2025_.pdf\"><span class=\"w-btn-label\">\u010co vidie\u0165<\/span><\/a><\/div><\/div><\/div><div class=\"wpb_column vc_column_container\"><div class=\"vc_column-inner\"><div class=\"w-image us_custom_60e9caca us_animate_this has_ratio align_none\"><div class=\"w-image-h\"><div style=\"padding-bottom:133.3333%\"><\/div><img decoding=\"async\" width=\"819\" height=\"1024\" src=\"https:\/\/avalonresort.siteapp.hu\/wp-content\/uploads\/2025\/09\/IMG_1461-819x1024.jpeg\" class=\"attachment-large size-large\" alt=\"\" loading=\"lazy\" \/><\/div><\/div><\/div><\/div><\/div><div class=\"g-cols wpb_row us_custom_18f50130 via_grid cols_2 laptops-cols_inherit tablets-cols_inherit mobiles-cols_1 valign_middle type_default stacking_default\" style=\"--columns-gap:3rem;\" id=\"e-bike\"><div class=\"wpb_column vc_column_container\"><div class=\"vc_column-inner\"><div class=\"w-image us_custom_60e9caca us_animate_this has_ratio align_none\"><div class=\"w-image-h\"><div style=\"padding-bottom:133.3333%\"><\/div><img decoding=\"async\" width=\"683\" height=\"1024\" src=\"https:\/\/avalonresort.siteapp.hu\/wp-content\/uploads\/2025\/09\/C80A8200-683x1024.jpg\" class=\"attachment-large size-large\" alt=\"\" loading=\"lazy\" \/><\/div><\/div><\/div><\/div><div class=\"wpb_column vc_column_container\"><div class=\"vc_column-inner\"><h4 class=\"w-text us_custom_47474b22 us_animate_this\"><span class=\"w-text-h\"><span class=\"w-text-value\">Presk\u00famajte oblas\u0165 na elektrobicykli!<\/span><\/span><\/h4><div class=\"wpb_text_column us_custom_da9cffc0 us_animate_this\"><div class=\"wpb_wrapper\"><p><strong>Po\u017ei\u010dajte si profesion\u00e1lny elektrobicykel<\/strong> v rezorte Avalon a presk\u00famajte n\u00e1dhern\u00e9 bukov\u00e9 lesy pohodln\u00fdm a ekologick\u00fdm sp\u00f4sobom! Elektrobicykel je jednou z najmodernej\u0161\u00edch foriem cyklistiky. Bicykel vybaven\u00fd asisten\u010dn\u00fdm elektromotorom v\u00e1m umo\u017en\u00ed <strong>\u013eahko a r\u00fdchlo<\/strong> sa pohybova\u0165 kdeko\u013evek v okol\u00ed hotela a z\u00e1rove\u0148 si u\u017e\u00edva\u0165 pr\u00edjemn\u00fd vzduch a bl\u00edzkos\u0165 pr\u00edrody!<\/p>\n<\/div><\/div><div class=\"w-separator size_medium\"><\/div><div class=\"w-tabs us_custom_47474b22 us_animate_this style_default switch_click accordion has_scrolling\" style=\"--sections-title-size:inherit\"><div class=\"w-tabs-sections titles-align_none icon_chevron cpos_right\"><div class=\"w-tabs-section\" id=\"v5e0\"><button class=\"w-tabs-section-header\" aria-controls=\"content-v5e0\" aria-expanded=\"false\"><h5 class=\"w-tabs-section-title\">Po\u017ei\u010dov\u0148a elektrobicyklov<\/h5><div class=\"w-tabs-section-control\"><\/div><\/button><div  class=\"w-tabs-section-content\" id=\"content-v5e0\"><div class=\"w-tabs-section-content-h i-cf\"><div class=\"wpb_text_column us_custom_430f9224 us_animate_this\"><div class=\"wpb_wrapper\"><p>Po\u017ei\u010dov\u0148a e-bikov: \u010dak\u00e1 na v\u00e1s profesion\u00e1lna po\u017ei\u010dov\u0148a bicyklov<\/p>\n<p>Exkluz\u00edvny relax s exkluz\u00edvnym vybaven\u00edm! V na\u0161om hoteli m\u00e1me k dispoz\u00edcii <strong>elektrobicykle Merida ONE-FORTY 400<\/strong>, ktor\u00e9 pon\u00fakaj\u00fa vysok\u00fd v\u00fdkon a skuto\u010dn\u00e9 pohodlie. Ak sa chcete sta\u0165 s\u00fa\u010das\u0165ou jedine\u010dn\u00e9ho a inovat\u00edvneho z\u00e1\u017eitku na e-bikoch, <strong>po\u017eiadajte na na\u0161ej recepcii o podrobnosti rezerv\u00e1cie!<\/strong><\/p>\n<\/div><\/div><div class=\"w-btn-wrapper align_none\"><a class=\"w-btn us-btn-style_21 us_custom_dd39d840 us_animate_this\" target=\"_blank\" href=\"\/wp-content\/uploads\/2024\/03\/e_bike_terkep_A3.pdf\"><span class=\"w-btn-label\">Mapa pre e-bike<\/span><\/a><\/div><\/div><\/div><\/div><\/div><\/div><\/div><\/div><\/div><\/div><\/div><\/div><\/div><\/section><section class=\"l-section wpb_row us_custom_a337d09d hide_on_default hide_on_laptops height_medium\" id=\"bottomscrollmob\"><div class=\"l-section-h i-cf\"><div class=\"g-cols vc_row via_grid cols_1 laptops-cols_inherit tablets-cols_inherit mobiles-cols_1 valign_top type_default stacking_default\"><div class=\"wpb_column vc_column_container\"><div class=\"vc_column-inner\">[vc_raw_html css=&#8220;&#8220; el_id=&#8220;bottomscrollmob&#8220;]JTNDc3R5bGUlM0UlMEElMEElMkYlMkElMjBzdGlja3klMjBmb2dsYWxvJTIwJTJBJTJGJTBBJTBBJTBBJTJGJTJBb24lMjBzY3JvbGwlMkElMkYlMEElMEEuYnNjcm9sbC1tb2IlN0IlMEElMjAlMjBib3R0b20lM0ElMjAwJTIwJTIxaW1wb3J0YW50JTNCJTBBJTIwJTIwYmFja2dyb3VuZC1jb2xvciUzQSUyMHJnYmElMjgyNTUlMkMlMjAyNTIlMkMlMjAyNTAlMkMlMjAwLjglMjklM0IlMEElMjAlMjBiYWNrZHJvcC1maWx0ZXIlM0ElMjBibHVyJTI4MTBweCUyOSUzQiUwQXBhZGRpbmctdG9wJTNBJTIwMC41cmVtJTIwJTIxaW1wb3J0YW50JTNCJTBBcGFkZGluZy1ib3R0b20lM0ElMjAwLjVyZW0lMjAlMjFpbXBvcnRhbnQlM0IlMEElN0QlMEElMEElMjNib3R0b21zY3JvbGxtb2IlMjAlN0IlMEElMjAlMjAlMjAlMjB0cmFuc2l0aW9uJTNBJTIwYWxsJTIwMC4zcyUyMGVhc2UlM0IlMEElN0QlMEElMEElMkYlMkElMjBzdGlja3klMjBmb2dsYWxvJTIwZW5kJTIwJTJBJTJGJTBBJTBBLmJzY3JvbGwtbW9iJTIwLnVzLWJ0bi1zdHlsZV8yNiUyMCU3QiUwQWJhY2tncm91bmQlM0ElMjB2YXIlMjgtLWNvbG9yLWNvbnRlbnQtdGV4dCUyOSUyMCUyMWltcG9ydGFudCUzQiUwQWJvcmRlci1jb2xvciUzQSUyMHZhciUyOC0tY29sb3ItY29udGVudC10ZXh0JTI5JTIwJTIxaW1wb3J0YW50JTNCJTBBJTdEJTBBJTBBLmwtY2FudmFzJTdCJTBBJTIwJTIwJTIwJTIwb3ZlcmZsb3clM0ElMjB2aXNpYmxlJTIwJTIxaW1wb3J0YW50JTNCJTBBJTdEJTBBJTBBJTJGJTJBJTIwc3RpY2t5JTIwZm9nbGFsbyUyMCUyQSUyRiUwQSUwQWxhYmVsJTJDJTIwaW5wdXQlM0Fub3QlMjglNUJ0eXBlJTNEJTIyc3VibWl0JTIyJTVEJTI5JTdCJTBBY29sb3IlM0ElMjAlMjNmZmYlM0IlMEElN0QlMEElMEEuZm9ybS1jb250YWluZXIlN0IlMEElMjAlMjBkaXNwbGF5JTNBJTIwZmxleCUzQiUwQSUyMCUyMGZsZXgtd3JhcCUzQSUyMG5vd3JhcCUzQiUwQSU3RCUwQSUwQS5mb2dsYWxvLWNvbGZpcnN0bGFzdCU3QiUwQSUyMCUyMHdpZHRoJTNBJTIwMTAwJTI1JTNCJTBBJTIwJTIwYWxpZ24taXRlbXMlM0ElMjBjZW50ZXIlM0IlMEElMjAlMjBkaXNwbGF5JTNBJTIwZmxleCUzQiUwQSU3RCUwQSUwQS5mb2dsYWxvLWNvbGZpcnN0bGFzdCUyMGJ1dHRvbiU1QnR5cGUlM0QlMjJzdWJtaXQlMjIlNUQlM0Fub3QlMjgudy1idG4lMjklN0IlMEFib3JkZXItY29sb3IlM0ElMjAlMjNmZmYlM0IlMEFjb2xvciUzQSUyMCUyM2ZmZiUyMCUyMWltcG9ydGFudCUzQiUwQSU3RCUwQSUwQS5mb2dsYWxvLWNvbGZpcnN0bGFzdCUyMGg2JTdCJTBBY29sb3IlM0ElMjAlMjNmZmYlM0IlMEElN0QlMEElMEEuZm9nbGFsby1jb2wlN0IlMEFib3JkZXItbGVmdCUzQSUyMDFweCUyMHNvbGlkJTIwJTIzZmZmJTNCJTBBcGFkZGluZy1sZWZ0JTNBJTIwMjBweCUzQiUwQXBhZGRpbmctdG9wJTNBJTIwMC40cmVtJTNCJTBBd2lkdGglM0ElMjAxMDAlMjUlM0IlMEFkaXNwbGF5JTNBJTIwZmxleCUzQiUwQWFsaWduLWl0ZW1zJTNBJTIwY2VudGVyJTNCJTBBJTdEJTBBJTBBaW5wdXQlM0Fub3QlMjglNUJ0eXBlJTNEJTIyc3VibWl0JTIyJTVEJTI5JTdCJTBBYm9yZGVyJTNBJTIwbm9uZSUzQiUwQXBhZGRpbmclM0ElMjA0cHglMjAxNnB4JTIwOHB4JTIwMHB4JTNCJTBBbWluLWhlaWdodCUzQSUyMDEycHglM0IlMEFsaW5lLWhlaWdodCUzQSUyMDEycHglM0IlMEFmb250LWZhbWlseSUzQSUyMFByb21wdCUyQ3NhbnMtc2VyaWYlM0IlMEFmb250LXNpemUlM0ElMjAxcmVtJTNCJTBBJTdEJTBBJTBBaW5wdXQlM0Fub3QlMjglNUJ0eXBlJTNEJTIyc3VibWl0JTIyJTVEJTI5JTNBZm9jdXMlMjAlN0IlMEElMjAlMjBib3JkZXItY29sb3IlM0ElMjAlMjNmZmYlMjAlMjFpbXBvcnRhbnQlM0IlMEElMjAlMjBjb2xvciUzQSUyMCUyM2ZmZiUyMCUyMWltcG9ydGFudCUzQiUwQSU3RCUwQSUwQSUyRiUyQW9uJTIwc2Nyb2xsJTJBJTJGJTBBJTBBLmJzY3JvbGwlN0IlMEElMjAlMjBib3R0b20lM0ElMjAwJTIwJTIxaW1wb3J0YW50JTNCJTBBJTIwJTIwYmFja2dyb3VuZC1jb2xvciUzQSUyMHJnYmElMjgyNTUlMkMlMjAyNTIlMkMlMjAyNTAlMkMlMjAwLjglMjklM0IlMEElMjAlMjBiYWNrZHJvcC1maWx0ZXIlM0ElMjBibHVyJTI4MTBweCUyOSUzQiUwQSU3RCUwQSUwQS5ic2Nyb2xsJTIwbGFiZWwlMkMlMjAuYnNjcm9sbCUyMGlucHV0JTNBbm90JTI4JTVCdHlwZSUzRCUyMnN1Ym1pdCUyMiU1RCUyOSU3QiUwQSUyMCUyMGNvbG9yJTNBJTIwdW5zZXQlM0IlMEElN0QlMEElMEEuYnNjcm9sbCUyMC5mb2dsYWxvLWNvbGZpcnN0bGFzdCUyMGJ1dHRvbiU1QnR5cGUlM0QlMjJzdWJtaXQlMjIlNUQlM0Fub3QlMjgudy1idG4lMjklMjAlN0IlMEElMjAlMjBib3JkZXItY29sb3IlM0ElMjB2YXIlMjgtLWNvbG9yLWNvbnRlbnQtdGV4dCUyOSUyMCUyMWltcG9ydGFudCUzQiUwQSUyMCUyMGNvbG9yJTNBJTIwdmFyJTI4LS1jb2xvci1jb250ZW50LXRleHQlMjklMjAlMjFpbXBvcnRhbnQlM0IlMEElN0QlMEElMEEuYnNjcm9sbCUyMC5mb2dsYWxvLWNvbGZpcnN0bGFzdCUyMGJ1dHRvbiU1QnR5cGUlM0QlMjJzdWJtaXQlMjIlNUQlM0Fub3QlMjgudy1idG4lMjklM0Fob3ZlciUyMCU3QiUwQSUyMCUyMGNvbG9yJTNBJTIwJTIzZmZmJTIwJTIxaW1wb3J0YW50JTNCJTBBJTdEJTBBJTBBLmJzY3JvbGwlMjAuZm9nbGFsby1jb2xmaXJzdGxhc3QlMjBoNiU3QiUwQWNvbG9yJTNBJTIwdW5zZXQlM0IlMEElN0QlMEElMEEuYnNjcm9sbCUyMC5mb2dsYWxvLWNvbCU3QiUwQWJvcmRlci1sZWZ0JTNBJTIwMXB4JTIwc29saWQlMjB2YXIlMjgtLWNvbG9yLWNvbnRlbnQtdGV4dCUyOSUzQiUwQSU3RCUwQSUwQS5ic2Nyb2xsJTIwaW5wdXQlM0Fub3QlMjglNUJ0eXBlJTNEJTIyc3VibWl0JTIyJTVEJTI5JTNBZm9jdXMlMjAlN0IlMEElMjAlMjBib3JkZXItY29sb3IlM0ElMjB1bnNldCUyMCUyMWltcG9ydGFudCUzQiUwQSUyMCUyMGNvbG9yJTNBJTIwdW5zZXQlMjAlMjFpbXBvcnRhbnQlM0IlMEElN0QlMEElMEElMjNib3R0b21zY3JvbGwlMjAlN0IlMEElMjAlMjAlMjAlMjB0cmFuc2l0aW9uJTNBJTIwYWxsJTIwMC4zcyUyMGVhc2UlM0IlMEElN0QlMEElMEElM0MlMkZzdHlsZSUzRQ==[\/vc_raw_html][vc_raw_js]JTNDc2NyaXB0JTNFJTJGJTJBJTIwc3RpY2t5JTIwZm9nbGFsbyUyMCUyQSUyRiUwQSUyMCUyMCUyMCUwQSUyMCUyMCUyMCUyMHdpbmRvdy5hZGRFdmVudExpc3RlbmVyJTI4JTI3c2Nyb2xsJTI3JTJDJTIwZnVuY3Rpb24lMjglMjklMjAlN0IlMEElMjAlMjAlMjAlMjAlMjAlMjAlMjAlMjB2YXIlMjBib3R0b21TY3JvbGxSb3clMjAlM0QlMjBkb2N1bWVudC5nZXRFbGVtZW50QnlJZCUyOCUyN2JvdHRvbXNjcm9sbG1vYiUyNyUyOSUzQiUwQSUyMCUyMCUyMCUyMCUyMCUyMCUyMCUyMHZhciUyMHNjcm9sbFRvcCUyMCUzRCUyMHdpbmRvdy5wYWdlWU9mZnNldCUyMCU3QyU3QyUyMGRvY3VtZW50LmRvY3VtZW50RWxlbWVudC5zY3JvbGxUb3AlM0IlMEElMEElMjAlMjAlMjAlMjAlMjAlMjAlMjAlMjBpZiUyMCUyOHNjcm9sbFRvcCUyMCUzRSUyMDAlMjklMjAlN0IlMEElMjAlMjAlMjAlMjAlMjAlMjAlMjAlMjAlMjAlMjAlMjAlMjBib3R0b21TY3JvbGxSb3cuY2xhc3NMaXN0LnJlbW92ZSUyOCUyN2JzY3JvbGwtdG9wLW1vYiUyNyUyOSUzQiUwQSUyMCUyMCUyMCUyMCUyMCUyMCUyMCUyMCUyMCUyMCUyMCUyMGJvdHRvbVNjcm9sbFJvdy5jbGFzc0xpc3QuYWRkJTI4JTI3YnNjcm9sbC1tb2IlMjclMjklM0IlMEElMjAlMjAlMjAlMjAlMjAlMjAlMjAlMjAlN0QlMjBlbHNlJTIwJTdCJTBBJTIwJTIwJTIwJTIwJTIwJTIwJTIwJTIwJTIwJTIwJTIwJTIwYm90dG9tU2Nyb2xsUm93LmNsYXNzTGlzdC5yZW1vdmUlMjglMjdic2Nyb2xsLW1vYiUyNyUyOSUzQiUwQSUyMCUyMCUyMCUyMCUyMCUyMCUyMCUyMCUyMCUyMCUyMCUyMGJvdHRvbVNjcm9sbFJvdy5jbGFzc0xpc3QuYWRkJTI4JTI3YnNjcm9sbC10b3AlMjclMjklM0IlMEElMjAlMjAlMjAlMjAlMjAlMjAlMjAlMjAlN0QlMEElMjAlMjAlMjAlMjAlN0QlMjklM0IlMEElMjAlMjAlMjAlMjAlMEElMkYlMkElMjBzdGlja3klMjBmb2dsYWxvJTIwZW5kJTIwJTJBJTJGJTBBJTNDJTJGc2NyaXB0JTNF[\/vc_raw_js]<div class=\"w-btn-wrapper align_none\"><a class=\"w-btn us-btn-style_26\" target=\"_blank\" href=\"https:\/\/book.avalonresort.hu\/en\/booking\/search\" rel=\"noopener\"><span class=\"w-btn-label\">Rezerv\u00e1cia<\/span><\/a><\/div><\/div><\/div><\/div><\/div><\/section>\n\n","protected":false},"excerpt":{"rendered":"Akt\u00edvny oddych Akt\u00edvny oddych v rezorte AvalonAvalon Resort &amp; SPA***** Superior je skuto\u010dnou o\u00e1zou pre milovn\u00edkov akt\u00edvnej dovolenky: zameriavame sa na fyzick\u00fa aj du\u0161evn\u00fa harm\u00f3niu. Pr\u00edjemn\u00e9 prostredie hotela a pr\u00edrodn\u00e9 z\u00e1zraky okolia poskytuj\u00fa dokonal\u00e9 prostredie na \u00fapln\u00e9 omladenie! Zrelaxujte sa u n\u00e1s a u\u017eite si ka\u017ed\u00fd okamih akt\u00edvneho oddychu! Cvi\u010dte po\u010das svojho v\u00fdletu v na\u0161ej...","protected":false},"author":1,"featured_media":24640,"parent":0,"menu_order":0,"comment_status":"closed","ping_status":"closed","template":"","meta":{"_acf_changed":false,"footnotes":""},"class_list":["post-5438","page","type-page","status-publish","has-post-thumbnail","hentry"],"acf":[],"publishpress_future_workflow_manual_trigger":{"enabledWorkflows":[]},"_links":{"self":[{"href":"https:\/\/avalonresort.siteapp.hu\/sk\/wp-json\/wp\/v2\/pages\/5438","targetHints":{"allow":["GET"]}}],"collection":[{"href":"https:\/\/avalonresort.siteapp.hu\/sk\/wp-json\/wp\/v2\/pages"}],"about":[{"href":"https:\/\/avalonresort.siteapp.hu\/sk\/wp-json\/wp\/v2\/types\/page"}],"author":[{"embeddable":true,"href":"https:\/\/avalonresort.siteapp.hu\/sk\/wp-json\/wp\/v2\/users\/1"}],"replies":[{"embeddable":true,"href":"https:\/\/avalonresort.siteapp.hu\/sk\/wp-json\/wp\/v2\/comments?post=5438"}],"version-history":[{"count":0,"href":"https:\/\/avalonresort.siteapp.hu\/sk\/wp-json\/wp\/v2\/pages\/5438\/revisions"}],"wp:featuredmedia":[{"embeddable":true,"href":"https:\/\/avalonresort.siteapp.hu\/sk\/wp-json\/wp\/v2\/media\/24640"}],"wp:attachment":[{"href":"https:\/\/avalonresort.siteapp.hu\/sk\/wp-json\/wp\/v2\/media?parent=5438"}],"curies":[{"name":"wp","href":"https:\/\/api.w.org\/{rel}","templated":true}]}}