{"id":27531,"date":"2025-10-21T16:09:18","date_gmt":"2025-10-21T14:09:18","guid":{"rendered":"https:\/\/avalonresort.siteapp.hu\/black-friday\/"},"modified":"2025-10-22T14:36:58","modified_gmt":"2025-10-22T12:36:58","slug":"black-friday","status":"publish","type":"page","link":"https:\/\/avalonresort.siteapp.hu\/sk\/black-friday\/","title":{"rendered":"Black Friday"},"content":{"rendered":"<section class=\"l-section wpb_row height_custom full_height valign_bottom with_slider\"><div class=\"l-section-slider\"><div class=\"w-slider style_none fit_cover nav_none count_1\"><div class=\"w-slider-h\"><div class=\"royalSlider\"><div class=\"rsContent\"><a class=\"rsImg\" data-rsw=\"1920\" data-rsh=\"1080\" href=\"https:\/\/avalonresort.siteapp.hu\/wp-content\/uploads\/2025\/10\/bf_2025_header_16-9.png\"><span data-alt=\"\"><\/span><\/a><\/div><\/div><img decoding=\"async\" src=\"https:\/\/avalonresort.siteapp.hu\/wp-content\/uploads\/2025\/10\/bf_2025_header_16-9.png\" width=\"1920\" height=\"1080\" alt loading=\"lazy\"><\/div><div class=\"w-slider-json\" onclick='return {&quot;autoScaleSlider&quot;:true,&quot;addActiveClass&quot;:true,&quot;loop&quot;:true,&quot;fadeInLoadedSlide&quot;:false,&quot;slidesSpacing&quot;:0,&quot;imageScalePadding&quot;:0,&quot;numImagesToPreload&quot;:2,&quot;arrowsNav&quot;:false,&quot;arrowsNavAutoHide&quot;:false,&quot;transitionType&quot;:&quot;fade&quot;,&quot;transitionSpeed&quot;:1000,&quot;block&quot;:{&quot;moveEffect&quot;:&quot;none&quot;,&quot;speed&quot;:300},&quot;thumbs&quot;:{&quot;fitInViewport&quot;:false,&quot;firstMargin&quot;:false,&quot;spacing&quot;:4},&quot;controlNavigation&quot;:&quot;none&quot;,&quot;autoplay&quot;:{&quot;enabled&quot;:true,&quot;pauseOnHover&quot;:false,&quot;delay&quot;:3000},&quot;autoScaleSliderWidth&quot;:1920,&quot;autoScaleSliderHeight&quot;:1080}'><\/div><\/div><\/div><div class=\"l-section-overlay\" style=\"background:linear-gradient(0deg,rgba(0,0,0,0.60),rgba(0,0,0,0.20))\"><\/div><div class=\"l-section-h i-cf\"><div class=\"g-cols vc_row via_grid cols_1 laptops-cols_inherit tablets-cols_inherit mobiles-cols_1 valign_bottom type_default stacking_default\"><div class=\"wpb_column vc_column_container\"><div class=\"vc_column-inner\"><h1 class=\"w-post-elm post_title us_custom_307fb2a6 has_text_color us_animate_this align_left entry-title\">Black Friday<\/h1><style data-type=\"us_custom-css\">.line{position:absolute;width:2px;height:0px;background-color:#fff;top:0; animation:line-animation 2.5s ease-in-out 0s infinite normal;display:flex;flex-direction:column;justify-content:center;align-items:center;}@keyframes line-animation{ 0%{transform:scaleY(0);opacity:0;transform-origin:top}50%{transform:scaleY(1);opacity:1}100%{transform:scaleY(0);opacity:0;transform-origin:bottom}}@keyframes arrow-animation{0%{opacity:0}50%{opacity:1}100%{opacity:0}}<\/style><section class=\"l-section wpb_row us_custom_f9d98897 line-container height_auto width_custom\" style=\"--site-content-width:1px;\"><div class=\"l-section-h i-cf\"><div class=\"g-cols vc_row via_grid cols_1 laptops-cols_inherit tablets-cols_inherit mobiles-cols_1 valign_top type_default stacking_default\"><div class=\"wpb_column vc_column_container line\"><div class=\"vc_column-overlay\" style=\"background:var(--color-content-bg)\"><\/div><div class=\"vc_column-inner\"><\/div><\/div><\/div><\/div><\/section>\n<div class=\"w-separator hide_on_default hide_on_laptops size_custom\" style=\"height:4rem\" id=\"ae82\"><style>@media(max-width:1024px){ #ae82{height:6vh!important}}@media(max-width:600px){ #ae82{height:10vh!important}}<\/style><\/div><\/div><\/div><\/div><\/div><\/section><section class=\"l-section wpb_row us_custom_cbc8bded has_text_color height_custom\"><div class=\"l-section-h i-cf\"><div class=\"g-cols vc_row via_grid cols_1 laptops-cols_inherit tablets-cols_inherit mobiles-cols_1 valign_top type_default stacking_default\"><div class=\"wpb_column vc_column_container\"><div class=\"vc_column-inner\"><h2 class=\"w-text\"><span class=\"w-text-h\"><span class=\"w-text-value\">K\u013e\u00fa\u010d k najexkluz\u00edvnej\u0161ej pr\u00edle\u017eitosti roka<\/span><\/span><\/h2><div class=\"w-separator size_small\"><\/div><div class=\"wpb_text_column\"><div class=\"wpb_wrapper\"><div class=\"TypographyPresentation TypographyPresentation--medium RichText3-paragraph--withVSpacingNormal RichText3-paragraph HighlightSol HighlightSol--buildingBlock\">Pos\u00favame hranice tradi\u010dn\u00e9ho wellnessu s mno\u017estvom exkluz\u00edvnych programov, ktor\u00e9 pozdvihn\u00fa v\u00e1\u0161 oddych na nov\u00fa \u00farove\u0148. N\u00e1\u0161 rezort pon\u00faka komplexn\u00fd z\u00e1\u017eitok, ak\u00fd inde nen\u00e1jdete: dve re\u0161taur\u00e1cie s r\u00f4znymi gastronomick\u00fdmi smermi, viacero kateg\u00f3ri\u00ed izieb, s\u00fakromn\u00fa HELL Kart motok\u00e1rov\u00fa dr\u00e1hu a detsk\u00e9 kr\u00e1\u013eovstvo otvoren\u00e9 po\u010das cel\u00e9ho roka.<\/div>\n<div class=\"TypographyPresentation TypographyPresentation--medium RichText3-paragraph--withVSpacingNormal RichText3-paragraph HighlightSol HighlightSol--buildingBlock\"><\/div>\n<div class=\"TypographyPresentation TypographyPresentation--medium RichText3-paragraph--withVSpacingNormal RichText3-paragraph HighlightSol HighlightSol--buildingBlock\">Va\u0161a jedin\u00e1 \u0161anca v tomto roku z\u00edska\u0165 jedine\u010dn\u00e9 <strong>Avalon z\u00e1\u017eitky za najlep\u0161iu cenu!<\/strong><\/div>\n<div class=\"TypographyPresentation TypographyPresentation--medium RichText3-paragraph--withVSpacingNormal RichText3-paragraph HighlightSol HighlightSol--buildingBlock\">Za zatvoren\u00fdmi dverami sa tajomstvo <strong>Black Friday<\/strong> odhal\u00ed sk\u00f4r.<\/div>\n<\/div><\/div><div class=\"w-separator us_custom_4076faf9 has_text_color size_medium with_line width_default thick_1 style_solid color_border align_center\"><div class=\"w-separator-h\"><\/div><\/div><h2 class=\"w-text\"><span class=\"w-text-h\"><span class=\"w-text-value\">Zaregistrujte sa medzi prednostn\u00fdch host\u00ed!<\/span><\/span><\/h2>[vc_raw_html css=&#8220;%7B%22default%22%3A%7B%22text-align%22%3A%22left%22%7D%7D&#8220;]JTNDZGl2JTIwY2xhc3MlM0QlMjJfZm9ybV8xOCUyMiUzRSUzQyUyRmRpdiUzRSUzQ3NjcmlwdCUyMHNyYyUzRCUyMmh0dHBzJTNBJTJGJTJGYXZhbG9ucmVzb3J0LmFjdGl2ZWhvc3RlZC5jb20lMkZmJTJGZW1iZWQucGhwJTNGaWQlM0QxOCUyMiUyMGNoYXJzZXQlM0QlMjJ1dGYtOCUyMiUzRSUzQyUyRnNjcmlwdCUzRQ==[\/vc_raw_html]<div class=\"w-separator size_medium\"><\/div><div class=\"g-cols wpb_row us_custom_eb849559 via_grid cols_4 laptops-cols_inherit tablets-cols_inherit mobiles-cols_1 valign_top type_default stacking_default\" style=\"--columns-gap:3rem;\"><div class=\"wpb_column vc_column_container\"><div class=\"vc_column-inner\"><h4 class=\"w-text\"><span class=\"w-text-h\"><span class=\"w-text-value\">Komplexn\u00fd bal\u00edk z\u00e1\u017eitkov<\/span><\/span><\/h4><div class=\"w-separator size_small\"><\/div><div class=\"w-image us_custom_101df873 us_animate_this has_height align_none\"><div class=\"w-image-h\"><img decoding=\"async\" width=\"819\" height=\"1024\" src=\"https:\/\/avalonresort.siteapp.hu\/wp-content\/uploads\/2025\/10\/csomag-galeria-29-819x1024.png\" class=\"attachment-large size-large\" alt=\"\" loading=\"lazy\" srcset=\"https:\/\/avalonresort.siteapp.hu\/wp-content\/uploads\/2025\/10\/csomag-galeria-29-819x1024.png 819w, https:\/\/avalonresort.siteapp.hu\/wp-content\/uploads\/2025\/10\/csomag-galeria-29-240x300.png 240w, https:\/\/avalonresort.siteapp.hu\/wp-content\/uploads\/2025\/10\/csomag-galeria-29.png 1080w\" sizes=\"auto, (max-width: 819px) 100vw, 819px\" \/><\/div><\/div><div class=\"w-separator size_small\"><\/div><div class=\"wpb_text_column\"><div class=\"wpb_wrapper\"><\/div><\/div><\/div><\/div><div class=\"wpb_column vc_column_container\"><div class=\"vc_column-inner\"><h4 class=\"w-text\"><span class=\"w-text-h\"><span class=\"w-text-value\">Dve re\u0161taur\u00e1cie, dve chute<\/span><\/span><\/h4><div class=\"w-separator size_small\"><\/div><div class=\"w-image us_custom_101df873 us_animate_this has_height align_none\"><div class=\"w-image-h\"><img decoding=\"async\" width=\"819\" height=\"1024\" src=\"https:\/\/avalonresort.siteapp.hu\/wp-content\/uploads\/2025\/10\/csomag-galeria-30-819x1024.png\" class=\"attachment-large size-large\" alt=\"\" loading=\"lazy\" srcset=\"https:\/\/avalonresort.siteapp.hu\/wp-content\/uploads\/2025\/10\/csomag-galeria-30-819x1024.png 819w, https:\/\/avalonresort.siteapp.hu\/wp-content\/uploads\/2025\/10\/csomag-galeria-30-240x300.png 240w, https:\/\/avalonresort.siteapp.hu\/wp-content\/uploads\/2025\/10\/csomag-galeria-30.png 1080w\" sizes=\"auto, (max-width: 819px) 100vw, 819px\" \/><\/div><\/div><div class=\"w-separator size_small\"><\/div><\/div><\/div><div class=\"wpb_column vc_column_container\"><div class=\"vc_column-inner\"><h4 class=\"w-text\"><span class=\"w-text-h\"><span class=\"w-text-value\">Motok\u00e1ry &amp; Detsk\u00e9 kr\u00e1\u013eovstvo<\/span><\/span><\/h4><div class=\"w-separator size_small\"><\/div><div class=\"w-image us_custom_101df873 us_animate_this has_height align_none\"><div class=\"w-image-h\"><img decoding=\"async\" width=\"819\" height=\"1024\" src=\"https:\/\/avalonresort.siteapp.hu\/wp-content\/uploads\/2025\/10\/csomag-galeria-31-819x1024.png\" class=\"attachment-large size-large\" alt=\"\" loading=\"lazy\" srcset=\"https:\/\/avalonresort.siteapp.hu\/wp-content\/uploads\/2025\/10\/csomag-galeria-31-819x1024.png 819w, https:\/\/avalonresort.siteapp.hu\/wp-content\/uploads\/2025\/10\/csomag-galeria-31-240x300.png 240w, https:\/\/avalonresort.siteapp.hu\/wp-content\/uploads\/2025\/10\/csomag-galeria-31.png 1080w\" sizes=\"auto, (max-width: 819px) 100vw, 819px\" \/><\/div><\/div><div class=\"w-separator size_small\"><\/div><\/div><\/div><div class=\"wpb_column vc_column_container\"><div class=\"vc_column-inner\"><h4 class=\"w-text\"><span class=\"w-text-h\"><span class=\"w-text-value\">Viacer\u00e9 kateg\u00f3rie izieb<\/span><\/span><\/h4><div class=\"w-separator size_small\"><\/div><div class=\"w-image us_custom_101df873 us_animate_this has_height align_none\"><div class=\"w-image-h\"><img decoding=\"async\" width=\"819\" height=\"1024\" src=\"https:\/\/avalonresort.siteapp.hu\/wp-content\/uploads\/2025\/10\/csomag-galeria-32-819x1024.png\" class=\"attachment-large size-large\" alt=\"\" loading=\"lazy\" srcset=\"https:\/\/avalonresort.siteapp.hu\/wp-content\/uploads\/2025\/10\/csomag-galeria-32-819x1024.png 819w, https:\/\/avalonresort.siteapp.hu\/wp-content\/uploads\/2025\/10\/csomag-galeria-32-240x300.png 240w, https:\/\/avalonresort.siteapp.hu\/wp-content\/uploads\/2025\/10\/csomag-galeria-32.png 1080w\" sizes=\"auto, (max-width: 819px) 100vw, 819px\" \/><\/div><\/div><div class=\"w-separator size_small\"><\/div><\/div><\/div><\/div><\/div><\/div><\/div><\/div><\/section>\n","protected":false},"excerpt":{"rendered":"Black Friday K\u013e\u00fa\u010d k najexkluz\u00edvnej\u0161ej pr\u00edle\u017eitosti rokaPos\u00favame hranice tradi\u010dn\u00e9ho wellnessu s mno\u017estvom exkluz\u00edvnych programov, ktor\u00e9 pozdvihn\u00fa v\u00e1\u0161 oddych na nov\u00fa \u00farove\u0148. N\u00e1\u0161 rezort pon\u00faka komplexn\u00fd z\u00e1\u017eitok, ak\u00fd inde nen\u00e1jdete: dve re\u0161taur\u00e1cie s r\u00f4znymi gastronomick\u00fdmi smermi, viacero kateg\u00f3ri\u00ed izieb, s\u00fakromn\u00fa HELL Kart motok\u00e1rov\u00fa dr\u00e1hu a detsk\u00e9 kr\u00e1\u013eovstvo otvoren\u00e9 po\u010das cel\u00e9ho roka. Va\u0161a jedin\u00e1 \u0161anca v tomto...","protected":false},"author":4,"featured_media":0,"parent":0,"menu_order":0,"comment_status":"closed","ping_status":"closed","template":"","meta":{"_acf_changed":false,"footnotes":""},"class_list":["post-27531","page","type-page","status-publish","hentry"],"acf":[],"publishpress_future_workflow_manual_trigger":{"enabledWorkflows":[]},"_links":{"self":[{"href":"https:\/\/avalonresort.siteapp.hu\/sk\/wp-json\/wp\/v2\/pages\/27531","targetHints":{"allow":["GET"]}}],"collection":[{"href":"https:\/\/avalonresort.siteapp.hu\/sk\/wp-json\/wp\/v2\/pages"}],"about":[{"href":"https:\/\/avalonresort.siteapp.hu\/sk\/wp-json\/wp\/v2\/types\/page"}],"author":[{"embeddable":true,"href":"https:\/\/avalonresort.siteapp.hu\/sk\/wp-json\/wp\/v2\/users\/4"}],"replies":[{"embeddable":true,"href":"https:\/\/avalonresort.siteapp.hu\/sk\/wp-json\/wp\/v2\/comments?post=27531"}],"version-history":[{"count":0,"href":"https:\/\/avalonresort.siteapp.hu\/sk\/wp-json\/wp\/v2\/pages\/27531\/revisions"}],"wp:attachment":[{"href":"https:\/\/avalonresort.siteapp.hu\/sk\/wp-json\/wp\/v2\/media?parent=27531"}],"curies":[{"name":"wp","href":"https:\/\/api.w.org\/{rel}","templated":true}]}}