{"id":5498,"date":"2024-03-12T16:25:51","date_gmt":"2024-03-12T14:25:51","guid":{"rendered":"https:\/\/avalonresort.siteapp.hu\/masszazsok-es-kezelesek\/"},"modified":"2025-10-13T20:04:16","modified_gmt":"2025-10-13T18:04:16","slug":"masaj-si-tratamente","status":"publish","type":"page","link":"https:\/\/avalonresort.siteapp.hu\/ro\/spa-wellness\/masaj-si-tratamente\/","title":{"rendered":"Masaj \u0219i tratamente"},"content":{"rendered":"<section class=\"l-section wpb_row us_custom_4bb21624 has_text_color us_animate_this height_custom full_height valign_bottom with_slider\"><div class=\"l-section-slider\"><div class=\"w-slider style_none fit_cover nav_none count_1\"><div class=\"w-slider-h\"><div class=\"royalSlider\"><div class=\"rsContent\"><a class=\"rsImg\" data-rsw=\"2560\" data-rsh=\"1706\" href=\"https:\/\/avalonresort.siteapp.hu\/wp-content\/uploads\/2024\/03\/DSC8073.jpg\"><span data-alt=\"\"><\/span><\/a><\/div><\/div><img decoding=\"async\" src=\"https:\/\/avalonresort.siteapp.hu\/wp-content\/uploads\/2024\/03\/DSC8073.jpg\" width=\"2560\" height=\"1706\" alt loading=\"lazy\"><\/div><div class=\"w-slider-json\" onclick='return {&quot;autoScaleSlider&quot;:true,&quot;addActiveClass&quot;:true,&quot;loop&quot;:true,&quot;fadeInLoadedSlide&quot;:false,&quot;slidesSpacing&quot;:0,&quot;imageScalePadding&quot;:0,&quot;numImagesToPreload&quot;:2,&quot;arrowsNav&quot;:false,&quot;arrowsNavAutoHide&quot;:false,&quot;transitionType&quot;:&quot;fade&quot;,&quot;transitionSpeed&quot;:1000,&quot;block&quot;:{&quot;moveEffect&quot;:&quot;none&quot;,&quot;speed&quot;:300},&quot;thumbs&quot;:{&quot;fitInViewport&quot;:false,&quot;firstMargin&quot;:false,&quot;spacing&quot;:4},&quot;controlNavigation&quot;:&quot;none&quot;,&quot;autoplay&quot;:{&quot;enabled&quot;:true,&quot;pauseOnHover&quot;:false,&quot;delay&quot;:3000},&quot;autoScaleSliderWidth&quot;:2560,&quot;autoScaleSliderHeight&quot;:1706}'><\/div><\/div><\/div><div class=\"l-section-overlay\" style=\"background:linear-gradient(0deg,rgba(0,0,0,0.45),rgba(0,0,0,0.00))\"><\/div><div class=\"l-section-h i-cf\"><div class=\"g-cols vc_row via_grid cols_1 laptops-cols_inherit tablets-cols_inherit mobiles-cols_1 valign_bottom type_default stacking_default\"><div class=\"wpb_column vc_column_container us_custom_0ccc3812\"><div class=\"vc_column-inner\"><h1 class=\"w-post-elm post_title us_custom_47474b22 us_animate_this align_left entry-title\">Masaj \u0219i tratamente<\/h1><style data-type=\"us_custom-css\">.line{position:absolute;width:2px;height:0px;background-color:#fff;top:0; animation:line-animation 2.5s ease-in-out 0s infinite normal;display:flex;flex-direction:column;justify-content:center;align-items:center;}@keyframes line-animation{ 0%{transform:scaleY(0);opacity:0;transform-origin:top}50%{transform:scaleY(1);opacity:1}100%{transform:scaleY(0);opacity:0;transform-origin:bottom}}@keyframes arrow-animation{0%{opacity:0}50%{opacity:1}100%{opacity:0}}<\/style><section class=\"l-section wpb_row us_custom_f9d98897 line-container height_auto width_custom\" style=\"--site-content-width:1px;\"><div class=\"l-section-h i-cf\"><div class=\"g-cols vc_row via_grid cols_1 laptops-cols_inherit tablets-cols_inherit mobiles-cols_1 valign_top type_default stacking_default\"><div class=\"wpb_column vc_column_container line\"><div class=\"vc_column-overlay\" style=\"background:var(--color-content-bg)\"><\/div><div class=\"vc_column-inner\"><\/div><\/div><\/div><\/div><\/section>\n<\/div><\/div><\/div><\/div><\/section><section class=\"l-section wpb_row height_custom\"><div class=\"l-section-h i-cf\"><div class=\"g-cols vc_row via_grid cols_1 laptops-cols_inherit tablets-cols_inherit mobiles-cols_1 valign_middle type_default stacking_default\" style=\"--columns-gap:6rem;\"><div class=\"wpb_column vc_column_container\"><div class=\"vc_column-inner\"><div class=\"w-image us_custom_599f2ac2 hide_on_default hide_on_laptops has_ratio align_none\"><div class=\"w-image-h\"><div style=\"padding-bottom:42.8571%\"><\/div><img decoding=\"async\" width=\"1920\" height=\"1281\" src=\"https:\/\/avalonresort.siteapp.hu\/wp-content\/uploads\/2024\/03\/i-bfB2pvG-X3.jpg\" class=\"attachment-full size-full\" alt=\"\" loading=\"lazy\" \/><\/div><\/div><h4 class=\"w-text us_custom_47474b22 us_animate_this\"><span class=\"w-text-h\"><span class=\"w-text-value\">Serviciile unice de wellness de la Avalon Resort &amp; SPA***** Superior Hotel creeaz\u0103 condi\u021bii de armonie total\u0103 pentru trup \u0219i suflet.<\/span><\/span><\/h4><div class=\"w-separator size_small\"><\/div><div class=\"wpb_text_column us_custom_47474b22 us_animate_this\"><div class=\"wpb_wrapper\"><p>Cu masajele noastre speciale \u0219i tratamentele faciale de \u00eentinerire, oaspe\u021bii pot porni \u00eentr-o c\u0103l\u0103torie \u00een care dispare stresul \u0219i oboseala de zi cu zi, fiind \u00eenlocuite de calm, prospe\u021bime \u0219i pace interioar\u0103.<\/p>\n<p>Las\u0103-te purtat de lux \u0219i r\u0103sf\u0103\u021b cu masajele noastre revigorante! <strong>Maseurii no\u0219tri profesioni\u0219ti<\/strong> vor avea grij\u0103 ca tu s\u0103 te po\u021bi bucura pe deplin de fiecare moment de relaxare \u0219i regenerare, cu o <strong>expertiz\u0103 \u0219i o aten\u021bie deosebite. \u00cen timpul masajelor individuale sau de cuplu de 30-90 de minute,<\/strong> po\u021bi avea parte de cele mai \u00eenalte niveluri de relaxare: \u00ee\u021bi oferim o gam\u0103 larg\u0103 de tratamente de eliminare a stresului, energizante, hidratante \u0219i calmante!<\/p>\n<\/div><\/div><div class=\"w-separator size_medium\"><\/div><div class=\"w-image hide_on_tablets hide_on_mobiles has_ratio align_none\"><div class=\"w-image-h\"><div style=\"padding-bottom:42.8571%\"><\/div><img decoding=\"async\" width=\"1920\" height=\"1281\" src=\"https:\/\/avalonresort.siteapp.hu\/wp-content\/uploads\/2024\/03\/i-bfB2pvG-X3.jpg\" class=\"attachment-full size-full\" alt=\"\" loading=\"lazy\" \/><\/div><\/div><\/div><\/div><\/div><\/div><\/section><section class=\"l-section wpb_row us_custom_c70c97eb height_small\"><div class=\"l-section-h i-cf\"><div class=\"g-cols vc_row via_grid cols_2 laptops-cols_inherit tablets-cols_inherit mobiles-cols_1 valign_middle type_default stacking_default\" style=\"--columns-gap:6rem;--laptops-columns-gap:6rem;--tablets-columns-gap:6rem;--mobiles-columns-gap:3rem;\"><div class=\"wpb_column vc_column_container\"><div class=\"vc_column-inner\"><div class=\"w-image us_custom_e25c89be img-float-right us_animate_this has_ratio align_none\"><div class=\"w-image-h\"><div style=\"padding-bottom:133.3333%\"><\/div><img decoding=\"async\" width=\"1280\" height=\"1920\" src=\"https:\/\/avalonresort.siteapp.hu\/wp-content\/uploads\/2024\/03\/DSC04435.jpg\" class=\"attachment-full size-full\" alt=\"\" loading=\"lazy\" \/><\/div><\/div><\/div><\/div><div class=\"wpb_column vc_column_container\"><div class=\"vc_column-inner\"><h3 class=\"w-text us_custom_9543ab61 us_animate_this\"><span class=\"w-text-h\"><span class=\"w-text-value\">Masaje de relaxare \u0219i revigorare<\/span><\/span><\/h3><div class=\"wpb_text_column us_custom_47474b22 us_animate_this\"><div class=\"wpb_wrapper\"><p>Bucur\u0103-te de o experien\u021b\u0103 unic\u0103 de <strong>masaj facial, al picioarelor, al spatelui \u0219i al corpului<\/strong>, oferind o revigorare at\u00e2t fizic\u0103, c\u00e2t \u0219i mental\u0103! Exploreaz\u0103 o lume a masajelor speciale, inclusiv <strong>masaj corporal cu pietre vulcanice, tratamente de tonifiere, rituale turce\u0219ti, \u00eempachet\u0103ri cu n\u0103mol \u0219i masaj cu ciocolat\u0103<\/strong>, deschiz\u00e2nd o nou\u0103 dimensiune a relax\u0103rii totale.<\/p>\n<\/div><\/div><div class=\"w-separator size_medium\"><\/div><div class=\"w-btn-wrapper align_none\"><a class=\"w-btn us-btn-style_21 us_custom_47474b22 us_animate_this\" target=\"_blank\" href=\"\/wp-content\/uploads\/2024\/04\/Avalon-SPA-katalogus-2024.pdf\"><span class=\"w-btn-label\">Mai multe informa\u021bii<\/span><\/a><\/div><\/div><\/div><\/div><\/div><\/section><section class=\"l-section wpb_row height_custom\"><div class=\"l-section-h i-cf\"><div class=\"g-cols vc_row via_grid cols_1 laptops-cols_inherit tablets-cols_inherit mobiles-cols_1 valign_top type_default stacking_default\"><div class=\"wpb_column vc_column_container\"><div class=\"vc_column-inner\"><div class=\"g-cols wpb_row us_custom_33b9ee00 via_grid cols_1 laptops-cols_inherit tablets-cols_inherit mobiles-cols_1 valign_top type_default stacking_default\" style=\"--columns-gap:3rem;\"><div class=\"wpb_column vc_column_container\"><div class=\"vc_column-inner\"><h3 class=\"w-text us_custom_9543ab61 us_animate_this\"><span class=\"w-text-h\"><span class=\"w-text-value\">Tehnologia unic\u0103 SKEYNDOR<\/span><\/span><\/h3><div class=\"wpb_text_column us_custom_47474b22 us_animate_this\"><div class=\"wpb_wrapper\"><p><span data-sheets-root=\"1\" data-sheets-value=\"{&quot;1&quot;:2,&quot;2&quot;:&quot;SKEYNDOR este un sistem cuprinz\u0103tor de \u00eengrijire a tenului, conceput pentru diverse probleme \u0219i nevoi ale pielii. Cu formul\u0103ri \u0219i tehnologii inovatoare, aceste tratamente sunt \u00een fruntea terapiilor anti-\u00eemb\u0103tr\u00e2nire, revitalizante \u0219i antirid! Avalon Resort &amp; SPA***** Superior este primul hotel din Ungaria care dispune de propriul aparat cosmetic profesional MEGAN, oferind oaspe\u021bilor no\u0219tri un mod unic de a experimenta cel mai \u00eenalt nivel de \u00eengrijire a pielii.&quot;}\" data-sheets-userformat=\"{&quot;2&quot;:14593,&quot;3&quot;:{&quot;1&quot;:0,&quot;3&quot;:1},&quot;11&quot;:4,&quot;14&quot;:{&quot;1&quot;:3,&quot;3&quot;:1},&quot;15&quot;:&quot;Roboto&quot;,&quot;16&quot;:11}\" data-sheets-textstyleruns=\"{&quot;1&quot;:0,&quot;2&quot;:{&quot;2&quot;:{&quot;1&quot;:3,&quot;3&quot;:1},&quot;3&quot;:&quot;Roboto&quot;,&quot;4&quot;:11}}\uee10{&quot;1&quot;:17,&quot;2&quot;:{&quot;2&quot;:{&quot;1&quot;:3,&quot;3&quot;:1},&quot;3&quot;:&quot;Roboto&quot;,&quot;4&quot;:11,&quot;5&quot;:1}}\uee10{&quot;1&quot;:58,&quot;2&quot;:{&quot;2&quot;:{&quot;1&quot;:3,&quot;3&quot;:1},&quot;3&quot;:&quot;Roboto&quot;,&quot;4&quot;:11}}\uee10{&quot;1&quot;:176,&quot;2&quot;:{&quot;2&quot;:{&quot;1&quot;:3,&quot;3&quot;:1},&quot;3&quot;:&quot;Roboto&quot;,&quot;4&quot;:11,&quot;5&quot;:1}}\uee10{&quot;1&quot;:240,&quot;2&quot;:{&quot;2&quot;:{&quot;1&quot;:3,&quot;3&quot;:1},&quot;3&quot;:&quot;Roboto&quot;,&quot;4&quot;:11}}\uee10{&quot;1&quot;:322,&quot;2&quot;:{&quot;2&quot;:{&quot;1&quot;:3,&quot;3&quot;:1},&quot;3&quot;:&quot;Roboto&quot;,&quot;4&quot;:11,&quot;5&quot;:1}}\uee10{&quot;1&quot;:364,&quot;2&quot;:{&quot;2&quot;:{&quot;1&quot;:3,&quot;3&quot;:1},&quot;3&quot;:&quot;Roboto&quot;,&quot;4&quot;:11}}\">SKEYNDOR este un <strong>sistem cuprinz\u0103tor de \u00eengrijire a tenului<\/strong>, conceput pentru diverse probleme \u0219i nevoi ale pielii. Cu formul\u0103ri \u0219i tehnologii inovatoare, aceste tratamente sunt<strong> \u00een fruntea terapiilor anti-\u00eemb\u0103tr\u00e2nire, revitalizante \u0219i antirid!<\/strong> Avalon Resort &amp; SPA***** Superior este primul hotel din Ungaria care dispune de <strong>propriul aparat cosmetic profesional MEGAN,<\/strong> oferind oaspe\u021bilor no\u0219tri un mod unic de a experimenta cel mai \u00eenalt nivel de \u00eengrijire a pielii.<\/span><\/p>\n<\/div><\/div><div class=\"w-separator size_custom\" style=\"height:5vmax\"><\/div><\/div><\/div><\/div><div class=\"g-cols wpb_row us_custom_02382df2 via_grid cols_1 laptops-cols_inherit tablets-cols_inherit mobiles-cols_1 valign_top type_default stacking_default\" style=\"--columns-gap:3rem;\"><div class=\"wpb_column vc_column_container\"><div class=\"vc_column-inner\"><\/div><\/div><\/div><\/div><\/div><\/div><\/div><\/section><section class=\"l-section wpb_row us_custom_b03640aa height_custom\"><div class=\"l-section-h i-cf\"><div class=\"g-cols vc_row via_grid cols_1 laptops-cols_inherit tablets-cols_inherit mobiles-cols_1 valign_top type_default stacking_default\"><div class=\"wpb_column vc_column_container\"><div class=\"vc_column-inner\"><h5 class=\"w-text us_custom_47474b22 us_animate_this\"><span class=\"w-text-h\"><span class=\"w-text-value\">Tratamente SKEYNDOR<\/span><\/span><\/h5><div class=\"w-separator size_small\"><\/div><div class=\"w-iconbox us_custom_47474b22 us_animate_this iconpos_left style_default color_primary align_left no_title\"><div class=\"w-iconbox-icon\" style=\"font-size:1.3rem;\"><i class=\"fal fa-check-circle\"><\/i><\/div><div class=\"w-iconbox-meta\"><div class=\"w-iconbox-text\"><p><strong>Tratament de lifting \u0219i tonifiere:<\/strong> redefine\u0219te, tonific\u0103 \u0219i \u201dridic\u0103\u201d fa\u021ba, reduce ridurile mimice \u0219i cre\u0219te produc\u021bia de elastin\u0103.<\/p>\n<\/div><\/div><\/div><div class=\"w-iconbox us_custom_47474b22 us_animate_this iconpos_left style_default color_primary align_left no_title\"><div class=\"w-iconbox-icon\" style=\"font-size:1.3rem;\"><i class=\"fal fa-check-circle\"><\/i><\/div><div class=\"w-iconbox-meta\"><div class=\"w-iconbox-text\"><p><strong>Tratament de umplere a ridurilor:<\/strong> umple ridurile, stimuleaz\u0103 produc\u021bia de acid hialuronic \u0219i cre\u0219te sinteza de colagen.<\/p>\n<\/div><\/div><\/div><div class=\"w-iconbox us_custom_47474b22 us_animate_this iconpos_left style_default color_primary align_left no_title\"><div class=\"w-iconbox-icon\" style=\"font-size:1.3rem;\"><i class=\"fal fa-check-circle\"><\/i><\/div><div class=\"w-iconbox-meta\"><div class=\"w-iconbox-text\"><p><strong>Tratament pentru iluminarea petelor:<\/strong> detoxific\u0103 tenul, minimizeaz\u0103 petele pigmentare \u0219i amelioreaz\u0103 efectul daunelor provocate de soare.<\/p>\n<\/div><\/div><\/div><div class=\"w-iconbox us_custom_47474b22 us_animate_this iconpos_left style_default color_primary align_left no_title\"><div class=\"w-iconbox-icon\" style=\"font-size:1.3rem;\"><i class=\"fal fa-check-circle\"><\/i><\/div><div class=\"w-iconbox-meta\"><div class=\"w-iconbox-text\"><p><strong>Tratament pentru iluminare \u0219i conturul ochilor:<\/strong> energizeaz\u0103 \u0219i r\u0103core\u0219te conturul ochilor, are efecte antioxidante, lumineaz\u0103 pielea \u0219i spore\u0219te str\u0103lucirea.<\/p>\n<\/div><\/div><\/div><div class=\"w-iconbox us_custom_47474b22 us_animate_this iconpos_left style_default color_primary align_left no_title\"><div class=\"w-iconbox-icon\" style=\"font-size:1.3rem;\"><i class=\"fal fa-check-circle\"><\/i><\/div><div class=\"w-iconbox-meta\"><div class=\"w-iconbox-text\"><p><strong>Tratament de str\u00e2ngere a porilor:<\/strong> cur\u0103\u021b\u0103 \u0219i str\u00e2nge porii, neteze\u0219te \u0219i matifiaz\u0103 pielea \u0219i ajut\u0103 la reglarea produc\u021biei de sebum.<\/p>\n<\/div><\/div><\/div><\/div><\/div><\/div><\/div><\/section><section class=\"l-section wpb_row us_custom_a337d09d hide_on_default hide_on_laptops height_medium\" id=\"bottomscrollmob\"><div class=\"l-section-h i-cf\"><div class=\"g-cols vc_row via_grid cols_1 laptops-cols_inherit tablets-cols_inherit mobiles-cols_1 valign_top type_default stacking_default\"><div class=\"wpb_column vc_column_container\"><div class=\"vc_column-inner\">[vc_raw_html css=&#8221;&#8221; el_id=&#8221;bottomscrollmob&#8221;]JTNDc3R5bGUlM0UlMEElMEElMkYlMkElMjBzdGlja3klMjBmb2dsYWxvJTIwJTJBJTJGJTBBJTBBJTBBJTJGJTJBb24lMjBzY3JvbGwlMkElMkYlMEElMEEuYnNjcm9sbC1tb2IlN0IlMEElMjAlMjBib3R0b20lM0ElMjAwJTIwJTIxaW1wb3J0YW50JTNCJTBBJTIwJTIwYmFja2dyb3VuZC1jb2xvciUzQSUyMHJnYmElMjgyNTUlMkMlMjAyNTIlMkMlMjAyNTAlMkMlMjAwLjglMjklM0IlMEElMjAlMjBiYWNrZHJvcC1maWx0ZXIlM0ElMjBibHVyJTI4MTBweCUyOSUzQiUwQXBhZGRpbmctdG9wJTNBJTIwMC41cmVtJTIwJTIxaW1wb3J0YW50JTNCJTBBcGFkZGluZy1ib3R0b20lM0ElMjAwLjVyZW0lMjAlMjFpbXBvcnRhbnQlM0IlMEElN0QlMEElMEElMjNib3R0b21zY3JvbGxtb2IlMjAlN0IlMEElMjAlMjAlMjAlMjB0cmFuc2l0aW9uJTNBJTIwYWxsJTIwMC4zcyUyMGVhc2UlM0IlMEElN0QlMEElMEElMkYlMkElMjBzdGlja3klMjBmb2dsYWxvJTIwZW5kJTIwJTJBJTJGJTBBJTBBLmJzY3JvbGwtbW9iJTIwLnVzLWJ0bi1zdHlsZV8yNiUyMCU3QiUwQWJhY2tncm91bmQlM0ElMjB2YXIlMjgtLWNvbG9yLWNvbnRlbnQtdGV4dCUyOSUyMCUyMWltcG9ydGFudCUzQiUwQWJvcmRlci1jb2xvciUzQSUyMHZhciUyOC0tY29sb3ItY29udGVudC10ZXh0JTI5JTIwJTIxaW1wb3J0YW50JTNCJTBBJTdEJTBBJTBBLmwtY2FudmFzJTdCJTBBJTIwJTIwJTIwJTIwb3ZlcmZsb3clM0ElMjB2aXNpYmxlJTIwJTIxaW1wb3J0YW50JTNCJTBBJTdEJTBBJTBBJTJGJTJBJTIwc3RpY2t5JTIwZm9nbGFsbyUyMCUyQSUyRiUwQSUwQWxhYmVsJTJDJTIwaW5wdXQlM0Fub3QlMjglNUJ0eXBlJTNEJTIyc3VibWl0JTIyJTVEJTI5JTdCJTBBY29sb3IlM0ElMjAlMjNmZmYlM0IlMEElN0QlMEElMEEuZm9ybS1jb250YWluZXIlN0IlMEElMjAlMjBkaXNwbGF5JTNBJTIwZmxleCUzQiUwQSUyMCUyMGZsZXgtd3JhcCUzQSUyMG5vd3JhcCUzQiUwQSU3RCUwQSUwQS5mb2dsYWxvLWNvbGZpcnN0bGFzdCU3QiUwQSUyMCUyMHdpZHRoJTNBJTIwMTAwJTI1JTNCJTBBJTIwJTIwYWxpZ24taXRlbXMlM0ElMjBjZW50ZXIlM0IlMEElMjAlMjBkaXNwbGF5JTNBJTIwZmxleCUzQiUwQSU3RCUwQSUwQS5mb2dsYWxvLWNvbGZpcnN0bGFzdCUyMGJ1dHRvbiU1QnR5cGUlM0QlMjJzdWJtaXQlMjIlNUQlM0Fub3QlMjgudy1idG4lMjklN0IlMEFib3JkZXItY29sb3IlM0ElMjAlMjNmZmYlM0IlMEFjb2xvciUzQSUyMCUyM2ZmZiUyMCUyMWltcG9ydGFudCUzQiUwQSU3RCUwQSUwQS5mb2dsYWxvLWNvbGZpcnN0bGFzdCUyMGg2JTdCJTBBY29sb3IlM0ElMjAlMjNmZmYlM0IlMEElN0QlMEElMEEuZm9nbGFsby1jb2wlN0IlMEFib3JkZXItbGVmdCUzQSUyMDFweCUyMHNvbGlkJTIwJTIzZmZmJTNCJTBBcGFkZGluZy1sZWZ0JTNBJTIwMjBweCUzQiUwQXBhZGRpbmctdG9wJTNBJTIwMC40cmVtJTNCJTBBd2lkdGglM0ElMjAxMDAlMjUlM0IlMEFkaXNwbGF5JTNBJTIwZmxleCUzQiUwQWFsaWduLWl0ZW1zJTNBJTIwY2VudGVyJTNCJTBBJTdEJTBBJTBBaW5wdXQlM0Fub3QlMjglNUJ0eXBlJTNEJTIyc3VibWl0JTIyJTVEJTI5JTdCJTBBYm9yZGVyJTNBJTIwbm9uZSUzQiUwQXBhZGRpbmclM0ElMjA0cHglMjAxNnB4JTIwOHB4JTIwMHB4JTNCJTBBbWluLWhlaWdodCUzQSUyMDEycHglM0IlMEFsaW5lLWhlaWdodCUzQSUyMDEycHglM0IlMEFmb250LWZhbWlseSUzQSUyMFByb21wdCUyQ3NhbnMtc2VyaWYlM0IlMEFmb250LXNpemUlM0ElMjAxcmVtJTNCJTBBJTdEJTBBJTBBaW5wdXQlM0Fub3QlMjglNUJ0eXBlJTNEJTIyc3VibWl0JTIyJTVEJTI5JTNBZm9jdXMlMjAlN0IlMEElMjAlMjBib3JkZXItY29sb3IlM0ElMjAlMjNmZmYlMjAlMjFpbXBvcnRhbnQlM0IlMEElMjAlMjBjb2xvciUzQSUyMCUyM2ZmZiUyMCUyMWltcG9ydGFudCUzQiUwQSU3RCUwQSUwQSUyRiUyQW9uJTIwc2Nyb2xsJTJBJTJGJTBBJTBBLmJzY3JvbGwlN0IlMEElMjAlMjBib3R0b20lM0ElMjAwJTIwJTIxaW1wb3J0YW50JTNCJTBBJTIwJTIwYmFja2dyb3VuZC1jb2xvciUzQSUyMHJnYmElMjgyNTUlMkMlMjAyNTIlMkMlMjAyNTAlMkMlMjAwLjglMjklM0IlMEElMjAlMjBiYWNrZHJvcC1maWx0ZXIlM0ElMjBibHVyJTI4MTBweCUyOSUzQiUwQSU3RCUwQSUwQS5ic2Nyb2xsJTIwbGFiZWwlMkMlMjAuYnNjcm9sbCUyMGlucHV0JTNBbm90JTI4JTVCdHlwZSUzRCUyMnN1Ym1pdCUyMiU1RCUyOSU3QiUwQSUyMCUyMGNvbG9yJTNBJTIwdW5zZXQlM0IlMEElN0QlMEElMEEuYnNjcm9sbCUyMC5mb2dsYWxvLWNvbGZpcnN0bGFzdCUyMGJ1dHRvbiU1QnR5cGUlM0QlMjJzdWJtaXQlMjIlNUQlM0Fub3QlMjgudy1idG4lMjklMjAlN0IlMEElMjAlMjBib3JkZXItY29sb3IlM0ElMjB2YXIlMjgtLWNvbG9yLWNvbnRlbnQtdGV4dCUyOSUyMCUyMWltcG9ydGFudCUzQiUwQSUyMCUyMGNvbG9yJTNBJTIwdmFyJTI4LS1jb2xvci1jb250ZW50LXRleHQlMjklMjAlMjFpbXBvcnRhbnQlM0IlMEElN0QlMEElMEEuYnNjcm9sbCUyMC5mb2dsYWxvLWNvbGZpcnN0bGFzdCUyMGJ1dHRvbiU1QnR5cGUlM0QlMjJzdWJtaXQlMjIlNUQlM0Fub3QlMjgudy1idG4lMjklM0Fob3ZlciUyMCU3QiUwQSUyMCUyMGNvbG9yJTNBJTIwJTIzZmZmJTIwJTIxaW1wb3J0YW50JTNCJTBBJTdEJTBBJTBBLmJzY3JvbGwlMjAuZm9nbGFsby1jb2xmaXJzdGxhc3QlMjBoNiU3QiUwQWNvbG9yJTNBJTIwdW5zZXQlM0IlMEElN0QlMEElMEEuYnNjcm9sbCUyMC5mb2dsYWxvLWNvbCU3QiUwQWJvcmRlci1sZWZ0JTNBJTIwMXB4JTIwc29saWQlMjB2YXIlMjgtLWNvbG9yLWNvbnRlbnQtdGV4dCUyOSUzQiUwQSU3RCUwQSUwQS5ic2Nyb2xsJTIwaW5wdXQlM0Fub3QlMjglNUJ0eXBlJTNEJTIyc3VibWl0JTIyJTVEJTI5JTNBZm9jdXMlMjAlN0IlMEElMjAlMjBib3JkZXItY29sb3IlM0ElMjB1bnNldCUyMCUyMWltcG9ydGFudCUzQiUwQSUyMCUyMGNvbG9yJTNBJTIwdW5zZXQlMjAlMjFpbXBvcnRhbnQlM0IlMEElN0QlMEElMEElMjNib3R0b21zY3JvbGwlMjAlN0IlMEElMjAlMjAlMjAlMjB0cmFuc2l0aW9uJTNBJTIwYWxsJTIwMC4zcyUyMGVhc2UlM0IlMEElN0QlMEElMEElM0MlMkZzdHlsZSUzRQ==[\/vc_raw_html][vc_raw_js]JTNDc2NyaXB0JTNFJTJGJTJBJTIwc3RpY2t5JTIwZm9nbGFsbyUyMCUyQSUyRiUwQSUyMCUyMCUyMCUwQSUyMCUyMCUyMCUyMHdpbmRvdy5hZGRFdmVudExpc3RlbmVyJTI4JTI3c2Nyb2xsJTI3JTJDJTIwZnVuY3Rpb24lMjglMjklMjAlN0IlMEElMjAlMjAlMjAlMjAlMjAlMjAlMjAlMjB2YXIlMjBib3R0b21TY3JvbGxSb3clMjAlM0QlMjBkb2N1bWVudC5nZXRFbGVtZW50QnlJZCUyOCUyN2JvdHRvbXNjcm9sbG1vYiUyNyUyOSUzQiUwQSUyMCUyMCUyMCUyMCUyMCUyMCUyMCUyMHZhciUyMHNjcm9sbFRvcCUyMCUzRCUyMHdpbmRvdy5wYWdlWU9mZnNldCUyMCU3QyU3QyUyMGRvY3VtZW50LmRvY3VtZW50RWxlbWVudC5zY3JvbGxUb3AlM0IlMEElMEElMjAlMjAlMjAlMjAlMjAlMjAlMjAlMjBpZiUyMCUyOHNjcm9sbFRvcCUyMCUzRSUyMDAlMjklMjAlN0IlMEElMjAlMjAlMjAlMjAlMjAlMjAlMjAlMjAlMjAlMjAlMjAlMjBib3R0b21TY3JvbGxSb3cuY2xhc3NMaXN0LnJlbW92ZSUyOCUyN2JzY3JvbGwtdG9wLW1vYiUyNyUyOSUzQiUwQSUyMCUyMCUyMCUyMCUyMCUyMCUyMCUyMCUyMCUyMCUyMCUyMGJvdHRvbVNjcm9sbFJvdy5jbGFzc0xpc3QuYWRkJTI4JTI3YnNjcm9sbC1tb2IlMjclMjklM0IlMEElMjAlMjAlMjAlMjAlMjAlMjAlMjAlMjAlN0QlMjBlbHNlJTIwJTdCJTBBJTIwJTIwJTIwJTIwJTIwJTIwJTIwJTIwJTIwJTIwJTIwJTIwYm90dG9tU2Nyb2xsUm93LmNsYXNzTGlzdC5yZW1vdmUlMjglMjdic2Nyb2xsLW1vYiUyNyUyOSUzQiUwQSUyMCUyMCUyMCUyMCUyMCUyMCUyMCUyMCUyMCUyMCUyMCUyMGJvdHRvbVNjcm9sbFJvdy5jbGFzc0xpc3QuYWRkJTI4JTI3YnNjcm9sbC10b3AlMjclMjklM0IlMEElMjAlMjAlMjAlMjAlMjAlMjAlMjAlMjAlN0QlMEElMjAlMjAlMjAlMjAlN0QlMjklM0IlMEElMjAlMjAlMjAlMjAlMEElMkYlMkElMjBzdGlja3klMjBmb2dsYWxvJTIwZW5kJTIwJTJBJTJGJTBBJTNDJTJGc2NyaXB0JTNF[\/vc_raw_js]<div class=\"w-btn-wrapper align_none\"><a class=\"w-btn us-btn-style_26\" target=\"_blank\" href=\"https:\/\/book.avalonresort.hu\/en\/booking\/search\" rel=\"noopener\"><span class=\"w-btn-label\">Rezervare<\/span><\/a><\/div><\/div><\/div><\/div><\/div><\/section>\n\n","protected":false},"excerpt":{"rendered":"Masaj \u0219i tratamente Serviciile unice de wellness de la Avalon Resort &amp; SPA***** Superior Hotel creeaz\u0103 condi\u021bii de armonie total\u0103 pentru trup \u0219i suflet.Cu masajele noastre speciale \u0219i tratamentele faciale de \u00eentinerire, oaspe\u021bii pot porni \u00eentr-o c\u0103l\u0103torie \u00een care dispare stresul \u0219i oboseala de zi cu zi, fiind \u00eenlocuite de calm, prospe\u021bime \u0219i pace interioar\u0103....","protected":false},"author":1,"featured_media":3449,"parent":5513,"menu_order":0,"comment_status":"closed","ping_status":"closed","template":"","meta":{"_acf_changed":false,"footnotes":""},"class_list":["post-5498","page","type-page","status-publish","has-post-thumbnail","hentry"],"acf":[],"publishpress_future_workflow_manual_trigger":{"enabledWorkflows":[]},"_links":{"self":[{"href":"https:\/\/avalonresort.siteapp.hu\/ro\/wp-json\/wp\/v2\/pages\/5498","targetHints":{"allow":["GET"]}}],"collection":[{"href":"https:\/\/avalonresort.siteapp.hu\/ro\/wp-json\/wp\/v2\/pages"}],"about":[{"href":"https:\/\/avalonresort.siteapp.hu\/ro\/wp-json\/wp\/v2\/types\/page"}],"author":[{"embeddable":true,"href":"https:\/\/avalonresort.siteapp.hu\/ro\/wp-json\/wp\/v2\/users\/1"}],"replies":[{"embeddable":true,"href":"https:\/\/avalonresort.siteapp.hu\/ro\/wp-json\/wp\/v2\/comments?post=5498"}],"version-history":[{"count":0,"href":"https:\/\/avalonresort.siteapp.hu\/ro\/wp-json\/wp\/v2\/pages\/5498\/revisions"}],"up":[{"embeddable":true,"href":"https:\/\/avalonresort.siteapp.hu\/ro\/wp-json\/wp\/v2\/pages\/5513"}],"wp:featuredmedia":[{"embeddable":true,"href":"https:\/\/avalonresort.siteapp.hu\/ro\/wp-json\/wp\/v2\/media\/3449"}],"wp:attachment":[{"href":"https:\/\/avalonresort.siteapp.hu\/ro\/wp-json\/wp\/v2\/media?parent=5498"}],"curies":[{"name":"wp","href":"https:\/\/api.w.org\/{rel}","templated":true}]}}